{"id":82,"date":"2015-12-15T09:45:08","date_gmt":"2015-12-15T09:45:08","guid":{"rendered":"https:\/\/hotela1.lv\/se\/?page_id=82"},"modified":"2018-05-30T21:56:39","modified_gmt":"2018-05-30T18:56:39","slug":"kontakta","status":"publish","type":"page","link":"https:\/\/hotela1.lv\/se\/om-oss\/kontakta","title":{"rendered":"Kontakta"},"content":{"rendered":"<div class=\"row \">\n<div class=\"span12 \"><div class=\"google-map\"><iframe src=\"http:\/\/maps.google.com\/maps\/ms?ie=UTF8&amp;hl=en&amp;msa=0&amp;msid=113903381485161155051.00046d8ad5a1955581303&amp;ll=56.95285,24.132607&amp;spn=0.014042,0.051498&amp;z=14&amp;output=embed\" frameborder=\"0\" width=\"100%\" height=\"300\" marginwidth=\"0\" marginheight=\"0\" scrolling=\"no\"><\/iframe><\/div><\/div>\n<div class=\"span4 \"><h2>Kontakta<\/h2>\n<p>Hotell A1 \u00e4r nytt, modernt hotell i centrum av Riga, \u00f6ppnade 2009\/2010. <\/p>\n<p>Hotellet \u00e4r l\u00e4mpligt f\u00f6r g\u00e4ster, f\u00f6r vilka det \u00e4r viktigt att finnas i centrum av evenemang - Gamla Stan, museer, konsertsalar, stormarknader ligger inom 10 - 15 minuters g\u00e5ngavst\u00e5nd fr\u00e5n hotellet A1.<br \/><\/div>\n<div class=\"span8 \"><address>\n<h2>Hotell A1<\/h2>\n<p><strong>\u0122ertr\u016bdes street 48A,<\/strong><br \/>\nRiga, LV-1011, Lettland<br \/>\nTelefon: +371 <strong>67282942<\/strong><br \/>\nFAX: +371 67455041<br \/>\ne-post: <a href=\"mailto:info@hotela1.lv\">info@hotela1.lv<\/a><br \/>\n<\/address><!-- address (end) --><\/div>\n<\/div><!-- .row (end) -->\n","protected":false},"excerpt":{"rendered":"","protected":false},"author":1,"featured_media":0,"parent":22,"menu_order":1,"comment_status":"closed","ping_status":"closed","template":"page-fullwidth.php","meta":[],"aioseo_notices":[],"_links":{"self":[{"href":"https:\/\/hotela1.lv\/se\/wp-json\/wp\/v2\/pages\/82"}],"collection":[{"href":"https:\/\/hotela1.lv\/se\/wp-json\/wp\/v2\/pages"}],"about":[{"href":"https:\/\/hotela1.lv\/se\/wp-json\/wp\/v2\/types\/page"}],"author":[{"embeddable":true,"href":"https:\/\/hotela1.lv\/se\/wp-json\/wp\/v2\/users\/1"}],"replies":[{"embeddable":true,"href":"https:\/\/hotela1.lv\/se\/wp-json\/wp\/v2\/comments?post=82"}],"version-history":[{"count":1,"href":"https:\/\/hotela1.lv\/se\/wp-json\/wp\/v2\/pages\/82\/revisions"}],"predecessor-version":[{"id":163,"href":"https:\/\/hotela1.lv\/se\/wp-json\/wp\/v2\/pages\/82\/revisions\/163"}],"up":[{"embeddable":true,"href":"https:\/\/hotela1.lv\/se\/wp-json\/wp\/v2\/pages\/22"}],"wp:attachment":[{"href":"https:\/\/hotela1.lv\/se\/wp-json\/wp\/v2\/media?parent=82"}],"curies":[{"name":"wp","href":"https:\/\/api.w.org\/{rel}","templated":true}]}}