{"id":40,"date":"2015-12-11T11:00:54","date_gmt":"2015-12-11T11:00:54","guid":{"rendered":"https:\/\/hotela1.lv\/se\/?page_id=40"},"modified":"2015-12-16T08:56:23","modified_gmt":"2015-12-16T08:56:23","slug":"deluxe-rum","status":"publish","type":"page","link":"https:\/\/hotela1.lv\/se\/rum-priser\/deluxe-rum","title":{"rendered":"Deluxe-rum"},"content":{"rendered":"\n\t\t<style type=\"text\/css\">\n\t\t\t#gallery-1 {\n\t\t\t\tmargin: auto;\n\t\t\t}\n\t\t\t#gallery-1 .gallery-item {\n\t\t\t\tfloat: left;\n\t\t\t\tmargin-top: 10px;\n\t\t\t\ttext-align: center;\n\t\t\t\twidth: 33%;\n\t\t\t}\n\t\t\t#gallery-1 img {\n\t\t\t\tborder: 2px solid #cfcfcf;\n\t\t\t}\n\t\t\t#gallery-1 .gallery-caption {\n\t\t\t\tmargin-left: 0;\n\t\t\t}\n\t\t\t\/* see gallery_shortcode() in wp-includes\/media.php *\/\n\t\t<\/style>\n\t\t<div id='gallery-1' class='gallery galleryid-40 gallery-columns-3 gallery-size-medium'><dl class='gallery-item'>\n\t\t\t<dt class='gallery-icon landscape'>\n\t\t\t\t<a title=\"Deluxe-rum\" href='https:\/\/hotela1.lv\/se\/wp-content\/uploads\/sites\/7\/2015\/12\/Superior_room_01.jpg'><img width=\"300\" height=\"190\" src=\"https:\/\/hotela1.lv\/se\/wp-content\/uploads\/sites\/7\/2015\/12\/Superior_room_01-300x190.jpg\" class=\"attachment-medium size-medium\" alt=\"\" loading=\"lazy\" srcset=\"https:\/\/hotela1.lv\/se\/wp-content\/uploads\/sites\/7\/2015\/12\/Superior_room_01-300x190.jpg 300w, https:\/\/hotela1.lv\/se\/wp-content\/uploads\/sites\/7\/2015\/12\/Superior_room_01.jpg 820w\" sizes=\"(max-width: 300px) 100vw, 300px\" \/><\/a>\n\t\t\t<\/dt><\/dl><dl class='gallery-item'>\n\t\t\t<dt class='gallery-icon landscape'>\n\t\t\t\t<a title=\"Deluxe-rum\" href='https:\/\/hotela1.lv\/se\/wp-content\/uploads\/sites\/7\/2015\/12\/Superior_room_02.jpg'><img width=\"300\" height=\"190\" src=\"https:\/\/hotela1.lv\/se\/wp-content\/uploads\/sites\/7\/2015\/12\/Superior_room_02-300x190.jpg\" class=\"attachment-medium size-medium\" alt=\"\" loading=\"lazy\" srcset=\"https:\/\/hotela1.lv\/se\/wp-content\/uploads\/sites\/7\/2015\/12\/Superior_room_02-300x190.jpg 300w, https:\/\/hotela1.lv\/se\/wp-content\/uploads\/sites\/7\/2015\/12\/Superior_room_02.jpg 820w\" sizes=\"(max-width: 300px) 100vw, 300px\" \/><\/a>\n\t\t\t<\/dt><\/dl><dl class='gallery-item'>\n\t\t\t<dt class='gallery-icon landscape'>\n\t\t\t\t<a title=\"Deluxe-rum\" href='https:\/\/hotela1.lv\/se\/wp-content\/uploads\/sites\/7\/2015\/12\/Superior_room_03.jpg'><img width=\"300\" height=\"190\" src=\"https:\/\/hotela1.lv\/se\/wp-content\/uploads\/sites\/7\/2015\/12\/Superior_room_03-300x190.jpg\" class=\"attachment-medium size-medium\" alt=\"\" loading=\"lazy\" srcset=\"https:\/\/hotela1.lv\/se\/wp-content\/uploads\/sites\/7\/2015\/12\/Superior_room_03-300x190.jpg 300w, https:\/\/hotela1.lv\/se\/wp-content\/uploads\/sites\/7\/2015\/12\/Superior_room_03.jpg 820w\" sizes=\"(max-width: 300px) 100vw, 300px\" \/><\/a>\n\t\t\t<\/dt><\/dl><br style=\"clear: both\" \/><dl class='gallery-item'>\n\t\t\t<dt class='gallery-icon landscape'>\n\t\t\t\t<a title=\"Deluxe-rum\" href='https:\/\/hotela1.lv\/se\/wp-content\/uploads\/sites\/7\/2015\/12\/Superior_room_04.jpg'><img width=\"300\" height=\"190\" src=\"https:\/\/hotela1.lv\/se\/wp-content\/uploads\/sites\/7\/2015\/12\/Superior_room_04-300x190.jpg\" class=\"attachment-medium size-medium\" alt=\"\" loading=\"lazy\" srcset=\"https:\/\/hotela1.lv\/se\/wp-content\/uploads\/sites\/7\/2015\/12\/Superior_room_04-300x190.jpg 300w, https:\/\/hotela1.lv\/se\/wp-content\/uploads\/sites\/7\/2015\/12\/Superior_room_04.jpg 820w\" sizes=\"(max-width: 300px) 100vw, 300px\" \/><\/a>\n\t\t\t<\/dt><\/dl><dl class='gallery-item'>\n\t\t\t<dt class='gallery-icon landscape'>\n\t\t\t\t<a title=\"Deluxe-rum\" href='https:\/\/hotela1.lv\/se\/wp-content\/uploads\/sites\/7\/2015\/12\/Superior_room_05.jpg'><img width=\"300\" height=\"190\" src=\"https:\/\/hotela1.lv\/se\/wp-content\/uploads\/sites\/7\/2015\/12\/Superior_room_05-300x190.jpg\" class=\"attachment-medium size-medium\" alt=\"\" loading=\"lazy\" srcset=\"https:\/\/hotela1.lv\/se\/wp-content\/uploads\/sites\/7\/2015\/12\/Superior_room_05-300x190.jpg 300w, https:\/\/hotela1.lv\/se\/wp-content\/uploads\/sites\/7\/2015\/12\/Superior_room_05.jpg 820w\" sizes=\"(max-width: 300px) 100vw, 300px\" \/><\/a>\n\t\t\t<\/dt><\/dl><dl class='gallery-item'>\n\t\t\t<dt class='gallery-icon landscape'>\n\t\t\t\t<a title=\"Deluxe-rum\" href='https:\/\/hotela1.lv\/se\/wp-content\/uploads\/sites\/7\/2015\/12\/Superior_room_06.jpg'><img width=\"300\" height=\"190\" src=\"https:\/\/hotela1.lv\/se\/wp-content\/uploads\/sites\/7\/2015\/12\/Superior_room_06-300x190.jpg\" class=\"attachment-medium size-medium\" alt=\"\" loading=\"lazy\" srcset=\"https:\/\/hotela1.lv\/se\/wp-content\/uploads\/sites\/7\/2015\/12\/Superior_room_06-300x190.jpg 300w, https:\/\/hotela1.lv\/se\/wp-content\/uploads\/sites\/7\/2015\/12\/Superior_room_06.jpg 820w\" sizes=\"(max-width: 300px) 100vw, 300px\" \/><\/a>\n\t\t\t<\/dt><\/dl><br style=\"clear: both\" \/>\n\t\t<\/div>\n\n<p>&nbsp;<\/p>\n<p><strong>Det finns i varje deluxe-rum:<\/strong><\/p>\n<ul>\n<li>2 dubbels\u00e4ngar eller en dubbels\u00e4ng<\/li>\n<li>4 eller 2 f\u00e5t\u00f6ljer<\/li>\n<li>Bekv\u00e4mt arbetsbord med stol<\/li>\n<li>Garderob<\/li>\n<li>Kylsk\u00e5p<\/li>\n<li>Kabel-TV<\/li>\n<li>Telefon<\/li>\n<li>Magnetiska nycklar<\/li>\n<li>Hylla f\u00f6r bagage<\/li>\n<li>Dusch<\/li>\n<li>H\u00e5rtork<\/li>\n<li>Kabel Internet<\/li>\n<li>Strykj\u00e4rn och strykbr\u00e4da p\u00e5 beg\u00e4ran<\/li>\n<li>L\u00e4skande Rigas champagne<\/li>\n<\/ul>\n","protected":false},"excerpt":{"rendered":"<p>&nbsp; Det finns i varje deluxe-rum: 2 dubbels\u00e4ngar eller en dubbels\u00e4ng 4 eller 2 f\u00e5t\u00f6ljer Bekv\u00e4mt arbetsbord med stol Garderob Kylsk\u00e5p Kabel-TV Telefon Magnetiska nycklar Hylla f\u00f6r bagage Dusch H\u00e5rtork Kabel Internet Strykj\u00e4rn och strykbr\u00e4da p\u00e5 beg\u00e4ran L\u00e4skande Rigas champagne<\/p>\n","protected":false},"author":1,"featured_media":0,"parent":26,"menu_order":4,"comment_status":"closed","ping_status":"closed","template":"","meta":[],"aioseo_notices":[],"_links":{"self":[{"href":"https:\/\/hotela1.lv\/se\/wp-json\/wp\/v2\/pages\/40"}],"collection":[{"href":"https:\/\/hotela1.lv\/se\/wp-json\/wp\/v2\/pages"}],"about":[{"href":"https:\/\/hotela1.lv\/se\/wp-json\/wp\/v2\/types\/page"}],"author":[{"embeddable":true,"href":"https:\/\/hotela1.lv\/se\/wp-json\/wp\/v2\/users\/1"}],"replies":[{"embeddable":true,"href":"https:\/\/hotela1.lv\/se\/wp-json\/wp\/v2\/comments?post=40"}],"version-history":[{"count":0,"href":"https:\/\/hotela1.lv\/se\/wp-json\/wp\/v2\/pages\/40\/revisions"}],"up":[{"embeddable":true,"href":"https:\/\/hotela1.lv\/se\/wp-json\/wp\/v2\/pages\/26"}],"wp:attachment":[{"href":"https:\/\/hotela1.lv\/se\/wp-json\/wp\/v2\/media?parent=40"}],"curies":[{"name":"wp","href":"https:\/\/api.w.org\/{rel}","templated":true}]}}