{"id":36,"date":"2015-12-11T10:15:47","date_gmt":"2015-12-11T10:15:47","guid":{"rendered":"https:\/\/hotela1.lv\/se\/?page_id=36"},"modified":"2015-12-16T08:51:57","modified_gmt":"2015-12-16T08:51:57","slug":"dubbelrum","status":"publish","type":"page","link":"https:\/\/hotela1.lv\/se\/rum-priser\/dubbelrum","title":{"rendered":"Dubbelrum"},"content":{"rendered":"\n\t\t<style type=\"text\/css\">\n\t\t\t#gallery-1 {\n\t\t\t\tmargin: auto;\n\t\t\t}\n\t\t\t#gallery-1 .gallery-item {\n\t\t\t\tfloat: left;\n\t\t\t\tmargin-top: 10px;\n\t\t\t\ttext-align: center;\n\t\t\t\twidth: 33%;\n\t\t\t}\n\t\t\t#gallery-1 img {\n\t\t\t\tborder: 2px solid #cfcfcf;\n\t\t\t}\n\t\t\t#gallery-1 .gallery-caption {\n\t\t\t\tmargin-left: 0;\n\t\t\t}\n\t\t\t\/* see gallery_shortcode() in wp-includes\/media.php *\/\n\t\t<\/style>\n\t\t<div id='gallery-1' class='gallery galleryid-36 gallery-columns-3 gallery-size-medium'><dl class='gallery-item'>\n\t\t\t<dt class='gallery-icon landscape'>\n\t\t\t\t<a title=\"Dubbelrum\" href='https:\/\/hotela1.lv\/se\/wp-content\/uploads\/sites\/7\/2015\/12\/Double_Room_01.jpg'><img width=\"300\" height=\"190\" src=\"https:\/\/hotela1.lv\/se\/wp-content\/uploads\/sites\/7\/2015\/12\/Double_Room_01-300x190.jpg\" class=\"attachment-medium size-medium\" alt=\"\" loading=\"lazy\" srcset=\"https:\/\/hotela1.lv\/se\/wp-content\/uploads\/sites\/7\/2015\/12\/Double_Room_01-300x190.jpg 300w, https:\/\/hotela1.lv\/se\/wp-content\/uploads\/sites\/7\/2015\/12\/Double_Room_01.jpg 820w\" sizes=\"(max-width: 300px) 100vw, 300px\" \/><\/a>\n\t\t\t<\/dt><\/dl><dl class='gallery-item'>\n\t\t\t<dt class='gallery-icon landscape'>\n\t\t\t\t<a title=\"Dubbelrum\" href='https:\/\/hotela1.lv\/se\/wp-content\/uploads\/sites\/7\/2015\/12\/Double_Room_02.jpg'><img width=\"300\" height=\"190\" src=\"https:\/\/hotela1.lv\/se\/wp-content\/uploads\/sites\/7\/2015\/12\/Double_Room_02-300x190.jpg\" class=\"attachment-medium size-medium\" alt=\"\" loading=\"lazy\" srcset=\"https:\/\/hotela1.lv\/se\/wp-content\/uploads\/sites\/7\/2015\/12\/Double_Room_02-300x190.jpg 300w, https:\/\/hotela1.lv\/se\/wp-content\/uploads\/sites\/7\/2015\/12\/Double_Room_02.jpg 820w\" sizes=\"(max-width: 300px) 100vw, 300px\" \/><\/a>\n\t\t\t<\/dt><\/dl><dl class='gallery-item'>\n\t\t\t<dt class='gallery-icon landscape'>\n\t\t\t\t<a title=\"Dubbelrum\" href='https:\/\/hotela1.lv\/se\/wp-content\/uploads\/sites\/7\/2015\/12\/Double_Room_03.jpg'><img width=\"300\" height=\"190\" src=\"https:\/\/hotela1.lv\/se\/wp-content\/uploads\/sites\/7\/2015\/12\/Double_Room_03-300x190.jpg\" class=\"attachment-medium size-medium\" alt=\"\" loading=\"lazy\" srcset=\"https:\/\/hotela1.lv\/se\/wp-content\/uploads\/sites\/7\/2015\/12\/Double_Room_03-300x190.jpg 300w, https:\/\/hotela1.lv\/se\/wp-content\/uploads\/sites\/7\/2015\/12\/Double_Room_03.jpg 820w\" sizes=\"(max-width: 300px) 100vw, 300px\" \/><\/a>\n\t\t\t<\/dt><\/dl><br style=\"clear: both\" \/><dl class='gallery-item'>\n\t\t\t<dt class='gallery-icon landscape'>\n\t\t\t\t<a title=\"Dubbelrum\" href='https:\/\/hotela1.lv\/se\/wp-content\/uploads\/sites\/7\/2015\/12\/Double_Room_04.jpg'><img width=\"300\" height=\"190\" src=\"https:\/\/hotela1.lv\/se\/wp-content\/uploads\/sites\/7\/2015\/12\/Double_Room_04-300x190.jpg\" class=\"attachment-medium size-medium\" alt=\"\" loading=\"lazy\" srcset=\"https:\/\/hotela1.lv\/se\/wp-content\/uploads\/sites\/7\/2015\/12\/Double_Room_04-300x190.jpg 300w, https:\/\/hotela1.lv\/se\/wp-content\/uploads\/sites\/7\/2015\/12\/Double_Room_04.jpg 820w\" sizes=\"(max-width: 300px) 100vw, 300px\" \/><\/a>\n\t\t\t<\/dt><\/dl><dl class='gallery-item'>\n\t\t\t<dt class='gallery-icon landscape'>\n\t\t\t\t<a title=\"Dubbelrum\" href='https:\/\/hotela1.lv\/se\/wp-content\/uploads\/sites\/7\/2015\/12\/Double_Room_05.jpg'><img width=\"300\" height=\"190\" src=\"https:\/\/hotela1.lv\/se\/wp-content\/uploads\/sites\/7\/2015\/12\/Double_Room_05-300x190.jpg\" class=\"attachment-medium size-medium\" alt=\"\" loading=\"lazy\" srcset=\"https:\/\/hotela1.lv\/se\/wp-content\/uploads\/sites\/7\/2015\/12\/Double_Room_05-300x190.jpg 300w, https:\/\/hotela1.lv\/se\/wp-content\/uploads\/sites\/7\/2015\/12\/Double_Room_05.jpg 820w\" sizes=\"(max-width: 300px) 100vw, 300px\" \/><\/a>\n\t\t\t<\/dt><\/dl><dl class='gallery-item'>\n\t\t\t<dt class='gallery-icon landscape'>\n\t\t\t\t<a title=\"Dubbelrum\" href='https:\/\/hotela1.lv\/se\/wp-content\/uploads\/sites\/7\/2015\/12\/Double_Room_06.jpg'><img width=\"300\" height=\"190\" src=\"https:\/\/hotela1.lv\/se\/wp-content\/uploads\/sites\/7\/2015\/12\/Double_Room_06-300x190.jpg\" class=\"attachment-medium size-medium\" alt=\"\" loading=\"lazy\" srcset=\"https:\/\/hotela1.lv\/se\/wp-content\/uploads\/sites\/7\/2015\/12\/Double_Room_06-300x190.jpg 300w, https:\/\/hotela1.lv\/se\/wp-content\/uploads\/sites\/7\/2015\/12\/Double_Room_06.jpg 820w\" sizes=\"(max-width: 300px) 100vw, 300px\" \/><\/a>\n\t\t\t<\/dt><\/dl><br style=\"clear: both\" \/>\n\t\t<\/div>\n\n<p>&nbsp;<\/p>\n<p><strong>Det finns i varje rum:<\/strong><\/p>\n<ul>\n<li>Dubbels\u00e4ng\/2 enskilda s\u00e4ngar<\/li>\n<li>2 f\u00e5t\u00f6ljer<\/li>\n<li>Bekv\u00e4mt arbetsbord med stol<\/li>\n<li>Kabel-TV<\/li>\n<li>Telefon<\/li>\n<li>Magnetiska nycklar<\/li>\n<li>Hylla f\u00f6r bagage<\/li>\n<li>Dusch<\/li>\n<li>H\u00e5rtork<\/li>\n<li>Kabel Internet<\/li>\n<li>Strykj\u00e4rn och strykbr\u00e4da p\u00e5 beg\u00e4ran<\/li>\n<li>Extra s\u00e4ng p\u00e5 beg\u00e4ran<\/li>\n<\/ul>\n","protected":false},"excerpt":{"rendered":"<p>&nbsp; Det finns i varje rum: Dubbels\u00e4ng\/2 enskilda s\u00e4ngar 2 f\u00e5t\u00f6ljer Bekv\u00e4mt arbetsbord med stol Kabel-TV Telefon Magnetiska nycklar Hylla f\u00f6r bagage Dusch H\u00e5rtork Kabel Internet Strykj\u00e4rn och strykbr\u00e4da p\u00e5 beg\u00e4ran Extra s\u00e4ng p\u00e5 beg\u00e4ran<\/p>\n","protected":false},"author":1,"featured_media":0,"parent":26,"menu_order":2,"comment_status":"closed","ping_status":"closed","template":"","meta":[],"aioseo_notices":[],"_links":{"self":[{"href":"https:\/\/hotela1.lv\/se\/wp-json\/wp\/v2\/pages\/36"}],"collection":[{"href":"https:\/\/hotela1.lv\/se\/wp-json\/wp\/v2\/pages"}],"about":[{"href":"https:\/\/hotela1.lv\/se\/wp-json\/wp\/v2\/types\/page"}],"author":[{"embeddable":true,"href":"https:\/\/hotela1.lv\/se\/wp-json\/wp\/v2\/users\/1"}],"replies":[{"embeddable":true,"href":"https:\/\/hotela1.lv\/se\/wp-json\/wp\/v2\/comments?post=36"}],"version-history":[{"count":0,"href":"https:\/\/hotela1.lv\/se\/wp-json\/wp\/v2\/pages\/36\/revisions"}],"up":[{"embeddable":true,"href":"https:\/\/hotela1.lv\/se\/wp-json\/wp\/v2\/pages\/26"}],"wp:attachment":[{"href":"https:\/\/hotela1.lv\/se\/wp-json\/wp\/v2\/media?parent=36"}],"curies":[{"name":"wp","href":"https:\/\/api.w.org\/{rel}","templated":true}]}}