{"id":26,"date":"2015-12-11T10:00:57","date_gmt":"2015-12-11T10:00:57","guid":{"rendered":"https:\/\/hotela1.lv\/se\/?page_id=26"},"modified":"2015-12-16T08:47:22","modified_gmt":"2015-12-16T08:47:22","slug":"rum-priser","status":"publish","type":"page","link":"https:\/\/hotela1.lv\/se\/rum-priser","title":{"rendered":"Rum &#038; Priser"},"content":{"rendered":"<h2><a href=\"\/se\/rum-priser\/enkelrum\">Enkelrum<\/a> <a href=\"\/se\/rum-priser\/dubbelrum\">Dubbelrum<\/a> <a href=\"\/se\/rum-priser\/trebaddsrum\">Treb\u00e4ddsrum<\/a> <a href=\"\/se\/rum-priser\/deluxe-rum\">Deluxe-rum<\/a> <a href=\"\/se\/rum-priser\/familjerum\">Familjerum<\/a><\/h2>\n<p><strong>Det finns i varje rum:<\/strong><\/p>\n<ul>\n<li>S\u00e4ng och s\u00e4ngkl\u00e4der av h\u00f6g kvalitet\u2022 Gratis LAN Internet<\/li>\n<li>Arbetsbord<\/li>\n<li>Kabel-TV<\/li>\n<li>Direkttelefon<\/li>\n<li>H\u00e5rtork<\/li>\n<li>Badrum med dusch<\/li>\n<li>Hylla f\u00f6r bagage<\/li>\n<li>Strykj\u00e4rn och strykbr\u00e4da p\u00e5 beg\u00e4ran<\/li>\n<\/ul>\n<p><strong>Incheckning och utcheckning:<\/strong><\/p>\n<ul>\n<li>Incheckning b\u00f6rjar klockan 14:00<\/li>\n<li>Utcheckning slutar klockan 12:00<\/li>\n<\/ul>\n<p>Frukost och moms (12%) \u00e4r inkluderat i priset. Hotellet erbjuder flexibelt betalningssystem med m\u00f6jlighet att betala i kontanter eller med betalkort - Visa, Visa Electron, Maestro, Master Card.<\/p>\n<p><strong>Rabatter:<\/strong><\/p>\n<p>Vi erbjuder grupprabatter (minst 10 personer)<br \/>\nOm ni best\u00e4ller 10 rum och mer, vi erbjuder rabatter.<br \/>\nAttraktiva priser f\u00f6r l\u00e5ngvarig vistelse p\u00e5 hotellet (minst 20 dagar)<\/p>\n","protected":false},"excerpt":{"rendered":"<p>Enkelrum Dubbelrum Treb\u00e4ddsrum Deluxe-rum Familjerum Det finns i varje rum: S\u00e4ng och s\u00e4ngkl\u00e4der av h\u00f6g kvalitet\u2022 Gratis LAN Internet Arbetsbord Kabel-TV Direkttelefon H\u00e5rtork Badrum med dusch Hylla f\u00f6r bagage Strykj\u00e4rn och strykbr\u00e4da p\u00e5 beg\u00e4ran Incheckning och utcheckning: Incheckning b\u00f6rjar klockan 14:00 Utcheckning slutar klockan 12:00 Frukost och moms (12%) \u00e4r inkluderat i priset. Hotellet erbjuder flexibelt betalningssystem med m\u00f6jlighet att&nbsp;<a href=\"https:\/\/hotela1.lv\/se\/rum-priser\" class=\"read-more\">Continue Reading<\/a><\/p>\n","protected":false},"author":1,"featured_media":0,"parent":0,"menu_order":4,"comment_status":"closed","ping_status":"closed","template":"","meta":[],"aioseo_notices":[],"_links":{"self":[{"href":"https:\/\/hotela1.lv\/se\/wp-json\/wp\/v2\/pages\/26"}],"collection":[{"href":"https:\/\/hotela1.lv\/se\/wp-json\/wp\/v2\/pages"}],"about":[{"href":"https:\/\/hotela1.lv\/se\/wp-json\/wp\/v2\/types\/page"}],"author":[{"embeddable":true,"href":"https:\/\/hotela1.lv\/se\/wp-json\/wp\/v2\/users\/1"}],"replies":[{"embeddable":true,"href":"https:\/\/hotela1.lv\/se\/wp-json\/wp\/v2\/comments?post=26"}],"version-history":[{"count":0,"href":"https:\/\/hotela1.lv\/se\/wp-json\/wp\/v2\/pages\/26\/revisions"}],"wp:attachment":[{"href":"https:\/\/hotela1.lv\/se\/wp-json\/wp\/v2\/media?parent=26"}],"curies":[{"name":"wp","href":"https:\/\/api.w.org\/{rel}","templated":true}]}}