{"id":22,"date":"2015-12-11T09:00:39","date_gmt":"2015-12-11T09:00:39","guid":{"rendered":"https:\/\/hotela1.lv\/se\/?page_id=22"},"modified":"2018-06-01T23:15:02","modified_gmt":"2018-06-01T20:15:02","slug":"om-oss","status":"publish","type":"page","link":"https:\/\/hotela1.lv\/se\/om-oss","title":{"rendered":"Om oss"},"content":{"rendered":"<p><a href=\"https:\/\/hotela1.lv\/se\/wp-content\/uploads\/sites\/7\/2015\/12\/A1_hotel.jpg\"><img loading=\"lazy\" class=\"size-full wp-image-56 alignleft\" src=\"https:\/\/hotela1.lv\/se\/wp-content\/uploads\/sites\/7\/2015\/12\/A1_hotel.jpg\" alt=\"A1_hotel\" width=\"290\" height=\"240\" \/><\/a>Hotell A1 \u00e4r nytt, modernt hotell i centrum av Riga, \u00f6ppnade 2009\/2010. Hotellet \u00e4r l\u00e4mpligt f\u00f6r g\u00e4ster, f\u00f6r vilka det \u00e4r viktigt att finnas i centrum av evenemang - Gamla Stan, museer, konsertsalar, stormarknader ligger inom 10 - 15 minuters g\u00e5ngavst\u00e5nd fr\u00e5n hotellet A1. Hotellet ligger i h\u00f6rnet av A.\u010caka gatan och \u0122ertr\u016bdes gatan, ing\u00e5ng fr\u00e5n \u0122ertr\u016bdes gatan. Hotellet \u00e4r bel\u00e4get i en historisk byggnad p\u00e5 de \u00f6vre 2 v\u00e5ningar. Det finns biljardklubb och bar som ligger p\u00e5 nedre v\u00e5ningarna, var alla hotellets g\u00e4ster \u00e4r v\u00e4lkomna, f\u00f6r att spela pool, snooker, rysk biljard.<\/p>\n<p>V\u00e4nlig och lyh\u00f6rd personal s\u00e4kerst\u00e4ller g\u00e4ster med all n\u00f6dv\u00e4ndig information, stad karta. Hotellets administrat\u00f6rer tillhandah\u00e5ller information om evenemang b\u00e5de i staden och utanf\u00f6r, samt ger r\u00e5d vad man ska g\u00f6ra, n\u00e4r hj\u00e4lp \u00e4r n\u00f6dv\u00e4ndig.<br \/>\nHotellet har 37 moderna och bekv\u00e4ma rum: enkelrum, dubbelrum, treb\u00e4ddsrum, samt ett familjerum.<\/p>\n<p>Varje rum har kabel-TV, kabel internet, telefon. Hotellet A1 erbjuder allt du beh\u00f6ver f\u00f6r rekreation och aff\u00e4rsresor till \u00f6verkomliga pris<\/p>\n<p>Vi \u00e4r \u00f6ppna ocks\u00e5 f\u00f6r g\u00e4ster med husdjur.<br \/>\nV\u00e5rt viktigaste m\u00e5l - l\u00e5t de bli att varje kund k\u00e4nner sig som hemma och mycket v\u00e4ntad.<\/p>\n<p>Kontakta oss:<br \/>\nHotell A1, \u0122ertr\u016bdes street 48A,<br \/>\nRiga, LV-1011, Lettland<br \/>\nTelefon: +371 67282942, fax: +371 67455041, e-post: info@hotela1.lv<\/p>\n","protected":false},"excerpt":{"rendered":"<p>Hotell A1 \u00e4r nytt, modernt hotell i centrum av Riga, \u00f6ppnade 2009\/2010. Hotellet \u00e4r l\u00e4mpligt f\u00f6r g\u00e4ster, f\u00f6r vilka det \u00e4r viktigt att finnas i centrum av evenemang - Gamla Stan, museer, konsertsalar, stormarknader ligger inom 10 - 15 minuters g\u00e5ngavst\u00e5nd fr\u00e5n hotellet A1. Hotellet ligger i h\u00f6rnet av A.\u010caka gatan och \u0122ertr\u016bdes gatan, ing\u00e5ng fr\u00e5n \u0122ertr\u016bdes gatan. Hotellet \u00e4r&nbsp;<a href=\"https:\/\/hotela1.lv\/se\/om-oss\" class=\"read-more\">Continue Reading<\/a><\/p>\n","protected":false},"author":1,"featured_media":0,"parent":0,"menu_order":2,"comment_status":"closed","ping_status":"closed","template":"","meta":[],"aioseo_notices":[],"_links":{"self":[{"href":"https:\/\/hotela1.lv\/se\/wp-json\/wp\/v2\/pages\/22"}],"collection":[{"href":"https:\/\/hotela1.lv\/se\/wp-json\/wp\/v2\/pages"}],"about":[{"href":"https:\/\/hotela1.lv\/se\/wp-json\/wp\/v2\/types\/page"}],"author":[{"embeddable":true,"href":"https:\/\/hotela1.lv\/se\/wp-json\/wp\/v2\/users\/1"}],"replies":[{"embeddable":true,"href":"https:\/\/hotela1.lv\/se\/wp-json\/wp\/v2\/comments?post=22"}],"version-history":[{"count":2,"href":"https:\/\/hotela1.lv\/se\/wp-json\/wp\/v2\/pages\/22\/revisions"}],"predecessor-version":[{"id":164,"href":"https:\/\/hotela1.lv\/se\/wp-json\/wp\/v2\/pages\/22\/revisions\/164"}],"wp:attachment":[{"href":"https:\/\/hotela1.lv\/se\/wp-json\/wp\/v2\/media?parent=22"}],"curies":[{"name":"wp","href":"https:\/\/api.w.org\/{rel}","templated":true}]}}