{"id":59,"date":"2015-12-16T09:00:40","date_gmt":"2015-12-16T09:00:40","guid":{"rendered":"https:\/\/hotela1.lv\/pl\/?page_id=59"},"modified":"2018-05-30T21:57:20","modified_gmt":"2018-05-30T18:57:20","slug":"kontakty","status":"publish","type":"page","link":"https:\/\/hotela1.lv\/pl\/o-nas\/kontakty","title":{"rendered":"Kontakty"},"content":{"rendered":"<div class=\"row \">\n<div class=\"span12 \"><div class=\"google-map\"><iframe src=\"http:\/\/maps.google.com\/maps\/ms?ie=UTF8&amp;hl=en&amp;msa=0&amp;msid=113903381485161155051.00046d8ad5a1955581303&amp;ll=56.95285,24.132607&amp;spn=0.014042,0.051498&amp;z=14&amp;output=embed\" frameborder=\"0\" width=\"100%\" height=\"300\" marginwidth=\"0\" marginheight=\"0\" scrolling=\"no\"><\/iframe><\/div><\/div>\n<div class=\"span4 \"><h2>Kontakty<\/h2>\n<p>Hotel A1 jest nowym nowoczesnym hotelem w centrum Rygi; hotel zosta\u0142 otwarty w 2009\/2010 r. <\/p>\n<p>Hotel jest wygodny dla go\u015bci, kt\u00f3rzy chcieliby przebywa\u0107 w centrum zdarze\u0144 \u2013 w Starym Mie\u015bcie, gdzie s\u0105 po\u0142o\u017cone muzea, sale koncertowe, wielkie sklepy, i do tego wszystkiego mo\u017cna dosta\u0107 si\u0119 w 10-15 min.<br \/><\/div>\n<div class=\"span8 \"><address>\n<h2>Hotel A1<\/h2>\n<p><strong>przy ulicy \u0122ertr\u016bdes 48A,<\/strong><br \/>\nRyga, LV-1011, \u0141otwa<br \/>\nTelefon: +371 <strong>67282942<\/strong><br \/>\nFaks: +371 67455041<br \/>\nE-mail: <a href=\"mailto:info@hotela1.lv\">info@hotela1.lv<\/a><br \/>\n<\/address><!-- address (end) --><\/div>\n<\/div><!-- .row (end) -->\n","protected":false},"excerpt":{"rendered":"","protected":false},"author":1,"featured_media":0,"parent":20,"menu_order":1,"comment_status":"closed","ping_status":"closed","template":"page-fullwidth.php","meta":[],"aioseo_notices":[],"_links":{"self":[{"href":"https:\/\/hotela1.lv\/pl\/wp-json\/wp\/v2\/pages\/59"}],"collection":[{"href":"https:\/\/hotela1.lv\/pl\/wp-json\/wp\/v2\/pages"}],"about":[{"href":"https:\/\/hotela1.lv\/pl\/wp-json\/wp\/v2\/types\/page"}],"author":[{"embeddable":true,"href":"https:\/\/hotela1.lv\/pl\/wp-json\/wp\/v2\/users\/1"}],"replies":[{"embeddable":true,"href":"https:\/\/hotela1.lv\/pl\/wp-json\/wp\/v2\/comments?post=59"}],"version-history":[{"count":1,"href":"https:\/\/hotela1.lv\/pl\/wp-json\/wp\/v2\/pages\/59\/revisions"}],"predecessor-version":[{"id":176,"href":"https:\/\/hotela1.lv\/pl\/wp-json\/wp\/v2\/pages\/59\/revisions\/176"}],"up":[{"embeddable":true,"href":"https:\/\/hotela1.lv\/pl\/wp-json\/wp\/v2\/pages\/20"}],"wp:attachment":[{"href":"https:\/\/hotela1.lv\/pl\/wp-json\/wp\/v2\/media?parent=59"}],"curies":[{"name":"wp","href":"https:\/\/api.w.org\/{rel}","templated":true}]}}