{"id":41,"date":"2015-12-11T11:45:13","date_gmt":"2015-12-11T11:45:13","guid":{"rendered":"https:\/\/hotela1.lv\/pl\/?page_id=41"},"modified":"2015-12-16T09:57:40","modified_gmt":"2015-12-16T09:57:40","slug":"luks","status":"publish","type":"page","link":"https:\/\/hotela1.lv\/pl\/numery-ceny\/luks","title":{"rendered":"Luks"},"content":{"rendered":"\n\t\t<style type=\"text\/css\">\n\t\t\t#gallery-1 {\n\t\t\t\tmargin: auto;\n\t\t\t}\n\t\t\t#gallery-1 .gallery-item {\n\t\t\t\tfloat: left;\n\t\t\t\tmargin-top: 10px;\n\t\t\t\ttext-align: center;\n\t\t\t\twidth: 33%;\n\t\t\t}\n\t\t\t#gallery-1 img {\n\t\t\t\tborder: 2px solid #cfcfcf;\n\t\t\t}\n\t\t\t#gallery-1 .gallery-caption {\n\t\t\t\tmargin-left: 0;\n\t\t\t}\n\t\t\t\/* see gallery_shortcode() in wp-includes\/media.php *\/\n\t\t<\/style>\n\t\t<div id='gallery-1' class='gallery galleryid-41 gallery-columns-3 gallery-size-medium'><dl class='gallery-item'>\n\t\t\t<dt class='gallery-icon landscape'>\n\t\t\t\t<a title=\"Luks\" href='https:\/\/hotela1.lv\/pl\/wp-content\/uploads\/sites\/8\/2015\/12\/Superior_room_01.jpg'><img width=\"300\" height=\"190\" src=\"https:\/\/hotela1.lv\/pl\/wp-content\/uploads\/sites\/8\/2015\/12\/Superior_room_01-300x190.jpg\" class=\"attachment-medium size-medium\" alt=\"\" loading=\"lazy\" srcset=\"https:\/\/hotela1.lv\/pl\/wp-content\/uploads\/sites\/8\/2015\/12\/Superior_room_01-300x190.jpg 300w, https:\/\/hotela1.lv\/pl\/wp-content\/uploads\/sites\/8\/2015\/12\/Superior_room_01.jpg 820w\" sizes=\"(max-width: 300px) 100vw, 300px\" \/><\/a>\n\t\t\t<\/dt><\/dl><dl class='gallery-item'>\n\t\t\t<dt class='gallery-icon landscape'>\n\t\t\t\t<a title=\"Luks\" href='https:\/\/hotela1.lv\/pl\/wp-content\/uploads\/sites\/8\/2015\/12\/Superior_room_02.jpg'><img width=\"300\" height=\"190\" src=\"https:\/\/hotela1.lv\/pl\/wp-content\/uploads\/sites\/8\/2015\/12\/Superior_room_02-300x190.jpg\" class=\"attachment-medium size-medium\" alt=\"\" loading=\"lazy\" srcset=\"https:\/\/hotela1.lv\/pl\/wp-content\/uploads\/sites\/8\/2015\/12\/Superior_room_02-300x190.jpg 300w, https:\/\/hotela1.lv\/pl\/wp-content\/uploads\/sites\/8\/2015\/12\/Superior_room_02.jpg 820w\" sizes=\"(max-width: 300px) 100vw, 300px\" \/><\/a>\n\t\t\t<\/dt><\/dl><dl class='gallery-item'>\n\t\t\t<dt class='gallery-icon landscape'>\n\t\t\t\t<a title=\"Luks\" href='https:\/\/hotela1.lv\/pl\/wp-content\/uploads\/sites\/8\/2015\/12\/Superior_room_03.jpg'><img width=\"300\" height=\"190\" src=\"https:\/\/hotela1.lv\/pl\/wp-content\/uploads\/sites\/8\/2015\/12\/Superior_room_03-300x190.jpg\" class=\"attachment-medium size-medium\" alt=\"\" loading=\"lazy\" srcset=\"https:\/\/hotela1.lv\/pl\/wp-content\/uploads\/sites\/8\/2015\/12\/Superior_room_03-300x190.jpg 300w, https:\/\/hotela1.lv\/pl\/wp-content\/uploads\/sites\/8\/2015\/12\/Superior_room_03.jpg 820w\" sizes=\"(max-width: 300px) 100vw, 300px\" \/><\/a>\n\t\t\t<\/dt><\/dl><br style=\"clear: both\" \/><dl class='gallery-item'>\n\t\t\t<dt class='gallery-icon landscape'>\n\t\t\t\t<a title=\"Luks\" href='https:\/\/hotela1.lv\/pl\/wp-content\/uploads\/sites\/8\/2015\/12\/Superior_room_04.jpg'><img width=\"300\" height=\"190\" src=\"https:\/\/hotela1.lv\/pl\/wp-content\/uploads\/sites\/8\/2015\/12\/Superior_room_04-300x190.jpg\" class=\"attachment-medium size-medium\" alt=\"\" loading=\"lazy\" srcset=\"https:\/\/hotela1.lv\/pl\/wp-content\/uploads\/sites\/8\/2015\/12\/Superior_room_04-300x190.jpg 300w, https:\/\/hotela1.lv\/pl\/wp-content\/uploads\/sites\/8\/2015\/12\/Superior_room_04.jpg 820w\" sizes=\"(max-width: 300px) 100vw, 300px\" \/><\/a>\n\t\t\t<\/dt><\/dl><dl class='gallery-item'>\n\t\t\t<dt class='gallery-icon landscape'>\n\t\t\t\t<a title=\"Luks\" href='https:\/\/hotela1.lv\/pl\/wp-content\/uploads\/sites\/8\/2015\/12\/Superior_room_05.jpg'><img width=\"300\" height=\"190\" src=\"https:\/\/hotela1.lv\/pl\/wp-content\/uploads\/sites\/8\/2015\/12\/Superior_room_05-300x190.jpg\" class=\"attachment-medium size-medium\" alt=\"\" loading=\"lazy\" srcset=\"https:\/\/hotela1.lv\/pl\/wp-content\/uploads\/sites\/8\/2015\/12\/Superior_room_05-300x190.jpg 300w, https:\/\/hotela1.lv\/pl\/wp-content\/uploads\/sites\/8\/2015\/12\/Superior_room_05.jpg 820w\" sizes=\"(max-width: 300px) 100vw, 300px\" \/><\/a>\n\t\t\t<\/dt><\/dl><dl class='gallery-item'>\n\t\t\t<dt class='gallery-icon landscape'>\n\t\t\t\t<a title=\"Luks\" href='https:\/\/hotela1.lv\/pl\/wp-content\/uploads\/sites\/8\/2015\/12\/Superior_room_06.jpg'><img width=\"300\" height=\"190\" src=\"https:\/\/hotela1.lv\/pl\/wp-content\/uploads\/sites\/8\/2015\/12\/Superior_room_06-300x190.jpg\" class=\"attachment-medium size-medium\" alt=\"\" loading=\"lazy\" srcset=\"https:\/\/hotela1.lv\/pl\/wp-content\/uploads\/sites\/8\/2015\/12\/Superior_room_06-300x190.jpg 300w, https:\/\/hotela1.lv\/pl\/wp-content\/uploads\/sites\/8\/2015\/12\/Superior_room_06.jpg 820w\" sizes=\"(max-width: 300px) 100vw, 300px\" \/><\/a>\n\t\t\t<\/dt><\/dl><br style=\"clear: both\" \/>\n\t\t<\/div>\n\n<p>&nbsp;<\/p>\n<p><strong>Ka\u017cdy numer jest wyposa\u017cony w:<\/strong><\/p>\n<ul>\n<li>Dwuosobowe \u0142\u00f3\u017cko\/2 oddzielne \u0142\u00f3\u017cka<\/li>\n<li>4 lub 2 fotele<\/li>\n<li>Wygodny roboczy st\u00f3\u0142 i krzes\u0142o<\/li>\n<li>Szaf\u0119<\/li>\n<li>Lod\u00f3wk\u0119<\/li>\n<li>Telewizj\u0119 kablow\u0105<\/li>\n<li>Telefon<\/li>\n<li>Magnetyczny klucz<\/li>\n<li>P\u00f3\u0142k\u0119 dla baga\u017cu<\/li>\n<li>Prysznic<\/li>\n<li>Suszark\u0119 do w\u0142os\u00f3w<\/li>\n<li>Internet przewodowy<\/li>\n<li>Desk\u0119 do prasowania i \u017celazko \u2013 na zlecenie<\/li>\n<li>Od\u015bwie\u017caj\u0105cy Ryski szampan<\/li>\n<\/ul>\n","protected":false},"excerpt":{"rendered":"<p>&nbsp; Ka\u017cdy numer jest wyposa\u017cony w: Dwuosobowe \u0142\u00f3\u017cko\/2 oddzielne \u0142\u00f3\u017cka 4 lub 2 fotele Wygodny roboczy st\u00f3\u0142 i krzes\u0142o Szaf\u0119 Lod\u00f3wk\u0119 Telewizj\u0119 kablow\u0105 Telefon Magnetyczny klucz P\u00f3\u0142k\u0119 dla baga\u017cu Prysznic Suszark\u0119 do w\u0142os\u00f3w Internet przewodowy Desk\u0119 do prasowania i \u017celazko \u2013 na zlecenie Od\u015bwie\u017caj\u0105cy Ryski szampan<\/p>\n","protected":false},"author":1,"featured_media":0,"parent":22,"menu_order":4,"comment_status":"closed","ping_status":"closed","template":"","meta":[],"aioseo_notices":[],"_links":{"self":[{"href":"https:\/\/hotela1.lv\/pl\/wp-json\/wp\/v2\/pages\/41"}],"collection":[{"href":"https:\/\/hotela1.lv\/pl\/wp-json\/wp\/v2\/pages"}],"about":[{"href":"https:\/\/hotela1.lv\/pl\/wp-json\/wp\/v2\/types\/page"}],"author":[{"embeddable":true,"href":"https:\/\/hotela1.lv\/pl\/wp-json\/wp\/v2\/users\/1"}],"replies":[{"embeddable":true,"href":"https:\/\/hotela1.lv\/pl\/wp-json\/wp\/v2\/comments?post=41"}],"version-history":[{"count":0,"href":"https:\/\/hotela1.lv\/pl\/wp-json\/wp\/v2\/pages\/41\/revisions"}],"up":[{"embeddable":true,"href":"https:\/\/hotela1.lv\/pl\/wp-json\/wp\/v2\/pages\/22"}],"wp:attachment":[{"href":"https:\/\/hotela1.lv\/pl\/wp-json\/wp\/v2\/media?parent=41"}],"curies":[{"name":"wp","href":"https:\/\/api.w.org\/{rel}","templated":true}]}}