{"id":37,"date":"2015-12-11T10:00:48","date_gmt":"2015-12-11T10:00:48","guid":{"rendered":"https:\/\/hotela1.lv\/pl\/?page_id=37"},"modified":"2015-12-16T09:52:51","modified_gmt":"2015-12-16T09:52:51","slug":"dwuosobowy","status":"publish","type":"page","link":"https:\/\/hotela1.lv\/pl\/numery-ceny\/dwuosobowy","title":{"rendered":"Dwuosobowy"},"content":{"rendered":"\n\t\t<style type=\"text\/css\">\n\t\t\t#gallery-1 {\n\t\t\t\tmargin: auto;\n\t\t\t}\n\t\t\t#gallery-1 .gallery-item {\n\t\t\t\tfloat: left;\n\t\t\t\tmargin-top: 10px;\n\t\t\t\ttext-align: center;\n\t\t\t\twidth: 33%;\n\t\t\t}\n\t\t\t#gallery-1 img {\n\t\t\t\tborder: 2px solid #cfcfcf;\n\t\t\t}\n\t\t\t#gallery-1 .gallery-caption {\n\t\t\t\tmargin-left: 0;\n\t\t\t}\n\t\t\t\/* see gallery_shortcode() in wp-includes\/media.php *\/\n\t\t<\/style>\n\t\t<div id='gallery-1' class='gallery galleryid-37 gallery-columns-3 gallery-size-medium'><dl class='gallery-item'>\n\t\t\t<dt class='gallery-icon landscape'>\n\t\t\t\t<a title=\"Dwuosobowy\" href='https:\/\/hotela1.lv\/pl\/wp-content\/uploads\/sites\/8\/2015\/12\/Double_Room_01.jpg'><img width=\"300\" height=\"190\" src=\"https:\/\/hotela1.lv\/pl\/wp-content\/uploads\/sites\/8\/2015\/12\/Double_Room_01-300x190.jpg\" class=\"attachment-medium size-medium\" alt=\"\" loading=\"lazy\" srcset=\"https:\/\/hotela1.lv\/pl\/wp-content\/uploads\/sites\/8\/2015\/12\/Double_Room_01-300x190.jpg 300w, https:\/\/hotela1.lv\/pl\/wp-content\/uploads\/sites\/8\/2015\/12\/Double_Room_01.jpg 820w\" sizes=\"(max-width: 300px) 100vw, 300px\" \/><\/a>\n\t\t\t<\/dt><\/dl><dl class='gallery-item'>\n\t\t\t<dt class='gallery-icon landscape'>\n\t\t\t\t<a title=\"Dwuosobowy\" href='https:\/\/hotela1.lv\/pl\/wp-content\/uploads\/sites\/8\/2015\/12\/Double_Room_02.jpg'><img width=\"300\" height=\"190\" src=\"https:\/\/hotela1.lv\/pl\/wp-content\/uploads\/sites\/8\/2015\/12\/Double_Room_02-300x190.jpg\" class=\"attachment-medium size-medium\" alt=\"\" loading=\"lazy\" srcset=\"https:\/\/hotela1.lv\/pl\/wp-content\/uploads\/sites\/8\/2015\/12\/Double_Room_02-300x190.jpg 300w, https:\/\/hotela1.lv\/pl\/wp-content\/uploads\/sites\/8\/2015\/12\/Double_Room_02.jpg 820w\" sizes=\"(max-width: 300px) 100vw, 300px\" \/><\/a>\n\t\t\t<\/dt><\/dl><dl class='gallery-item'>\n\t\t\t<dt class='gallery-icon landscape'>\n\t\t\t\t<a title=\"Dwuosobowy\" href='https:\/\/hotela1.lv\/pl\/wp-content\/uploads\/sites\/8\/2015\/12\/Double_Room_03.jpg'><img width=\"300\" height=\"190\" src=\"https:\/\/hotela1.lv\/pl\/wp-content\/uploads\/sites\/8\/2015\/12\/Double_Room_03-300x190.jpg\" class=\"attachment-medium size-medium\" alt=\"\" loading=\"lazy\" srcset=\"https:\/\/hotela1.lv\/pl\/wp-content\/uploads\/sites\/8\/2015\/12\/Double_Room_03-300x190.jpg 300w, https:\/\/hotela1.lv\/pl\/wp-content\/uploads\/sites\/8\/2015\/12\/Double_Room_03.jpg 820w\" sizes=\"(max-width: 300px) 100vw, 300px\" \/><\/a>\n\t\t\t<\/dt><\/dl><br style=\"clear: both\" \/><dl class='gallery-item'>\n\t\t\t<dt class='gallery-icon landscape'>\n\t\t\t\t<a title=\"Dwuosobowy\" href='https:\/\/hotela1.lv\/pl\/wp-content\/uploads\/sites\/8\/2015\/12\/Double_Room_04.jpg'><img width=\"300\" height=\"190\" src=\"https:\/\/hotela1.lv\/pl\/wp-content\/uploads\/sites\/8\/2015\/12\/Double_Room_04-300x190.jpg\" class=\"attachment-medium size-medium\" alt=\"\" loading=\"lazy\" srcset=\"https:\/\/hotela1.lv\/pl\/wp-content\/uploads\/sites\/8\/2015\/12\/Double_Room_04-300x190.jpg 300w, https:\/\/hotela1.lv\/pl\/wp-content\/uploads\/sites\/8\/2015\/12\/Double_Room_04.jpg 820w\" sizes=\"(max-width: 300px) 100vw, 300px\" \/><\/a>\n\t\t\t<\/dt><\/dl><dl class='gallery-item'>\n\t\t\t<dt class='gallery-icon landscape'>\n\t\t\t\t<a title=\"Dwuosobowy\" href='https:\/\/hotela1.lv\/pl\/wp-content\/uploads\/sites\/8\/2015\/12\/Double_Room_05.jpg'><img width=\"300\" height=\"190\" src=\"https:\/\/hotela1.lv\/pl\/wp-content\/uploads\/sites\/8\/2015\/12\/Double_Room_05-300x190.jpg\" class=\"attachment-medium size-medium\" alt=\"\" loading=\"lazy\" srcset=\"https:\/\/hotela1.lv\/pl\/wp-content\/uploads\/sites\/8\/2015\/12\/Double_Room_05-300x190.jpg 300w, https:\/\/hotela1.lv\/pl\/wp-content\/uploads\/sites\/8\/2015\/12\/Double_Room_05.jpg 820w\" sizes=\"(max-width: 300px) 100vw, 300px\" \/><\/a>\n\t\t\t<\/dt><\/dl><dl class='gallery-item'>\n\t\t\t<dt class='gallery-icon landscape'>\n\t\t\t\t<a title=\"Dwuosobowy\" href='https:\/\/hotela1.lv\/pl\/wp-content\/uploads\/sites\/8\/2015\/12\/Double_Room_06.jpg'><img width=\"300\" height=\"190\" src=\"https:\/\/hotela1.lv\/pl\/wp-content\/uploads\/sites\/8\/2015\/12\/Double_Room_06-300x190.jpg\" class=\"attachment-medium size-medium\" alt=\"\" loading=\"lazy\" srcset=\"https:\/\/hotela1.lv\/pl\/wp-content\/uploads\/sites\/8\/2015\/12\/Double_Room_06-300x190.jpg 300w, https:\/\/hotela1.lv\/pl\/wp-content\/uploads\/sites\/8\/2015\/12\/Double_Room_06.jpg 820w\" sizes=\"(max-width: 300px) 100vw, 300px\" \/><\/a>\n\t\t\t<\/dt><\/dl><br style=\"clear: both\" \/>\n\t\t<\/div>\n\n<p>&nbsp;<\/p>\n<p><strong>Ka\u017cdy numer jest wyposa\u017cony w:<\/strong><\/p>\n<ul>\n<li>Dwuosobowe \u0142\u00f3\u017cko\/2 oddzielne \u0142\u00f3\u017cka<\/li>\n<li>2 fotele<\/li>\n<li>Wygodny roboczy st\u00f3\u0142 i krzes\u0142o<\/li>\n<li>Telewizj\u0119 kablow\u0105<\/li>\n<li>Telefon<\/li>\n<li>Magnetyczny klucz<\/li>\n<li>P\u00f3\u0142k\u0119 dla baga\u017cu<\/li>\n<li>Prysznic<\/li>\n<li>Suszark\u0119 do w\u0142os\u00f3w<\/li>\n<li>Internet przewodowy<\/li>\n<li>Desk\u0119 do prasowania i \u017celazko \u2013 na zlecenie<\/li>\n<li>Dodatkowe \u0142\u00f3\u017cko na zlecenie<\/li>\n<\/ul>\n","protected":false},"excerpt":{"rendered":"<p>&nbsp; Ka\u017cdy numer jest wyposa\u017cony w: Dwuosobowe \u0142\u00f3\u017cko\/2 oddzielne \u0142\u00f3\u017cka 2 fotele Wygodny roboczy st\u00f3\u0142 i krzes\u0142o Telewizj\u0119 kablow\u0105 Telefon Magnetyczny klucz P\u00f3\u0142k\u0119 dla baga\u017cu Prysznic Suszark\u0119 do w\u0142os\u00f3w Internet przewodowy Desk\u0119 do prasowania i \u017celazko \u2013 na zlecenie Dodatkowe \u0142\u00f3\u017cko na zlecenie<\/p>\n","protected":false},"author":1,"featured_media":0,"parent":22,"menu_order":2,"comment_status":"closed","ping_status":"closed","template":"","meta":[],"aioseo_notices":[],"_links":{"self":[{"href":"https:\/\/hotela1.lv\/pl\/wp-json\/wp\/v2\/pages\/37"}],"collection":[{"href":"https:\/\/hotela1.lv\/pl\/wp-json\/wp\/v2\/pages"}],"about":[{"href":"https:\/\/hotela1.lv\/pl\/wp-json\/wp\/v2\/types\/page"}],"author":[{"embeddable":true,"href":"https:\/\/hotela1.lv\/pl\/wp-json\/wp\/v2\/users\/1"}],"replies":[{"embeddable":true,"href":"https:\/\/hotela1.lv\/pl\/wp-json\/wp\/v2\/comments?post=37"}],"version-history":[{"count":0,"href":"https:\/\/hotela1.lv\/pl\/wp-json\/wp\/v2\/pages\/37\/revisions"}],"up":[{"embeddable":true,"href":"https:\/\/hotela1.lv\/pl\/wp-json\/wp\/v2\/pages\/22"}],"wp:attachment":[{"href":"https:\/\/hotela1.lv\/pl\/wp-json\/wp\/v2\/media?parent=37"}],"curies":[{"name":"wp","href":"https:\/\/api.w.org\/{rel}","templated":true}]}}