{"id":27,"date":"2015-12-11T11:45:05","date_gmt":"2015-12-11T11:45:05","guid":{"rendered":"https:\/\/hotela1.lv\/pl\/?page_id=27"},"modified":"2015-12-16T10:01:15","modified_gmt":"2015-12-16T10:01:15","slug":"uslugi","status":"publish","type":"page","link":"https:\/\/hotela1.lv\/pl\/uslugi","title":{"rendered":"Us\u0142ugi"},"content":{"rendered":"<ul>\n<li>Recepcja czynna ca\u0142odobowo<\/li>\n<li>Wczesna rejestracja w hotelu (na uprzednie zlecenie)<\/li>\n<li>Przechowalnia baga\u017cu<\/li>\n<li>Sejf do przechowania dokument\u00f3w i cennych rzeczy<\/li>\n<li>Deska do prasowania i \u017celazko na zlecenie<\/li>\n<li>Informacje o zdarzeniach w Rydze i poza ni\u0105<\/li>\n<li>Karta miasta<\/li>\n<li>Zlecenie taks\u00f3wki<\/li>\n<li>Dostawa baga\u017cu do numeru na uprzednie zlecenie (w historycznym budynku brak mo\u017cliwo\u015bci urz\u0105dzi\u0107 wind\u0119)<\/li>\n<li>Transport go\u015bci z lotniska i na lotnisko (za dodatkowa op\u0142at\u0119)<\/li>\n<li>Dost\u0119p do faksu i kopiarki<\/li>\n<li>Informacje o prognozie pogody<\/li>\n<li>\u0141\u00f3\u017cko dla dziecka \u2013 na zlecenie<\/li>\n<\/ul>\n","protected":false},"excerpt":{"rendered":"<p>Recepcja czynna ca\u0142odobowo Wczesna rejestracja w hotelu (na uprzednie zlecenie) Przechowalnia baga\u017cu Sejf do przechowania dokument\u00f3w i cennych rzeczy Deska do prasowania i \u017celazko na zlecenie Informacje o zdarzeniach w Rydze i poza ni\u0105 Karta miasta Zlecenie taks\u00f3wki Dostawa baga\u017cu do numeru na uprzednie zlecenie (w historycznym budynku brak mo\u017cliwo\u015bci urz\u0105dzi\u0107 wind\u0119) Transport go\u015bci z lotniska i na lotnisko (za&nbsp;<a href=\"https:\/\/hotela1.lv\/pl\/uslugi\" class=\"read-more\">Continue Reading<\/a><\/p>\n","protected":false},"author":1,"featured_media":0,"parent":0,"menu_order":5,"comment_status":"closed","ping_status":"closed","template":"","meta":[],"aioseo_notices":[],"_links":{"self":[{"href":"https:\/\/hotela1.lv\/pl\/wp-json\/wp\/v2\/pages\/27"}],"collection":[{"href":"https:\/\/hotela1.lv\/pl\/wp-json\/wp\/v2\/pages"}],"about":[{"href":"https:\/\/hotela1.lv\/pl\/wp-json\/wp\/v2\/types\/page"}],"author":[{"embeddable":true,"href":"https:\/\/hotela1.lv\/pl\/wp-json\/wp\/v2\/users\/1"}],"replies":[{"embeddable":true,"href":"https:\/\/hotela1.lv\/pl\/wp-json\/wp\/v2\/comments?post=27"}],"version-history":[{"count":0,"href":"https:\/\/hotela1.lv\/pl\/wp-json\/wp\/v2\/pages\/27\/revisions"}],"wp:attachment":[{"href":"https:\/\/hotela1.lv\/pl\/wp-json\/wp\/v2\/media?parent=27"}],"curies":[{"name":"wp","href":"https:\/\/api.w.org\/{rel}","templated":true}]}}