{"id":22,"date":"2015-12-11T10:20:35","date_gmt":"2015-12-11T10:20:35","guid":{"rendered":"https:\/\/hotela1.lv\/pl\/?page_id=22"},"modified":"2015-12-16T09:45:39","modified_gmt":"2015-12-16T09:45:39","slug":"numery-ceny","status":"publish","type":"page","link":"https:\/\/hotela1.lv\/pl\/numery-ceny","title":{"rendered":"Numery &#038; Ceny"},"content":{"rendered":"<h2><a href=\"\/pl\/numery-ceny\/jednoosobowy\">Jednoosobowy<\/a>\u00a0\u00a0 <a href=\"\/pl\/numery-ceny\/dwuosobowy\">Dwuosobowy<\/a>\u00a0\u00a0 <a href=\"\/pl\/numery-ceny\/trzyosobowy\">Trzyosobowy<\/a> \u00a0 <a href=\"\/pl\/numery-ceny\/luks\">Luks<\/a>\u00a0 <a href=\"\/pl\/numery-ceny\/rodzinny\">Rodzinny<\/a><\/h2>\n<p><strong>Ka\u017cdy numer jest wyposa\u017cony w:<\/strong><\/p>\n<ul>\n<li>Jako\u015bciowe \u0142\u00f3\u017cko i po\u015bciel<\/li>\n<li>Bezp\u0142atny dost\u0119p do Internetu LAN<\/li>\n<li>Roboczy st\u00f3\u0142<\/li>\n<li>Telewizj\u0119 kablow\u0105<\/li>\n<li>Bezpo\u015bredni\u0105 lini\u0119 telefoniczn\u0105<\/li>\n<li>Suszark\u0119 do w\u0142os\u00f3w<\/li>\n<li>\u0141azienk\u0119 z prysznicem<\/li>\n<li>P\u00f3\u0142k\u0119 do baga\u017cu<\/li>\n<li>Desk\u0119 do prasowania i \u017celazko \u2013 na zlecenie<\/li>\n<\/ul>\n<p><strong>Przybycie i wyjazd:<\/strong><\/p>\n<ul>\n<li>Przybycie od godz.14:00<\/li>\n<li>Wyjazd do godz.12:00<\/li>\n<\/ul>\n<p>Cena zawiera w sobie \u015bniadania i podatek VAT 12%.<br \/>\nHotel proponuje elastyczny system p\u0142acenia zar\u00f3wno got\u00f3wk\u0105, jak kart\u0105 kredytow\u0105 Visa, Visa Electron, Maestro, MasterCard.<\/p>\n<p><strong>Rabaty:<\/strong><br \/>\nProponujemy rabat dla grup (sk\u0142adaj\u0105cych si\u0119 z 10 i wi\u0119cej os\u00f3b)<br \/>\nW przypadku rezerwacji 10 i wi\u0119cej numer\u00f3w proponujemy rabaty.<br \/>\nPrzyjemne ceny dla tych, kt\u00f3rzy w hotelu pozostaj\u0105 na d\u0142u\u017cej (co najmniej przez 20 dni)<\/p>\n","protected":false},"excerpt":{"rendered":"<p>Jednoosobowy\u00a0\u00a0 Dwuosobowy\u00a0\u00a0 Trzyosobowy \u00a0 Luks\u00a0 Rodzinny Ka\u017cdy numer jest wyposa\u017cony w: Jako\u015bciowe \u0142\u00f3\u017cko i po\u015bciel Bezp\u0142atny dost\u0119p do Internetu LAN Roboczy st\u00f3\u0142 Telewizj\u0119 kablow\u0105 Bezpo\u015bredni\u0105 lini\u0119 telefoniczn\u0105 Suszark\u0119 do w\u0142os\u00f3w \u0141azienk\u0119 z prysznicem P\u00f3\u0142k\u0119 do baga\u017cu Desk\u0119 do prasowania i \u017celazko \u2013 na zlecenie Przybycie i wyjazd: Przybycie od godz.14:00 Wyjazd do godz.12:00 Cena zawiera w sobie \u015bniadania i podatek&nbsp;<a href=\"https:\/\/hotela1.lv\/pl\/numery-ceny\" class=\"read-more\">Continue Reading<\/a><\/p>\n","protected":false},"author":1,"featured_media":0,"parent":0,"menu_order":4,"comment_status":"closed","ping_status":"closed","template":"","meta":[],"aioseo_notices":[],"_links":{"self":[{"href":"https:\/\/hotela1.lv\/pl\/wp-json\/wp\/v2\/pages\/22"}],"collection":[{"href":"https:\/\/hotela1.lv\/pl\/wp-json\/wp\/v2\/pages"}],"about":[{"href":"https:\/\/hotela1.lv\/pl\/wp-json\/wp\/v2\/types\/page"}],"author":[{"embeddable":true,"href":"https:\/\/hotela1.lv\/pl\/wp-json\/wp\/v2\/users\/1"}],"replies":[{"embeddable":true,"href":"https:\/\/hotela1.lv\/pl\/wp-json\/wp\/v2\/comments?post=22"}],"version-history":[{"count":0,"href":"https:\/\/hotela1.lv\/pl\/wp-json\/wp\/v2\/pages\/22\/revisions"}],"wp:attachment":[{"href":"https:\/\/hotela1.lv\/pl\/wp-json\/wp\/v2\/media?parent=22"}],"curies":[{"name":"wp","href":"https:\/\/api.w.org\/{rel}","templated":true}]}}