{"id":20,"date":"2015-12-11T09:00:59","date_gmt":"2015-12-11T09:00:59","guid":{"rendered":"https:\/\/hotela1.lv\/pl\/?page_id=20"},"modified":"2018-06-01T23:16:30","modified_gmt":"2018-06-01T20:16:30","slug":"o-nas","status":"publish","type":"page","link":"https:\/\/hotela1.lv\/pl\/o-nas","title":{"rendered":"O nas"},"content":{"rendered":"<p><a href=\"https:\/\/hotela1.lv\/pl\/wp-content\/uploads\/sites\/8\/2015\/12\/A1_hotel.jpg\"><img loading=\"lazy\" class=\"size-full wp-image-96 alignleft\" src=\"https:\/\/hotela1.lv\/pl\/wp-content\/uploads\/sites\/8\/2015\/12\/A1_hotel.jpg\" alt=\"A1_hotel\" width=\"290\" height=\"240\" \/><\/a>Hotel A1 jest nowym nowoczesnym hotelem w centrum Rygi; hotel zosta\u0142 otwarty w 2009\/2010 r. Hotel jest wygodny dla go\u015bci, kt\u00f3rzy chcieliby przebywa\u0107 w centrum zdarze\u0144 \u2013 w Starym Mie\u015bcie, gdzie s\u0105 po\u0142o\u017cone muzea, sale koncertowe, wielkie sklepy, i do tego wszystkiego mo\u017cna dosta\u0107 si\u0119 w 10-15 min. Hotel jest po\u0142o\u017cony na skrzy\u017cowaniu ulic A.\u010caka i \u0122ertr\u016bdes, wej\u015bcie do hotelu od strony ulicy \u0122ertr\u016bdes.<\/p>\n<p>Hotel rozmieszcza si\u0119 na 2 wy\u017cszych pi\u0119trach historycznego budynku. Na ni\u017cszych pi\u0119trach hotelu mieszcz\u0105 si\u0119 sala bilardowa, bar, gdzie personel \u017cyczliwie powita go\u015bci hotelu, kt\u00f3rzy chcieliby zagra\u0107 w pool, snooker, bilard rosyjski. \u017byczliwy i uczynny personel udzieli go\u015bciom wszystkich niezb\u0119dnych informacji, wyda kart\u0119 miasta. Administratorzy hotelu udziel\u0105 informacj\u0119 zar\u00f3wno o imprezach w mie\u015bcie, jak poza miastem, poradz\u0105, co nale\u017cy przedsi\u0119wzi\u0119\u0107 w przypadku, je\u015bli kto\u015b potrzebuje pomocy.<\/p>\n<p>W hotelu s\u0105 37 nowoczesne i wygodne numery: jedno-, dwu-, trzyosobowe oraz numer rodzinny.<\/p>\n<p>Ka\u017cdy numer jest wyposa\u017cony w telewizj\u0119 kablow\u0105, Internet przewodowy, telefon. Hotel A1 proponuje wszystko, co jest niezb\u0119dne do wypoczynku i wyjazd\u00f3w w sprawach biznesu \u2013 i wszystko za do\u015b\u0107 skromn\u0105 cen\u0119.<br \/>\nCzekamy tak\u017ce na go\u015bci, kt\u00f3rzy podr\u00f3\u017cuj\u0105 razem ze swymi ulubionymi zwierz\u0105tkami.<\/p>\n<p>Nasze motto: ka\u017cdy klient naszego hotelu powinien czu\u0107 si\u0119 jak we w\u0142asnym domu, na ka\u017cdego klienta oczekujemy z rado\u015bci\u0105.<\/p>\n<p>Kontakty:<br \/>\nHotel A1,<br \/>\nprzy ulicy \u0122ertr\u016bdes 48A,<br \/>\nRyga, LV-1011, \u0141otwa<br \/>\nTelefon: +371 67282942, Faks: +371 67455041, E-mail: info@hotela1.lv<\/p>\n","protected":false},"excerpt":{"rendered":"<p>Hotel A1 jest nowym nowoczesnym hotelem w centrum Rygi; hotel zosta\u0142 otwarty w 2009\/2010 r. Hotel jest wygodny dla go\u015bci, kt\u00f3rzy chcieliby przebywa\u0107 w centrum zdarze\u0144 \u2013 w Starym Mie\u015bcie, gdzie s\u0105 po\u0142o\u017cone muzea, sale koncertowe, wielkie sklepy, i do tego wszystkiego mo\u017cna dosta\u0107 si\u0119 w 10-15 min. Hotel jest po\u0142o\u017cony na skrzy\u017cowaniu ulic A.\u010caka i \u0122ertr\u016bdes, wej\u015bcie do hotelu&nbsp;<a href=\"https:\/\/hotela1.lv\/pl\/o-nas\" class=\"read-more\">Continue Reading<\/a><\/p>\n","protected":false},"author":1,"featured_media":0,"parent":0,"menu_order":2,"comment_status":"closed","ping_status":"closed","template":"","meta":[],"aioseo_notices":[],"_links":{"self":[{"href":"https:\/\/hotela1.lv\/pl\/wp-json\/wp\/v2\/pages\/20"}],"collection":[{"href":"https:\/\/hotela1.lv\/pl\/wp-json\/wp\/v2\/pages"}],"about":[{"href":"https:\/\/hotela1.lv\/pl\/wp-json\/wp\/v2\/types\/page"}],"author":[{"embeddable":true,"href":"https:\/\/hotela1.lv\/pl\/wp-json\/wp\/v2\/users\/1"}],"replies":[{"embeddable":true,"href":"https:\/\/hotela1.lv\/pl\/wp-json\/wp\/v2\/comments?post=20"}],"version-history":[{"count":2,"href":"https:\/\/hotela1.lv\/pl\/wp-json\/wp\/v2\/pages\/20\/revisions"}],"predecessor-version":[{"id":177,"href":"https:\/\/hotela1.lv\/pl\/wp-json\/wp\/v2\/pages\/20\/revisions\/177"}],"wp:attachment":[{"href":"https:\/\/hotela1.lv\/pl\/wp-json\/wp\/v2\/media?parent=20"}],"curies":[{"name":"wp","href":"https:\/\/api.w.org\/{rel}","templated":true}]}}