{"id":45,"date":"2015-12-11T10:00:19","date_gmt":"2015-12-11T10:00:19","guid":{"rendered":"https:\/\/hotela1.lv\/no\/?page_id=45"},"modified":"2015-12-21T11:09:21","modified_gmt":"2015-12-21T09:09:21","slug":"familierom","status":"publish","type":"page","link":"https:\/\/hotela1.lv\/no\/rom-priser\/familierom","title":{"rendered":"Familierom"},"content":{"rendered":"\n\t\t<style type=\"text\/css\">\n\t\t\t#gallery-1 {\n\t\t\t\tmargin: auto;\n\t\t\t}\n\t\t\t#gallery-1 .gallery-item {\n\t\t\t\tfloat: left;\n\t\t\t\tmargin-top: 10px;\n\t\t\t\ttext-align: center;\n\t\t\t\twidth: 33%;\n\t\t\t}\n\t\t\t#gallery-1 img {\n\t\t\t\tborder: 2px solid #cfcfcf;\n\t\t\t}\n\t\t\t#gallery-1 .gallery-caption {\n\t\t\t\tmargin-left: 0;\n\t\t\t}\n\t\t\t\/* see gallery_shortcode() in wp-includes\/media.php *\/\n\t\t<\/style>\n\t\t<div id='gallery-1' class='gallery galleryid-45 gallery-columns-3 gallery-size-medium'><dl class='gallery-item'>\n\t\t\t<dt class='gallery-icon landscape'>\n\t\t\t\t<a title=\"Family_room_01a\" href='https:\/\/hotela1.lv\/no\/wp-content\/uploads\/sites\/6\/2015\/12\/Family_room_01a.jpg'><img width=\"300\" height=\"190\" src=\"https:\/\/hotela1.lv\/no\/wp-content\/uploads\/sites\/6\/2015\/12\/Family_room_01a-300x190.jpg\" class=\"attachment-medium size-medium\" alt=\"\" loading=\"lazy\" srcset=\"https:\/\/hotela1.lv\/no\/wp-content\/uploads\/sites\/6\/2015\/12\/Family_room_01a-300x190.jpg 300w, https:\/\/hotela1.lv\/no\/wp-content\/uploads\/sites\/6\/2015\/12\/Family_room_01a.jpg 820w\" sizes=\"(max-width: 300px) 100vw, 300px\" \/><\/a>\n\t\t\t<\/dt><\/dl><dl class='gallery-item'>\n\t\t\t<dt class='gallery-icon landscape'>\n\t\t\t\t<a title=\"Familierom\" href='https:\/\/hotela1.lv\/no\/wp-content\/uploads\/sites\/6\/2015\/12\/Family_room_02.jpg'><img width=\"300\" height=\"190\" src=\"https:\/\/hotela1.lv\/no\/wp-content\/uploads\/sites\/6\/2015\/12\/Family_room_02-300x190.jpg\" class=\"attachment-medium size-medium\" alt=\"\" loading=\"lazy\" srcset=\"https:\/\/hotela1.lv\/no\/wp-content\/uploads\/sites\/6\/2015\/12\/Family_room_02-300x190.jpg 300w, https:\/\/hotela1.lv\/no\/wp-content\/uploads\/sites\/6\/2015\/12\/Family_room_02.jpg 820w\" sizes=\"(max-width: 300px) 100vw, 300px\" \/><\/a>\n\t\t\t<\/dt><\/dl><dl class='gallery-item'>\n\t\t\t<dt class='gallery-icon landscape'>\n\t\t\t\t<a title=\"Family_room_02a\" href='https:\/\/hotela1.lv\/no\/wp-content\/uploads\/sites\/6\/2015\/12\/Family_room_02a.jpg'><img width=\"300\" height=\"190\" src=\"https:\/\/hotela1.lv\/no\/wp-content\/uploads\/sites\/6\/2015\/12\/Family_room_02a-300x190.jpg\" class=\"attachment-medium size-medium\" alt=\"\" loading=\"lazy\" srcset=\"https:\/\/hotela1.lv\/no\/wp-content\/uploads\/sites\/6\/2015\/12\/Family_room_02a-300x190.jpg 300w, https:\/\/hotela1.lv\/no\/wp-content\/uploads\/sites\/6\/2015\/12\/Family_room_02a.jpg 820w\" sizes=\"(max-width: 300px) 100vw, 300px\" \/><\/a>\n\t\t\t<\/dt><\/dl><br style=\"clear: both\" \/><dl class='gallery-item'>\n\t\t\t<dt class='gallery-icon landscape'>\n\t\t\t\t<a title=\"Familierom\" href='https:\/\/hotela1.lv\/no\/wp-content\/uploads\/sites\/6\/2015\/12\/Family_room_03.jpg'><img width=\"300\" height=\"190\" src=\"https:\/\/hotela1.lv\/no\/wp-content\/uploads\/sites\/6\/2015\/12\/Family_room_03-300x190.jpg\" class=\"attachment-medium size-medium\" alt=\"\" loading=\"lazy\" srcset=\"https:\/\/hotela1.lv\/no\/wp-content\/uploads\/sites\/6\/2015\/12\/Family_room_03-300x190.jpg 300w, https:\/\/hotela1.lv\/no\/wp-content\/uploads\/sites\/6\/2015\/12\/Family_room_03.jpg 820w\" sizes=\"(max-width: 300px) 100vw, 300px\" \/><\/a>\n\t\t\t<\/dt><\/dl><dl class='gallery-item'>\n\t\t\t<dt class='gallery-icon landscape'>\n\t\t\t\t<a title=\"Familierom\" href='https:\/\/hotela1.lv\/no\/wp-content\/uploads\/sites\/6\/2015\/12\/Family_room_05.jpg'><img width=\"300\" height=\"190\" src=\"https:\/\/hotela1.lv\/no\/wp-content\/uploads\/sites\/6\/2015\/12\/Family_room_05-300x190.jpg\" class=\"attachment-medium size-medium\" alt=\"\" loading=\"lazy\" srcset=\"https:\/\/hotela1.lv\/no\/wp-content\/uploads\/sites\/6\/2015\/12\/Family_room_05-300x190.jpg 300w, https:\/\/hotela1.lv\/no\/wp-content\/uploads\/sites\/6\/2015\/12\/Family_room_05.jpg 820w\" sizes=\"(max-width: 300px) 100vw, 300px\" \/><\/a>\n\t\t\t<\/dt><\/dl><dl class='gallery-item'>\n\t\t\t<dt class='gallery-icon landscape'>\n\t\t\t\t<a title=\"Familierom\" href='https:\/\/hotela1.lv\/no\/wp-content\/uploads\/sites\/6\/2015\/12\/Family_room_06.jpg'><img width=\"300\" height=\"190\" src=\"https:\/\/hotela1.lv\/no\/wp-content\/uploads\/sites\/6\/2015\/12\/Family_room_06-300x190.jpg\" class=\"attachment-medium size-medium\" alt=\"\" loading=\"lazy\" srcset=\"https:\/\/hotela1.lv\/no\/wp-content\/uploads\/sites\/6\/2015\/12\/Family_room_06-300x190.jpg 300w, https:\/\/hotela1.lv\/no\/wp-content\/uploads\/sites\/6\/2015\/12\/Family_room_06.jpg 820w\" sizes=\"(max-width: 300px) 100vw, 300px\" \/><\/a>\n\t\t\t<\/dt><\/dl><br style=\"clear: both\" \/>\n\t\t<\/div>\n\n<p>&nbsp;<\/p>\n<p><strong>Hvert familierom har:<\/strong><\/p>\n<ul>\n<li>2 dobbeltsenger<\/li>\n<li>2 lenestoler<\/li>\n<li>Arbeidsbord med stol<\/li>\n<li>Klesskap<\/li>\n<li>Kj\u00f8leskap<\/li>\n<li>Kabel-TV<\/li>\n<li>Telefon<\/li>\n<li>Magnetisk n\u00f8kkel<\/li>\n<li>Bagasjehylle<\/li>\n<li>Dusj<\/li>\n<li>H\u00e5rf\u00f8ner<\/li>\n<li>Internettkabel<\/li>\n<li>Strykejern og strykebrett etter foresp\u00f8rsel<\/li>\n<\/ul>\n","protected":false},"excerpt":{"rendered":"<p>&nbsp; Hvert familierom har: 2 dobbeltsenger 2 lenestoler Arbeidsbord med stol Klesskap Kj\u00f8leskap Kabel-TV Telefon Magnetisk n\u00f8kkel Bagasjehylle Dusj H\u00e5rf\u00f8ner Internettkabel Strykejern og strykebrett etter foresp\u00f8rsel<\/p>\n","protected":false},"author":1,"featured_media":0,"parent":31,"menu_order":5,"comment_status":"closed","ping_status":"closed","template":"","meta":[],"aioseo_notices":[],"_links":{"self":[{"href":"https:\/\/hotela1.lv\/no\/wp-json\/wp\/v2\/pages\/45"}],"collection":[{"href":"https:\/\/hotela1.lv\/no\/wp-json\/wp\/v2\/pages"}],"about":[{"href":"https:\/\/hotela1.lv\/no\/wp-json\/wp\/v2\/types\/page"}],"author":[{"embeddable":true,"href":"https:\/\/hotela1.lv\/no\/wp-json\/wp\/v2\/users\/1"}],"replies":[{"embeddable":true,"href":"https:\/\/hotela1.lv\/no\/wp-json\/wp\/v2\/comments?post=45"}],"version-history":[{"count":0,"href":"https:\/\/hotela1.lv\/no\/wp-json\/wp\/v2\/pages\/45\/revisions"}],"up":[{"embeddable":true,"href":"https:\/\/hotela1.lv\/no\/wp-json\/wp\/v2\/pages\/31"}],"wp:attachment":[{"href":"https:\/\/hotela1.lv\/no\/wp-json\/wp\/v2\/media?parent=45"}],"curies":[{"name":"wp","href":"https:\/\/api.w.org\/{rel}","templated":true}]}}