{"id":33,"date":"2015-12-11T11:00:35","date_gmt":"2015-12-11T11:00:35","guid":{"rendered":"https:\/\/hotela1.lv\/no\/?page_id=33"},"modified":"2015-12-11T11:32:23","modified_gmt":"2015-12-11T11:32:23","slug":"tjenester","status":"publish","type":"page","link":"https:\/\/hotela1.lv\/no\/tjenester","title":{"rendered":"Tjenester"},"content":{"rendered":"<ul>\n<li>D\u00f8gn\u00e5pen resepsjon<\/li>\n<li>Tidlig innsjekk (avtales p\u00e5 forh\u00e5nd)<\/li>\n<li>Bagasjeoppbevaring<\/li>\n<li>Oppbevaring av dokumenter, verdisaker i safe i resepsjon<\/li>\n<li>Strykejern og strykebrett (etter foresp\u00f8rsel)<\/li>\n<li>Informasjon om aktiviteter i og utenfor Riga<\/li>\n<li>Kart over byen<\/li>\n<li>Bestille taksi<\/li>\n<li>Bagasjeb\u00e6rer, avtales p\u00e5 forh\u00e5nd (i historiske bygninger er det ikke lov \u00e5\u00a0 installere en heis)<\/li>\n<li>Flyplasstransfer (mot ekstra kostnad)<\/li>\n<li>Faks, kopimaskin<\/li>\n<li>Informasjon om v\u00e6rvarsel<\/li>\n<li>Barneseng (etter foresp\u00f8rsel)<\/li>\n<\/ul>\n","protected":false},"excerpt":{"rendered":"<p>D\u00f8gn\u00e5pen resepsjon Tidlig innsjekk (avtales p\u00e5 forh\u00e5nd) Bagasjeoppbevaring Oppbevaring av dokumenter, verdisaker i safe i resepsjon Strykejern og strykebrett (etter foresp\u00f8rsel) Informasjon om aktiviteter i og utenfor Riga Kart over byen Bestille taksi Bagasjeb\u00e6rer, avtales p\u00e5 forh\u00e5nd (i historiske bygninger er det ikke lov \u00e5\u00a0 installere en heis) Flyplasstransfer (mot ekstra kostnad) Faks, kopimaskin Informasjon om v\u00e6rvarsel Barneseng (etter foresp\u00f8rsel)<\/p>\n","protected":false},"author":1,"featured_media":0,"parent":0,"menu_order":5,"comment_status":"closed","ping_status":"closed","template":"","meta":[],"aioseo_notices":[],"_links":{"self":[{"href":"https:\/\/hotela1.lv\/no\/wp-json\/wp\/v2\/pages\/33"}],"collection":[{"href":"https:\/\/hotela1.lv\/no\/wp-json\/wp\/v2\/pages"}],"about":[{"href":"https:\/\/hotela1.lv\/no\/wp-json\/wp\/v2\/types\/page"}],"author":[{"embeddable":true,"href":"https:\/\/hotela1.lv\/no\/wp-json\/wp\/v2\/users\/1"}],"replies":[{"embeddable":true,"href":"https:\/\/hotela1.lv\/no\/wp-json\/wp\/v2\/comments?post=33"}],"version-history":[{"count":0,"href":"https:\/\/hotela1.lv\/no\/wp-json\/wp\/v2\/pages\/33\/revisions"}],"wp:attachment":[{"href":"https:\/\/hotela1.lv\/no\/wp-json\/wp\/v2\/media?parent=33"}],"curies":[{"name":"wp","href":"https:\/\/api.w.org\/{rel}","templated":true}]}}