{"id":31,"date":"2015-12-11T09:20:57","date_gmt":"2015-12-11T09:20:57","guid":{"rendered":"https:\/\/hotela1.lv\/no\/?page_id=31"},"modified":"2015-12-16T07:54:38","modified_gmt":"2015-12-16T07:54:38","slug":"rom-priser","status":"publish","type":"page","link":"https:\/\/hotela1.lv\/no\/rom-priser","title":{"rendered":"Rom &#038; Priser"},"content":{"rendered":"<h2><a href=\"\/no\/rom-priser\/enkeltrom\">Enkeltrom<\/a>\u00a0 <a href=\"\/no\/rom-priser\/dobbeltrom\">Dobbeltrom<\/a>\u00a0 <a href=\"\/no\/rom-priser\/tremannsrom\">Tremannsrom<\/a>\u00a0 <a href=\"\/no\/rom-priser\/luksusrom\">Luksusrom<\/a>\u00a0 <a href=\"\/no\/rom-priser\/familierom\">Familierom<\/a><\/h2>\n<p><strong>Alle rom har:<\/strong><\/p>\n<ul>\n<li>Kvalitetsseng og senget\u00f8y<\/li>\n<li>Gratis tilgang til lokalt internett<\/li>\n<li>Arbeidsbord<\/li>\n<li>Kabel-TV<\/li>\n<li>Telefon<\/li>\n<li>H\u00e5rf\u00f8ner<\/li>\n<li>Baderom med dusj<\/li>\n<li>Bagasjehylle<\/li>\n<li>Strykejern og strykebrett etter foresp\u00f8rsel<\/li>\n<\/ul>\n<p><strong>Inn- og utsjekk:<\/strong><\/p>\n<ul>\n<li>Innsjekk fra kl.14:00<\/li>\n<li>Utsjekk senest kl.12:00<\/li>\n<\/ul>\n<p>Pris er inkludert frokost og MVA 12%. Hotellet tilbyr fleksible betalingsm\u00e5ter \u2013 enten med kontanter eller med kort \u2013 Visa, Visa Electron, Maestro, MasterCard.<\/p>\n<p><strong>Rabatter:<\/strong><\/p>\n<p>Gruppepriser (fra 10 personer)<br \/>\nVed bestilling av 10 og mer rom gis rabatt.<br \/>\nLavere priser for langtidsopphold p\u00e5 hotellet (minimum 20 dager)<\/p>\n","protected":false},"excerpt":{"rendered":"<p>Enkeltrom\u00a0 Dobbeltrom\u00a0 Tremannsrom\u00a0 Luksusrom\u00a0 Familierom Alle rom har: Kvalitetsseng og senget\u00f8y Gratis tilgang til lokalt internett Arbeidsbord Kabel-TV Telefon H\u00e5rf\u00f8ner Baderom med dusj Bagasjehylle Strykejern og strykebrett etter foresp\u00f8rsel Inn- og utsjekk: Innsjekk fra kl.14:00 Utsjekk senest kl.12:00 Pris er inkludert frokost og MVA 12%. Hotellet tilbyr fleksible betalingsm\u00e5ter \u2013 enten med kontanter eller med kort \u2013 Visa, Visa Electron,&nbsp;<a href=\"https:\/\/hotela1.lv\/no\/rom-priser\" class=\"read-more\">Continue Reading<\/a><\/p>\n","protected":false},"author":1,"featured_media":0,"parent":0,"menu_order":4,"comment_status":"closed","ping_status":"closed","template":"","meta":[],"aioseo_notices":[],"_links":{"self":[{"href":"https:\/\/hotela1.lv\/no\/wp-json\/wp\/v2\/pages\/31"}],"collection":[{"href":"https:\/\/hotela1.lv\/no\/wp-json\/wp\/v2\/pages"}],"about":[{"href":"https:\/\/hotela1.lv\/no\/wp-json\/wp\/v2\/types\/page"}],"author":[{"embeddable":true,"href":"https:\/\/hotela1.lv\/no\/wp-json\/wp\/v2\/users\/1"}],"replies":[{"embeddable":true,"href":"https:\/\/hotela1.lv\/no\/wp-json\/wp\/v2\/comments?post=31"}],"version-history":[{"count":0,"href":"https:\/\/hotela1.lv\/no\/wp-json\/wp\/v2\/pages\/31\/revisions"}],"wp:attachment":[{"href":"https:\/\/hotela1.lv\/no\/wp-json\/wp\/v2\/media?parent=31"}],"curies":[{"name":"wp","href":"https:\/\/api.w.org\/{rel}","templated":true}]}}