{"id":10,"date":"2015-12-07T09:00:46","date_gmt":"2015-12-07T09:00:46","guid":{"rendered":"https:\/\/hotela1.lv\/no\/?page_id=10"},"modified":"2018-06-01T23:13:24","modified_gmt":"2018-06-01T20:13:24","slug":"om-oss","status":"publish","type":"page","link":"https:\/\/hotela1.lv\/no\/om-oss","title":{"rendered":"Om oss"},"content":{"rendered":"<p><a href=\"https:\/\/hotela1.lv\/no\/wp-content\/uploads\/sites\/6\/2015\/12\/A1_hotel.jpg\"><img loading=\"lazy\" class=\"size-full wp-image-146 alignleft\" src=\"https:\/\/hotela1.lv\/no\/wp-content\/uploads\/sites\/6\/2015\/12\/A1_hotel.jpg\" alt=\"A1_hotel\" width=\"290\" height=\"240\" \/><\/a>Hotel A1 er et nytt og moderne hotell i sentrum av Riga som er \u00e5pnet i 2009\/2010. Hotellet er egnet for gjester som vil v\u00e6re i sentrum hvor alt skjer \u2013 Gamlebyen, museer, konsertsaler, kj\u00f8pesenter ligger 10 \u2013 15 minutter til fots fra Hotel A1. Hotellet ligger p\u00e5 hj\u00f8rnet av A.\u010caka gate og \u0122ertr\u016bdes gate, inngangen fra \u0122ertr\u016bdes gata. Hotellet er plassert i to \u00f8verste etasjer i en historisk bygning. I f\u00f8rste etasjer er det en biljardklubb, en bar hvor alle hotellets gjester er velkommen til \u00e5 spille pool, snooker, russiske biljard.<\/p>\n<p>Et hyggelig og vennlig personale sikrer gjestene med alt n\u00f8dvendig informasjon og byens kart. Resepsjonister vil gi opplysninger om arrangementer b\u00e5de i og utenfor Riga, samt vil gi r\u00e5d om hva skal gj\u00f8res hvis man trenger noen hjelp.<br \/>\nP\u00e5 hotellet er det 37 moderne og komfortable rom: enkeltrom, dobbeltrom, tremannsrom og familierom.<\/p>\n<p>Alle rom har kabel-TV, breb\u00e5nd, telefon. Hotel A1 tilbyr alt som er n\u00f8dvendig til ferie- og forretningsreisende til en gunstig pris.<\/p>\n<p>Kj\u00e6ledyr er tillatt.<br \/>\nV\u00e5rt hovedm\u00e5l \u2013 alle gjestene p\u00e5 v\u00e5rt hotell skal f\u00f8le seg som hjemme og alle er velkommen.<\/p>\n<p>Kontakt:<br \/>\nHotel A1, \u0122ertr\u016bdes street 48A,<br \/>\nRiga, LV-1011, Latvia<br \/>\nTelefon: +371 67282942, Faks: +371 67455041, E-post: info@hotela1.lv<\/p>\n","protected":false},"excerpt":{"rendered":"<p>Hotel A1 er et nytt og moderne hotell i sentrum av Riga som er \u00e5pnet i 2009\/2010. Hotellet er egnet for gjester som vil v\u00e6re i sentrum hvor alt skjer \u2013 Gamlebyen, museer, konsertsaler, kj\u00f8pesenter ligger 10 \u2013 15 minutter til fots fra Hotel A1. Hotellet ligger p\u00e5 hj\u00f8rnet av A.\u010caka gate og \u0122ertr\u016bdes gate, inngangen fra \u0122ertr\u016bdes gata. Hotellet&nbsp;<a href=\"https:\/\/hotela1.lv\/no\/om-oss\" class=\"read-more\">Continue Reading<\/a><\/p>\n","protected":false},"author":1,"featured_media":0,"parent":0,"menu_order":2,"comment_status":"closed","ping_status":"closed","template":"","meta":[],"aioseo_notices":[],"_links":{"self":[{"href":"https:\/\/hotela1.lv\/no\/wp-json\/wp\/v2\/pages\/10"}],"collection":[{"href":"https:\/\/hotela1.lv\/no\/wp-json\/wp\/v2\/pages"}],"about":[{"href":"https:\/\/hotela1.lv\/no\/wp-json\/wp\/v2\/types\/page"}],"author":[{"embeddable":true,"href":"https:\/\/hotela1.lv\/no\/wp-json\/wp\/v2\/users\/1"}],"replies":[{"embeddable":true,"href":"https:\/\/hotela1.lv\/no\/wp-json\/wp\/v2\/comments?post=10"}],"version-history":[{"count":0,"href":"https:\/\/hotela1.lv\/no\/wp-json\/wp\/v2\/pages\/10\/revisions"}],"wp:attachment":[{"href":"https:\/\/hotela1.lv\/no\/wp-json\/wp\/v2\/media?parent=10"}],"curies":[{"name":"wp","href":"https:\/\/api.w.org\/{rel}","templated":true}]}}