{"id":67,"date":"2015-12-08T10:00:18","date_gmt":"2015-12-08T10:00:18","guid":{"rendered":"https:\/\/hotela1.lv\/lv\/?page_id=67"},"modified":"2024-07-19T13:36:47","modified_gmt":"2024-07-19T10:36:47","slug":"kontakti","status":"publish","type":"page","link":"https:\/\/hotela1.lv\/lv\/par-mums\/kontakti","title":{"rendered":"Kontakti"},"content":{"rendered":"<div class=\"row \">\n<div class=\"span12 \"><div class=\"google-map\"><iframe src=\"http:\/\/maps.google.com\/maps\/ms?ie=UTF8&amp;hl=en&amp;msa=0&amp;msid=113903381485161155051.00046d8ad5a1955581303&amp;ll=56.95285,24.132607&amp;spn=0.014042,0.051498&amp;z=14&amp;output=embed\" frameborder=\"0\" width=\"100%\" height=\"300\" marginwidth=\"0\" marginheight=\"0\" scrolling=\"no\"><\/iframe><\/div><\/div>\n<div class=\"span4 \"><h2>Kontaktinform\u0101cija<\/h2>\n<div class=\"span12\" data-motopress-wrapper-file=\"page.php\" data-motopress-wrapper-type=\"content\">\n<div class=\"row\">\n<div id=\"content\" class=\"span8 right right\" data-motopress-type=\"loop\" data-motopress-loop-file=\"loop\/loop-page.php\">\n<div id=\"post-18\" class=\"page post-18 type-page status-publish hentry\">\n<p align=\"LEFT\"><strong>REKVIZ\u012aTI<\/strong><\/p>\n<p align=\"LEFT\"><b>TITUL SIA<br \/>\nReg. Nr. <\/b><b>40003792287 <\/b><b><br \/>\nVAT LV<\/b><b>40003792287 <\/b><b><\/b><\/p>\n<p><b>Juridisk\u0101 adrese<br \/>\nSlokas iela 49-1, R\u012bga, LV-1007, Latvia<\/b><\/p>\n<p><b> <\/b><b><\/b><b>Banka un Konts<br \/>\nSwedbank AS<br \/>\nLV12HABA0551012092694<br \/>\nHABALV22<\/b><b><\/b><\/p>\n<div class=\"clear\"><\/div>\n<\/div>\n<\/div>\n<div id=\"sidebar\" class=\"span4 sidebar\" data-motopress-type=\"static-sidebar\" data-motopress-sidebar-file=\"sidebar.php\">\n<div id=\"widget_cherry_vcard-2\" class=\"visible-all-devices widget\">\n<h3>Viesn\u012bca A1<\/h3>\n<address class=\"vcard\"><strong class=\"adr\"> <span class=\"street-address\">\u0122ertr\u016bdes iela 48A<\/span> <span class=\"locality\">R\u012bga<\/span> <span class=\"region\">Latvia<\/span> <span class=\"postal-code\">LV-1011<\/span> <\/strong> <span class=\"tel\"><span class=\"tel-name\">Phone:<\/span><span class=\"value\">Telefons: +371 67282942<\/span><\/span> <span class=\"mail-name\">E-mail:<\/span><a class=\"email\" href=\"mailto:E-mail: info@hotela1.lv\">E-mail: info@hotela1.lv<\/a><\/address>\n<\/div>\n<\/div>\n<\/div>\n<\/div>\n<p>A1 viesn\u012bca ir jauna, m\u016bsdien\u012bga viesn\u012bca R\u012bgas centr\u0101, atv\u0113rta 2009\/2010 gad\u0101.<\/p>\n<p>Viesn\u012bca piem\u0113rota viesiem, kuriem ir svar\u012bgi atrasties notikumu centr\u0101 \u2013 Vecpils\u0113ta, muzeji, koncertz\u0101les, lielveikali atrodas 10 \u2013 15 min\u016b\u0161u g\u0101jien\u0101 ar k\u0101j\u0101m no A1 viesn\u012bcas.<br \/><\/div>\n<div class=\"span8 \"><address>\n<h2>A1 Hotel<\/h2>\n<p><strong>\u0122ertr\u016bdes iela 48A,<\/strong><br \/>\nRiga, LV-1011, Latvija<br \/>\nTelefons: +371 <strong>67282942<\/strong><br \/>\nFAKS: +371 67455041<br \/>\nE-mail: <a href=\"mailto:info@hotela1.lv\">info@hotela1.lv<\/a><br \/>\n<\/address><!-- address (end) --><\/div>\n<\/div><!-- .row (end) -->\n","protected":false},"excerpt":{"rendered":"","protected":false},"author":1,"featured_media":0,"parent":18,"menu_order":2,"comment_status":"closed","ping_status":"closed","template":"page-fullwidth.php","meta":[],"aioseo_notices":[],"_links":{"self":[{"href":"https:\/\/hotela1.lv\/lv\/wp-json\/wp\/v2\/pages\/67"}],"collection":[{"href":"https:\/\/hotela1.lv\/lv\/wp-json\/wp\/v2\/pages"}],"about":[{"href":"https:\/\/hotela1.lv\/lv\/wp-json\/wp\/v2\/types\/page"}],"author":[{"embeddable":true,"href":"https:\/\/hotela1.lv\/lv\/wp-json\/wp\/v2\/users\/1"}],"replies":[{"embeddable":true,"href":"https:\/\/hotela1.lv\/lv\/wp-json\/wp\/v2\/comments?post=67"}],"version-history":[{"count":1,"href":"https:\/\/hotela1.lv\/lv\/wp-json\/wp\/v2\/pages\/67\/revisions"}],"predecessor-version":[{"id":207,"href":"https:\/\/hotela1.lv\/lv\/wp-json\/wp\/v2\/pages\/67\/revisions\/207"}],"up":[{"embeddable":true,"href":"https:\/\/hotela1.lv\/lv\/wp-json\/wp\/v2\/pages\/18"}],"wp:attachment":[{"href":"https:\/\/hotela1.lv\/lv\/wp-json\/wp\/v2\/media?parent=67"}],"curies":[{"name":"wp","href":"https:\/\/api.w.org\/{rel}","templated":true}]}}