{"id":6,"date":"2015-12-04T12:00:48","date_gmt":"2015-12-04T12:00:48","guid":{"rendered":"https:\/\/hotela1.lv\/lv\/?page_id=6"},"modified":"2018-06-04T14:25:20","modified_gmt":"2018-06-04T11:25:20","slug":"home","status":"publish","type":"page","link":"https:\/\/hotela1.lv\/lv\/","title":{"rendered":"Home"},"content":{"rendered":"<div style=\"width: 100%; height: 72px;  padding:10px 0px 10px 0px; float: right;\">\n<div id=\"_bn_widget_\">\n<\/div>\n<p><script src=\"http:\/\/widget.bnovo.ru\/js\/bnovo.js\"><\/script><br \/>\n<script type=\"text\/javascript\">\n  Bnovo_Widget.init(function(){\n    Bnovo_Widget.open('_bn_widget_', {\n        type: \"horizontal\",\n        lcode: \"1411474125\",\n        layout: \"lightgray\",\n        width: \"100%\",\n        background: \"#2D2D2D\",\n        bg_alpha: \"100\",\n        padding: \"44\",\n        btn_background: \"#95050F\",\n        btn_background_over: \"#BB0101\",\n        btn_textcolor: \"#FFFFFF\",\n        url: \"https:\/\/hotela1.lv\/lv\/rezervacija\",\n        lang: \"en\",\n        arrival: \"Re\u0123istr\u0113\u0161an\u0101s\",\n        departure: \" Izrakst\u012b\u0161an\u0101s\",\n        btn_text: \"R\u0101d\u012bt pieejam\u012bbu\"\n    });\n  });\n<\/script><br \/>\n<\/br>\n<\/div>\n<div class=\"wrap\">\n<div class=\"row \">\n<div class=\"span3 \"><a href=\"par-mums\/kontakti\"><div class=\"title-box clearfix top-banner second\"><h2 class=\"title-box_primary\">Adrese<\/h2><h3 class=\"title-box_secondary\">Viesn\u012bca A1, \u0122ertr\u016bdes iela 48A<\/h3><\/div><!-- \/\/.title-box --><\/a><br \/><\/div>\n<div class=\"span3 \"><a href=\"numuri\"><div class=\"title-box clearfix top-banner second\"><h2 class=\"title-box_primary\">Numuri<\/h2><h3 class=\"title-box_secondary\">palikt kop\u0101 ar mums<\/h3><\/div><!-- \/\/.title-box --><\/a><br \/><\/div>\n<div class=\"span3 \"><a href=\"pakalpojumi\/bars\"><div class=\"title-box clearfix top-banner third\"><h2 class=\"title-box_primary\">Viesn\u012bcas<br \/>\n<span>b\u0101rs<\/span><\/h2><h3 class=\"title-box_secondary\">Atp\u016bties un relaks\u0113jies...<\/h3><\/div><!-- \/\/.title-box --><\/a><br \/><\/div>\n<div class=\"span3 \"><a href=\"archives\/63\"><div class=\"title-box clearfix top-banner last\"><h2 class=\"title-box_primary\">\u012apa\u0161ie<br \/>\n<span>piedav\u0101jumi<\/span><\/h2><h3 class=\"title-box_secondary\">Atlaides<\/h3><\/div><!-- \/\/.title-box --><\/a><br \/><\/div>\n<\/div><!-- .row (end) --><\/div> <!-- fon (end) -->\n<div class=\"row \">\n<div class=\"span6 \"><div class=\"banner-wrap home-banner\"><h5>Notikumi Latvij\u0101 <\/h5><p>Nat\u0101lijas Arhipovas un Lor\u0101na Nauri vok\u0101lais vakars - liveriga.com<br \/>\nKoncertcikls \u201eNat\u0101lijas Arhipovas vok\u0101lie vakari\u201d velt\u012bts Eiropas un Krievijas kult\u016brsait\u0113m un savstarp\u0113j\u0101m ietekm\u0113m 19.\u201320. gadsimta gait\u0101. \u0160ie muzik\u0101lie vakari \u013cauj atdzimt 19. gadsimta augst\u0101k\u0101s sabiedr\u012bbas salonu atmosf\u0113rai un izsmalcin\u0101t\u012bbai, kad visu vid\u016b bija daudzas t\u0101laika vok\u0101l\u0101s zvaigznes, kas ar prieku uzst\u0101j\u0101s \u0161im cien\u012bt\u0101ju lokam.<span>K. F. Em. Baha 300 gadu jubilejas koncerts - liveriga.com<br \/>\n\u0160ogad visa pasaules muzik\u0101l\u0101 sabiedr\u012bba atz\u012bm\u0113 \u0161o lielo jubileju, un Baha festiv\u0101ls ar \u0161iem koncertiem atkl\u0101j Rudens ciklu. Se\u0161i lieliski pianisti sniegs ieskatu K. F. Em. Baha tausti\u0146instrumentu ska\u0146darbu dai\u013crad\u0113, atska\u0146ojot vi\u0146a son\u0101tes, rondo un fant\u0101zijas.<\/span><\/p><div class=\"link-align\"><a href=\"\/lv\/archives\/24\" title=\"Las\u012bt t\u0101l\u0101k\" class=\"btn btn-link\" target=\"_self\">Las\u012bt t\u0101l\u0101k<\/a><\/div><\/div><!-- .banner-wrap (end) --><\/div>\n<div class=\"span2 \"><div class=\"banner-wrap right-banner\"><figure class=\"featured-thumbnail\"><a href=\"numuri\/superior\" title=\"\"><img src=\"https:\/\/hotela1.lv\/lv\/wp-content\/themes\/theme45049\/images\/home1.jpg\" title=\"\" alt=\"\" \/><\/a><\/figure><h5>biznesa<br \/>\npaka<\/h5><p>Katr\u0101 superior numur\u0101 ir: 2 divviet\u012bg\u0101s gultas vai divviet\u012bg\u0101 gulta; 4 vai 2 atp\u016btas kr\u0113sli; \u0112rts darba galds ar kr\u0113slu; Dr\u0113bju skapis; Ledusskapis<\/p><\/div><!-- .banner-wrap (end) --><\/div>\n<div class=\"span2 \"><div class=\"banner-wrap right-banner\"><figure class=\"featured-thumbnail\"><a href=\"numuri\/gimenes\" title=\"\"><img src=\"https:\/\/hotela1.lv\/lv\/wp-content\/themes\/theme45049\/images\/home2.jpg\" title=\"\" alt=\"\" \/><\/a><\/figure><h5>\u0123imenes<br \/>\npaka<\/h5><p>Katr\u0101 \u0123imenes numur\u0101 ir: 2 divviet\u012bg\u0101s gultas; 2 atp\u016btas kr\u0113sli; \u0112rts darba galds ar kr\u0113slu; Dr\u0113bju skapis; Ledusskapis<\/p><\/div><!-- .banner-wrap (end) --><\/div>\n<div class=\"span2 \"><div class=\"banner-wrap right-banner\"><figure class=\"featured-thumbnail\"><a href=\"numuri\/vienvietigs\" title=\"\"><img src=\"https:\/\/hotela1.lv\/lv\/wp-content\/themes\/theme45049\/images\/home3.jpg\" title=\"\" alt=\"\" \/><\/a><\/figure><h5>ekonomisk\u0101<br \/>\npaka<\/h5><p>Katr\u0101 numur\u0101 ir: 1 gulta; 1 atp\u016btas kr\u0113sls; \u0112rts darba galds ar kr\u0113slu;  Kabe\u013ctelev\u012bzija; Telefons; Magn\u0113tisk\u0101s atsl\u0113gas; Plaukts bag\u0101\u017eai<\/p><\/div><!-- .banner-wrap (end) --><\/div>\n<\/div><!-- .row (end) -->\n","protected":false},"excerpt":{"rendered":"","protected":false},"author":1,"featured_media":0,"parent":0,"menu_order":1,"comment_status":"closed","ping_status":"closed","template":"page-home.php","meta":[],"aioseo_notices":[],"_links":{"self":[{"href":"https:\/\/hotela1.lv\/lv\/wp-json\/wp\/v2\/pages\/6"}],"collection":[{"href":"https:\/\/hotela1.lv\/lv\/wp-json\/wp\/v2\/pages"}],"about":[{"href":"https:\/\/hotela1.lv\/lv\/wp-json\/wp\/v2\/types\/page"}],"author":[{"embeddable":true,"href":"https:\/\/hotela1.lv\/lv\/wp-json\/wp\/v2\/users\/1"}],"replies":[{"embeddable":true,"href":"https:\/\/hotela1.lv\/lv\/wp-json\/wp\/v2\/comments?post=6"}],"version-history":[{"count":0,"href":"https:\/\/hotela1.lv\/lv\/wp-json\/wp\/v2\/pages\/6\/revisions"}],"wp:attachment":[{"href":"https:\/\/hotela1.lv\/lv\/wp-json\/wp\/v2\/media?parent=6"}],"curies":[{"name":"wp","href":"https:\/\/api.w.org\/{rel}","templated":true}]}}