{"id":47,"date":"2015-12-07T09:00:16","date_gmt":"2015-12-07T09:00:16","guid":{"rendered":"https:\/\/hotela1.lv\/lv\/?page_id=47"},"modified":"2015-12-15T13:11:14","modified_gmt":"2015-12-15T13:11:14","slug":"pakalpojumi","status":"publish","type":"page","link":"https:\/\/hotela1.lv\/lv\/pakalpojumi","title":{"rendered":"Pakalpojumi"},"content":{"rendered":"<ul>\n<li>Viesu uz\u0146em\u0161ana visu diennakti<\/li>\n<li>Agr\u0101 re\u0123istr\u0101cija viesn\u012bc\u0101 (iepriek\u0161 piesakot)<\/li>\n<li>Bag\u0101\u017eas glab\u0101tuve<\/li>\n<li>Dokumentu, v\u0113rtslietu uzglab\u0101\u0161ana seif\u0101<\/li>\n<li>Gludeklis un gludin\u0101mais d\u0113lis p\u0113c piepras\u012bjuma<\/li>\n<li>Inform\u0101cija par notikumiem R\u012bg\u0101 un \u0101rpus t\u0101s<\/li>\n<li>Pils\u0113tas karte<\/li>\n<li>Taksometra izsauk\u0161ana<\/li>\n<li>Somu uzne\u0161ana, iepriek\u0161 piesakot (v\u0113sturisk\u0101 \u0113k\u0101 nav iesp\u0113jas ier\u012bkot liftu)<\/li>\n<li>Viesu nog\u0101d\u0101\u0161ana no lidostas un atpaka\u013c (par papildus samaksu)<\/li>\n<li>Pieejams fax, kop\u0113jamais apar\u0101ts<\/li>\n<li>Inform\u0101cija par laika prognozi<\/li>\n<li>B\u0113rnu gulti\u0146a p\u0113c piepras\u012bjuma<\/li>\n<\/ul>\n","protected":false},"excerpt":{"rendered":"<p>Viesu uz\u0146em\u0161ana visu diennakti Agr\u0101 re\u0123istr\u0101cija viesn\u012bc\u0101 (iepriek\u0161 piesakot) Bag\u0101\u017eas glab\u0101tuve Dokumentu, v\u0113rtslietu uzglab\u0101\u0161ana seif\u0101 Gludeklis un gludin\u0101mais d\u0113lis p\u0113c piepras\u012bjuma Inform\u0101cija par notikumiem R\u012bg\u0101 un \u0101rpus t\u0101s Pils\u0113tas karte Taksometra izsauk\u0161ana Somu uzne\u0161ana, iepriek\u0161 piesakot (v\u0113sturisk\u0101 \u0113k\u0101 nav iesp\u0113jas ier\u012bkot liftu) Viesu nog\u0101d\u0101\u0161ana no lidostas un atpaka\u013c (par papildus samaksu) Pieejams fax, kop\u0113jamais apar\u0101ts Inform\u0101cija par laika prognozi B\u0113rnu&nbsp;<a href=\"https:\/\/hotela1.lv\/lv\/pakalpojumi\" class=\"read-more\">Continue Reading<\/a><\/p>\n","protected":false},"author":1,"featured_media":0,"parent":0,"menu_order":5,"comment_status":"closed","ping_status":"closed","template":"","meta":[],"aioseo_notices":[],"_links":{"self":[{"href":"https:\/\/hotela1.lv\/lv\/wp-json\/wp\/v2\/pages\/47"}],"collection":[{"href":"https:\/\/hotela1.lv\/lv\/wp-json\/wp\/v2\/pages"}],"about":[{"href":"https:\/\/hotela1.lv\/lv\/wp-json\/wp\/v2\/types\/page"}],"author":[{"embeddable":true,"href":"https:\/\/hotela1.lv\/lv\/wp-json\/wp\/v2\/users\/1"}],"replies":[{"embeddable":true,"href":"https:\/\/hotela1.lv\/lv\/wp-json\/wp\/v2\/comments?post=47"}],"version-history":[{"count":0,"href":"https:\/\/hotela1.lv\/lv\/wp-json\/wp\/v2\/pages\/47\/revisions"}],"wp:attachment":[{"href":"https:\/\/hotela1.lv\/lv\/wp-json\/wp\/v2\/media?parent=47"}],"curies":[{"name":"wp","href":"https:\/\/api.w.org\/{rel}","templated":true}]}}