{"id":41,"date":"2015-12-08T12:30:49","date_gmt":"2015-12-08T12:30:49","guid":{"rendered":"https:\/\/hotela1.lv\/lv\/?page_id=41"},"modified":"2015-12-21T11:01:19","modified_gmt":"2015-12-21T09:01:19","slug":"trisvietigs","status":"publish","type":"page","link":"https:\/\/hotela1.lv\/lv\/numuri\/trisvietigs","title":{"rendered":"Tr\u012bsviet\u012bgs"},"content":{"rendered":"\n\t\t<style type=\"text\/css\">\n\t\t\t#gallery-1 {\n\t\t\t\tmargin: auto;\n\t\t\t}\n\t\t\t#gallery-1 .gallery-item {\n\t\t\t\tfloat: left;\n\t\t\t\tmargin-top: 10px;\n\t\t\t\ttext-align: center;\n\t\t\t\twidth: 33%;\n\t\t\t}\n\t\t\t#gallery-1 img {\n\t\t\t\tborder: 2px solid #cfcfcf;\n\t\t\t}\n\t\t\t#gallery-1 .gallery-caption {\n\t\t\t\tmargin-left: 0;\n\t\t\t}\n\t\t\t\/* see gallery_shortcode() in wp-includes\/media.php *\/\n\t\t<\/style>\n\t\t<div id='gallery-1' class='gallery galleryid-41 gallery-columns-3 gallery-size-medium'><dl class='gallery-item'>\n\t\t\t<dt class='gallery-icon landscape'>\n\t\t\t\t<a title=\"Tr\u012bsviet\u012bgs\" href='https:\/\/hotela1.lv\/lv\/wp-content\/uploads\/sites\/3\/2015\/12\/Triple_room_01.jpg'><img width=\"300\" height=\"190\" src=\"https:\/\/hotela1.lv\/lv\/wp-content\/uploads\/sites\/3\/2015\/12\/Triple_room_01-300x190.jpg\" class=\"attachment-medium size-medium\" alt=\"\" loading=\"lazy\" srcset=\"https:\/\/hotela1.lv\/lv\/wp-content\/uploads\/sites\/3\/2015\/12\/Triple_room_01-300x190.jpg 300w, https:\/\/hotela1.lv\/lv\/wp-content\/uploads\/sites\/3\/2015\/12\/Triple_room_01.jpg 820w\" sizes=\"(max-width: 300px) 100vw, 300px\" \/><\/a>\n\t\t\t<\/dt><\/dl><dl class='gallery-item'>\n\t\t\t<dt class='gallery-icon landscape'>\n\t\t\t\t<a title=\"Triple_room_02a\" href='https:\/\/hotela1.lv\/lv\/wp-content\/uploads\/sites\/3\/2015\/12\/Triple_room_02a.jpg'><img width=\"300\" height=\"190\" src=\"https:\/\/hotela1.lv\/lv\/wp-content\/uploads\/sites\/3\/2015\/12\/Triple_room_02a-300x190.jpg\" class=\"attachment-medium size-medium\" alt=\"\" loading=\"lazy\" srcset=\"https:\/\/hotela1.lv\/lv\/wp-content\/uploads\/sites\/3\/2015\/12\/Triple_room_02a-300x190.jpg 300w, https:\/\/hotela1.lv\/lv\/wp-content\/uploads\/sites\/3\/2015\/12\/Triple_room_02a.jpg 820w\" sizes=\"(max-width: 300px) 100vw, 300px\" \/><\/a>\n\t\t\t<\/dt><\/dl><dl class='gallery-item'>\n\t\t\t<dt class='gallery-icon landscape'>\n\t\t\t\t<a title=\"Triple_room_04a\" href='https:\/\/hotela1.lv\/lv\/wp-content\/uploads\/sites\/3\/2015\/12\/Triple_room_04a.jpg'><img width=\"300\" height=\"190\" src=\"https:\/\/hotela1.lv\/lv\/wp-content\/uploads\/sites\/3\/2015\/12\/Triple_room_04a-300x190.jpg\" class=\"attachment-medium size-medium\" alt=\"\" loading=\"lazy\" srcset=\"https:\/\/hotela1.lv\/lv\/wp-content\/uploads\/sites\/3\/2015\/12\/Triple_room_04a-300x190.jpg 300w, https:\/\/hotela1.lv\/lv\/wp-content\/uploads\/sites\/3\/2015\/12\/Triple_room_04a.jpg 820w\" sizes=\"(max-width: 300px) 100vw, 300px\" \/><\/a>\n\t\t\t<\/dt><\/dl><br style=\"clear: both\" \/><dl class='gallery-item'>\n\t\t\t<dt class='gallery-icon landscape'>\n\t\t\t\t<a title=\"Tr\u012bsviet\u012bgs\" href='https:\/\/hotela1.lv\/lv\/wp-content\/uploads\/sites\/3\/2015\/12\/Triple_room_03.jpg'><img width=\"300\" height=\"190\" src=\"https:\/\/hotela1.lv\/lv\/wp-content\/uploads\/sites\/3\/2015\/12\/Triple_room_03-300x190.jpg\" class=\"attachment-medium size-medium\" alt=\"\" loading=\"lazy\" srcset=\"https:\/\/hotela1.lv\/lv\/wp-content\/uploads\/sites\/3\/2015\/12\/Triple_room_03-300x190.jpg 300w, https:\/\/hotela1.lv\/lv\/wp-content\/uploads\/sites\/3\/2015\/12\/Triple_room_03.jpg 820w\" sizes=\"(max-width: 300px) 100vw, 300px\" \/><\/a>\n\t\t\t<\/dt><\/dl><dl class='gallery-item'>\n\t\t\t<dt class='gallery-icon landscape'>\n\t\t\t\t<a title=\"Tr\u012bsviet\u012bgs\" href='https:\/\/hotela1.lv\/lv\/wp-content\/uploads\/sites\/3\/2015\/12\/Triple_room_05.jpg'><img width=\"300\" height=\"190\" src=\"https:\/\/hotela1.lv\/lv\/wp-content\/uploads\/sites\/3\/2015\/12\/Triple_room_05-300x190.jpg\" class=\"attachment-medium size-medium\" alt=\"\" loading=\"lazy\" srcset=\"https:\/\/hotela1.lv\/lv\/wp-content\/uploads\/sites\/3\/2015\/12\/Triple_room_05-300x190.jpg 300w, https:\/\/hotela1.lv\/lv\/wp-content\/uploads\/sites\/3\/2015\/12\/Triple_room_05.jpg 820w\" sizes=\"(max-width: 300px) 100vw, 300px\" \/><\/a>\n\t\t\t<\/dt><\/dl><dl class='gallery-item'>\n\t\t\t<dt class='gallery-icon landscape'>\n\t\t\t\t<a title=\"Tr\u012bsviet\u012bgs\" href='https:\/\/hotela1.lv\/lv\/wp-content\/uploads\/sites\/3\/2015\/12\/Triple_room_06.jpg'><img width=\"300\" height=\"190\" src=\"https:\/\/hotela1.lv\/lv\/wp-content\/uploads\/sites\/3\/2015\/12\/Triple_room_06-300x190.jpg\" class=\"attachment-medium size-medium\" alt=\"\" loading=\"lazy\" srcset=\"https:\/\/hotela1.lv\/lv\/wp-content\/uploads\/sites\/3\/2015\/12\/Triple_room_06-300x190.jpg 300w, https:\/\/hotela1.lv\/lv\/wp-content\/uploads\/sites\/3\/2015\/12\/Triple_room_06.jpg 820w\" sizes=\"(max-width: 300px) 100vw, 300px\" \/><\/a>\n\t\t\t<\/dt><\/dl><br style=\"clear: both\" \/>\n\t\t<\/div>\n\n<p><strong>Katr\u0101 numur\u0101 ir:<\/strong><\/p>\n<ul>\n<li>3 atsevi\u0161\u0137as gultas<\/li>\n<li>3 atp\u016btas kr\u0113sli<\/li>\n<li>\u0112rts darba galds ar kr\u0113slu<\/li>\n<li>Kabe\u013ctelev\u012bzija<\/li>\n<li>Telefons<\/li>\n<li>Magn\u0113tisk\u0101s atsl\u0113gas<\/li>\n<li>Plaukts bag\u0101\u017eai<\/li>\n<li>Du\u0161a<\/li>\n<li>F\u0113ns<\/li>\n<li>Vadu internets<\/li>\n<li>Gludin\u0101mais d\u0113lis un gludeklis p\u0113c piepras\u012bjuma<\/li>\n<\/ul>\n","protected":false},"excerpt":{"rendered":"<p>Katr\u0101 numur\u0101 ir: 3 atsevi\u0161\u0137as gultas 3 atp\u016btas kr\u0113sli \u0112rts darba galds ar kr\u0113slu Kabe\u013ctelev\u012bzija Telefons Magn\u0113tisk\u0101s atsl\u0113gas Plaukts bag\u0101\u017eai Du\u0161a F\u0113ns Vadu internets Gludin\u0101mais d\u0113lis un gludeklis p\u0113c piepras\u012bjuma<\/p>\n","protected":false},"author":1,"featured_media":0,"parent":34,"menu_order":3,"comment_status":"closed","ping_status":"closed","template":"","meta":[],"aioseo_notices":[],"_links":{"self":[{"href":"https:\/\/hotela1.lv\/lv\/wp-json\/wp\/v2\/pages\/41"}],"collection":[{"href":"https:\/\/hotela1.lv\/lv\/wp-json\/wp\/v2\/pages"}],"about":[{"href":"https:\/\/hotela1.lv\/lv\/wp-json\/wp\/v2\/types\/page"}],"author":[{"embeddable":true,"href":"https:\/\/hotela1.lv\/lv\/wp-json\/wp\/v2\/users\/1"}],"replies":[{"embeddable":true,"href":"https:\/\/hotela1.lv\/lv\/wp-json\/wp\/v2\/comments?post=41"}],"version-history":[{"count":0,"href":"https:\/\/hotela1.lv\/lv\/wp-json\/wp\/v2\/pages\/41\/revisions"}],"up":[{"embeddable":true,"href":"https:\/\/hotela1.lv\/lv\/wp-json\/wp\/v2\/pages\/34"}],"wp:attachment":[{"href":"https:\/\/hotela1.lv\/lv\/wp-json\/wp\/v2\/media?parent=41"}],"curies":[{"name":"wp","href":"https:\/\/api.w.org\/{rel}","templated":true}]}}