{"id":34,"date":"2015-12-08T11:00:37","date_gmt":"2015-12-08T11:00:37","guid":{"rendered":"https:\/\/hotela1.lv\/lv\/?page_id=34"},"modified":"2015-12-15T12:56:12","modified_gmt":"2015-12-15T12:56:12","slug":"numuri","status":"publish","type":"page","link":"https:\/\/hotela1.lv\/lv\/numuri","title":{"rendered":"Numuri"},"content":{"rendered":"<h2><a href=\"\/lv\/numuri\/vienvietigs\">Vienviet\u012bgs<\/a> \u00a0 <a href=\"\/lv\/numuri\/divvietigs\">Divviet\u012bgs<\/a>\u00a0\u00a0 <a href=\"\/lv\/numuri\/trisvietigs\">Tr\u012bsviet\u012bgs<\/a>\u00a0\u00a0 <a href=\"\/lv\/numuri\/superior\">Superior<\/a> \u00a0 <a href=\"\/lv\/numuri\/gimenes\">\u0122imenes<\/a><\/h2>\n<p><strong>Katr\u0101 numur\u0101 ir:<\/strong><\/p>\n<ul>\n<li>Kvalitat\u012bva gulta un gultas ve\u013ca<\/li>\n<li>Bezmaksas pieeja LAN internetam<\/li>\n<li>Darba galds<\/li>\n<li>Kabe\u013ctelev\u012bzija<\/li>\n<li>Tie\u0161\u0101 t\u0101lru\u0146a l\u012bnija<\/li>\n<li>F\u0113ns<\/li>\n<li>Vannas istaba ar du\u0161u<\/li>\n<li>Plaukts bag\u0101\u017eai<\/li>\n<li>Gludin\u0101mais d\u0113lis un gludeklis p\u0113c piepras\u012bjuma<\/li>\n<\/ul>\n<p><strong>Iebrauk\u0161ana un izbrauk\u0161ana:<\/strong><\/p>\n<ul>\n<li>Iebrauk\u0161ana s\u0101kot no pl.14:00<\/li>\n<li>Izbrauk\u0161ana l\u012bdz pl.12:00<\/li>\n<\/ul>\n<p>Cen\u0101 iek\u013cautas brokastis un PVN 12%.<\/p>\n<p>Viesn\u012bca pied\u0101v\u0101 elast\u012bgu apmaksas sist\u0113mu ar iesp\u0113ju nor\u0113\u0137in\u0101ties skaidr\u0101 naud\u0101 vai ar maks\u0101jumu karti \u2013 Visa, Visa Electron, Maestro, MasterCard.<\/p>\n<p><strong>Atlaides:<\/strong><br \/>\nPied\u0101v\u0101jam grupu atlaides (s\u0101kot no 10 cilv\u0113kiem)<br \/>\nPas\u016btot 10 un vair\u0101k numurus, pied\u0101v\u0101jam atlaides.<br \/>\nPievilc\u012bgas cenas ilglaic\u012bgai uztur\u0113\u0161an\u0101s viesn\u012bc\u0101 (minimums 20 dienas)<\/p>\n","protected":false},"excerpt":{"rendered":"<p>Vienviet\u012bgs \u00a0 Divviet\u012bgs\u00a0\u00a0 Tr\u012bsviet\u012bgs\u00a0\u00a0 Superior \u00a0 \u0122imenes Katr\u0101 numur\u0101 ir: Kvalitat\u012bva gulta un gultas ve\u013ca Bezmaksas pieeja LAN internetam Darba galds Kabe\u013ctelev\u012bzija Tie\u0161\u0101 t\u0101lru\u0146a l\u012bnija F\u0113ns Vannas istaba ar du\u0161u Plaukts bag\u0101\u017eai Gludin\u0101mais d\u0113lis un gludeklis p\u0113c piepras\u012bjuma Iebrauk\u0161ana un izbrauk\u0161ana: Iebrauk\u0161ana s\u0101kot no pl.14:00 Izbrauk\u0161ana l\u012bdz pl.12:00 Cen\u0101 iek\u013cautas brokastis un PVN 12%. Viesn\u012bca pied\u0101v\u0101 elast\u012bgu apmaksas sist\u0113mu ar&nbsp;<a href=\"https:\/\/hotela1.lv\/lv\/numuri\" class=\"read-more\">Continue Reading<\/a><\/p>\n","protected":false},"author":1,"featured_media":0,"parent":0,"menu_order":4,"comment_status":"closed","ping_status":"closed","template":"","meta":[],"aioseo_notices":[],"_links":{"self":[{"href":"https:\/\/hotela1.lv\/lv\/wp-json\/wp\/v2\/pages\/34"}],"collection":[{"href":"https:\/\/hotela1.lv\/lv\/wp-json\/wp\/v2\/pages"}],"about":[{"href":"https:\/\/hotela1.lv\/lv\/wp-json\/wp\/v2\/types\/page"}],"author":[{"embeddable":true,"href":"https:\/\/hotela1.lv\/lv\/wp-json\/wp\/v2\/users\/1"}],"replies":[{"embeddable":true,"href":"https:\/\/hotela1.lv\/lv\/wp-json\/wp\/v2\/comments?post=34"}],"version-history":[{"count":0,"href":"https:\/\/hotela1.lv\/lv\/wp-json\/wp\/v2\/pages\/34\/revisions"}],"wp:attachment":[{"href":"https:\/\/hotela1.lv\/lv\/wp-json\/wp\/v2\/media?parent=34"}],"curies":[{"name":"wp","href":"https:\/\/api.w.org\/{rel}","templated":true}]}}