{"id":18,"date":"2015-12-07T09:00:18","date_gmt":"2015-12-07T09:00:18","guid":{"rendered":"https:\/\/hotela1.lv\/lv\/?page_id=18"},"modified":"2024-07-19T13:27:45","modified_gmt":"2024-07-19T10:27:45","slug":"par-mums","status":"publish","type":"page","link":"https:\/\/hotela1.lv\/lv\/par-mums","title":{"rendered":"Par mums"},"content":{"rendered":"<p><a href=\"https:\/\/hotela1.lv\/lv\/wp-content\/uploads\/sites\/3\/2015\/12\/A1_hotel.jpg\"><img loading=\"lazy\" class=\"size-full wp-image-82 alignleft\" src=\"https:\/\/hotela1.lv\/lv\/wp-content\/uploads\/sites\/3\/2015\/12\/A1_hotel.jpg\" alt=\"A1_hotel\" width=\"290\" height=\"240\"><\/a>A1 viesn\u012bca ir jauna, m\u016bsdien\u012bga viesn\u012bca R\u012bgas centr\u0101, atv\u0113rta 2009\/2010 gad\u0101. Viesn\u012bca piem\u0113rota viesiem, kuriem ir svar\u012bgi atrasties notikumu centr\u0101 \u2013 Vecpils\u0113ta, muzeji, koncertz\u0101les, lielveikali atrodas 10 \u2013 15 min\u016b\u0161u g\u0101jien\u0101 ar k\u0101j\u0101m no A1 viesn\u012bcas. Viesn\u012bca atrodas A.\u010caka un \u0122ertr\u016bdes ielu krustojum\u0101, ieeja no \u0122ertr\u016bdes ielas.<\/p>\n<p>Laipns un atsauc\u012bgs person\u0101ls nodro\u0161in\u0101s viesus ar visu nepiecie\u0161amo inform\u0101ciju, pils\u0113tas karti. Viesn\u012bcas administratori sniegs inform\u0101ciju gan par pas\u0101kumiem pils\u0113t\u0101, gan \u0101rpus t\u0101s, k\u0101 ar\u012b dos padomu k\u0101 r\u012bkoties, kad nepiecie\u0161ama pal\u012bdz\u012bba.<\/p>\n<p>Viesn\u012bc\u0101 ir 56 m\u016bsdien\u012bgi un \u0113rti numuri: vienviet\u012bgi, divviet\u012bgi, tr\u012bsviet\u012bgi, k\u0101 ar\u012b \u0123imenes numurs.<\/p>\n<p>Katr\u0101 istab\u0101 pieejama kabe\u013ctelev\u012bzija, internets, telefons. A1 viesn\u012bca pied\u0101v\u0101 visu nepiecie\u0161amo atp\u016btai un biznesa ce\u013cojumiem par pie\u0146emamu cenu.<\/p>\n<p>Esam atv\u0113rti ar\u012b viesiem ar m\u0101jdz\u012bvniekiem.<\/p>\n<p>M\u016bsu svar\u012bg\u0101kais m\u0113r\u0137is \u2013 lai ikviens klients m\u016bsu viesn\u012bc\u0101 j\u016bt\u0101s k\u0101 m\u0101j\u0101s un \u013coti gaid\u012bts.<\/p>\n<p>Kontakti:<br \/>\nViesn\u012bca A1, \u0122ertr\u016bdes iela 48A,<br \/>\nR\u012bga, LV-1011, Latvija<br \/>\nTelefons: +371 67282942, Fax: +371 67455041, E-pasts: info@hotela1.lv<\/p>\n<p align=\"LEFT\"><strong>REKVIZ\u012aTI<\/strong><\/p>\n<p align=\"LEFT\"><span style=\"font-family: Times New Roman, serif;\"><span style=\"font-size: large;\"><b>TITUL SIA<br \/>\nReg. Nr. <\/b><\/span><\/span><span style=\"color: #000000;\"><span style=\"font-family: Times New Roman, serif;\"><span style=\"font-size: large;\"><b>40003792287 <\/b><\/span><\/span><\/span><span style=\"font-family: Times New Roman, serif;\"><span style=\"font-size: large;\"><b><br \/>\nVAT LV<\/b><\/span><\/span><span style=\"color: #000000;\"><span style=\"font-family: Times New Roman, serif;\"><span style=\"font-size: large;\"><b>40003792287 <\/b><\/span><\/span><\/span><span style=\"font-family: Times New Roman, serif;\"><span style=\"font-size: large;\"><b><\/b><\/span><\/span><\/p>\n<p><b>Juridisk\u0101 adrese<br \/>\nSlokas iela 49-1, R\u012bga, LV-1007, Latvia<\/p>\n<p><\/b><b>Banka un Konts<br \/>\nSwedbank AS<br \/>\nLV12HABA0551012092694<br \/>\nHABALV22<\/b><b><\/b><\/p>\n","protected":false},"excerpt":{"rendered":"<p>A1 viesn\u012bca ir jauna, m\u016bsdien\u012bga viesn\u012bca R\u012bgas centr\u0101, atv\u0113rta 2009\/2010 gad\u0101. Viesn\u012bca piem\u0113rota viesiem, kuriem ir svar\u012bgi atrasties notikumu centr\u0101 \u2013 Vecpils\u0113ta, muzeji, koncertz\u0101les, lielveikali atrodas 10 \u2013 15 min\u016b\u0161u g\u0101jien\u0101 ar k\u0101j\u0101m no A1 viesn\u012bcas. Viesn\u012bca atrodas A.\u010caka un \u0122ertr\u016bdes ielu krustojum\u0101, ieeja no \u0122ertr\u016bdes ielas. Laipns un atsauc\u012bgs person\u0101ls nodro\u0161in\u0101s viesus ar visu nepiecie\u0161amo inform\u0101ciju, pils\u0113tas karti. Viesn\u012bcas&nbsp;<a href=\"https:\/\/hotela1.lv\/lv\/par-mums\" class=\"read-more\">Continue Reading<\/a><\/p>\n","protected":false},"author":1,"featured_media":0,"parent":0,"menu_order":2,"comment_status":"closed","ping_status":"closed","template":"","meta":[],"aioseo_notices":[],"_links":{"self":[{"href":"https:\/\/hotela1.lv\/lv\/wp-json\/wp\/v2\/pages\/18"}],"collection":[{"href":"https:\/\/hotela1.lv\/lv\/wp-json\/wp\/v2\/pages"}],"about":[{"href":"https:\/\/hotela1.lv\/lv\/wp-json\/wp\/v2\/types\/page"}],"author":[{"embeddable":true,"href":"https:\/\/hotela1.lv\/lv\/wp-json\/wp\/v2\/users\/1"}],"replies":[{"embeddable":true,"href":"https:\/\/hotela1.lv\/lv\/wp-json\/wp\/v2\/comments?post=18"}],"version-history":[{"count":2,"href":"https:\/\/hotela1.lv\/lv\/wp-json\/wp\/v2\/pages\/18\/revisions"}],"predecessor-version":[{"id":206,"href":"https:\/\/hotela1.lv\/lv\/wp-json\/wp\/v2\/pages\/18\/revisions\/206"}],"wp:attachment":[{"href":"https:\/\/hotela1.lv\/lv\/wp-json\/wp\/v2\/media?parent=18"}],"curies":[{"name":"wp","href":"https:\/\/api.w.org\/{rel}","templated":true}]}}