{"id":41,"date":"2015-12-09T12:00:44","date_gmt":"2015-12-09T12:00:44","guid":{"rendered":"https:\/\/hotela1.lv\/lt\/?page_id=41"},"modified":"2015-12-16T09:22:36","modified_gmt":"2015-12-16T07:22:36","slug":"paslaugos","status":"publish","type":"page","link":"https:\/\/hotela1.lv\/lt\/paslaugos","title":{"rendered":"Paslaugos"},"content":{"rendered":"<ul>\n<li>Sve\u010di\u0173 pri\u0117mimas vis\u0105 par\u0105<\/li>\n<li>Ankstyva registracija (i\u0161 anksto pareikalavus)<\/li>\n<li>Baga\u017eo saugykla<\/li>\n<li>Dokument\u0173, verting\u0173 daikt\u0173 saugojimas seife<\/li>\n<li>Lyginimo lenta ir lygintuvas, pareikalavus<\/li>\n<li>Informacija apie \u012fvykius Rygoje ir u\u017e jos rib\u0173<\/li>\n<li>Miesto \u017eem\u0117lapis<\/li>\n<li>Taksi i\u0161kvietimas<\/li>\n<li>Daikt\u0173 gabenimas, i\u0161 anksto pareikalavus (istoriniame pastate ne\u012fmanoma \u012frengti lift\u0105)<\/li>\n<li>Sve\u010di\u0173 gabenimas i\u0161 oro uosto ir atgal (u\u017e papildom\u0105 mokest\u012f)<\/li>\n<li>Yra faksas, kopijavimo aparatas<\/li>\n<li>Informacija apie oro prognoz\u0119<\/li>\n<li>Vaiki\u0161ka lovel\u0117, pareikalavus<\/li>\n<\/ul>\n","protected":false},"excerpt":{"rendered":"<p>Sve\u010di\u0173 pri\u0117mimas vis\u0105 par\u0105 Ankstyva registracija (i\u0161 anksto pareikalavus) Baga\u017eo saugykla Dokument\u0173, verting\u0173 daikt\u0173 saugojimas seife Lyginimo lenta ir lygintuvas, pareikalavus Informacija apie \u012fvykius Rygoje ir u\u017e jos rib\u0173 Miesto \u017eem\u0117lapis Taksi i\u0161kvietimas Daikt\u0173 gabenimas, i\u0161 anksto pareikalavus (istoriniame pastate ne\u012fmanoma \u012frengti lift\u0105) Sve\u010di\u0173 gabenimas i\u0161 oro uosto ir atgal (u\u017e papildom\u0105 mokest\u012f) Yra faksas, kopijavimo aparatas Informacija apie oro&nbsp;<a href=\"https:\/\/hotela1.lv\/lt\/paslaugos\" class=\"read-more\">Continue Reading<\/a><\/p>\n","protected":false},"author":1,"featured_media":0,"parent":0,"menu_order":5,"comment_status":"closed","ping_status":"closed","template":"","meta":[],"aioseo_notices":[],"_links":{"self":[{"href":"https:\/\/hotela1.lv\/lt\/wp-json\/wp\/v2\/pages\/41"}],"collection":[{"href":"https:\/\/hotela1.lv\/lt\/wp-json\/wp\/v2\/pages"}],"about":[{"href":"https:\/\/hotela1.lv\/lt\/wp-json\/wp\/v2\/types\/page"}],"author":[{"embeddable":true,"href":"https:\/\/hotela1.lv\/lt\/wp-json\/wp\/v2\/users\/1"}],"replies":[{"embeddable":true,"href":"https:\/\/hotela1.lv\/lt\/wp-json\/wp\/v2\/comments?post=41"}],"version-history":[{"count":0,"href":"https:\/\/hotela1.lv\/lt\/wp-json\/wp\/v2\/pages\/41\/revisions"}],"wp:attachment":[{"href":"https:\/\/hotela1.lv\/lt\/wp-json\/wp\/v2\/media?parent=41"}],"curies":[{"name":"wp","href":"https:\/\/api.w.org\/{rel}","templated":true}]}}