{"id":29,"date":"2015-12-09T12:30:08","date_gmt":"2015-12-09T12:30:08","guid":{"rendered":"https:\/\/hotela1.lv\/lt\/?page_id=29"},"modified":"2015-12-21T11:06:09","modified_gmt":"2015-12-21T09:06:09","slug":"seimos","status":"publish","type":"page","link":"https:\/\/hotela1.lv\/lt\/kambariai\/seimos","title":{"rendered":"\u0160eimos"},"content":{"rendered":"\n\t\t<style type=\"text\/css\">\n\t\t\t#gallery-1 {\n\t\t\t\tmargin: auto;\n\t\t\t}\n\t\t\t#gallery-1 .gallery-item {\n\t\t\t\tfloat: left;\n\t\t\t\tmargin-top: 10px;\n\t\t\t\ttext-align: center;\n\t\t\t\twidth: 33%;\n\t\t\t}\n\t\t\t#gallery-1 img {\n\t\t\t\tborder: 2px solid #cfcfcf;\n\t\t\t}\n\t\t\t#gallery-1 .gallery-caption {\n\t\t\t\tmargin-left: 0;\n\t\t\t}\n\t\t\t\/* see gallery_shortcode() in wp-includes\/media.php *\/\n\t\t<\/style>\n\t\t<div id='gallery-1' class='gallery galleryid-29 gallery-columns-3 gallery-size-medium'><dl class='gallery-item'>\n\t\t\t<dt class='gallery-icon landscape'>\n\t\t\t\t<a title=\"Family_room_01a\" href='https:\/\/hotela1.lv\/lt\/wp-content\/uploads\/sites\/5\/2015\/12\/Family_room_01a.jpg'><img width=\"300\" height=\"190\" src=\"https:\/\/hotela1.lv\/lt\/wp-content\/uploads\/sites\/5\/2015\/12\/Family_room_01a-300x190.jpg\" class=\"attachment-medium size-medium\" alt=\"\" loading=\"lazy\" srcset=\"https:\/\/hotela1.lv\/lt\/wp-content\/uploads\/sites\/5\/2015\/12\/Family_room_01a-300x190.jpg 300w, https:\/\/hotela1.lv\/lt\/wp-content\/uploads\/sites\/5\/2015\/12\/Family_room_01a.jpg 820w\" sizes=\"(max-width: 300px) 100vw, 300px\" \/><\/a>\n\t\t\t<\/dt><\/dl><dl class='gallery-item'>\n\t\t\t<dt class='gallery-icon landscape'>\n\t\t\t\t<a title=\"\u0160eimos\" href='https:\/\/hotela1.lv\/lt\/wp-content\/uploads\/sites\/5\/2015\/12\/Family_room_02.jpg'><img width=\"300\" height=\"190\" src=\"https:\/\/hotela1.lv\/lt\/wp-content\/uploads\/sites\/5\/2015\/12\/Family_room_02-300x190.jpg\" class=\"attachment-medium size-medium\" alt=\"\" loading=\"lazy\" srcset=\"https:\/\/hotela1.lv\/lt\/wp-content\/uploads\/sites\/5\/2015\/12\/Family_room_02-300x190.jpg 300w, https:\/\/hotela1.lv\/lt\/wp-content\/uploads\/sites\/5\/2015\/12\/Family_room_02.jpg 820w\" sizes=\"(max-width: 300px) 100vw, 300px\" \/><\/a>\n\t\t\t<\/dt><\/dl><dl class='gallery-item'>\n\t\t\t<dt class='gallery-icon landscape'>\n\t\t\t\t<a title=\"Family_room_02a\" href='https:\/\/hotela1.lv\/lt\/wp-content\/uploads\/sites\/5\/2015\/12\/Family_room_02a.jpg'><img width=\"300\" height=\"190\" src=\"https:\/\/hotela1.lv\/lt\/wp-content\/uploads\/sites\/5\/2015\/12\/Family_room_02a-300x190.jpg\" class=\"attachment-medium size-medium\" alt=\"\" loading=\"lazy\" srcset=\"https:\/\/hotela1.lv\/lt\/wp-content\/uploads\/sites\/5\/2015\/12\/Family_room_02a-300x190.jpg 300w, https:\/\/hotela1.lv\/lt\/wp-content\/uploads\/sites\/5\/2015\/12\/Family_room_02a.jpg 820w\" sizes=\"(max-width: 300px) 100vw, 300px\" \/><\/a>\n\t\t\t<\/dt><\/dl><br style=\"clear: both\" \/><dl class='gallery-item'>\n\t\t\t<dt class='gallery-icon landscape'>\n\t\t\t\t<a title=\"\u0160eimos\" href='https:\/\/hotela1.lv\/lt\/wp-content\/uploads\/sites\/5\/2015\/12\/Family_room_03.jpg'><img width=\"300\" height=\"190\" src=\"https:\/\/hotela1.lv\/lt\/wp-content\/uploads\/sites\/5\/2015\/12\/Family_room_03-300x190.jpg\" class=\"attachment-medium size-medium\" alt=\"\" loading=\"lazy\" srcset=\"https:\/\/hotela1.lv\/lt\/wp-content\/uploads\/sites\/5\/2015\/12\/Family_room_03-300x190.jpg 300w, https:\/\/hotela1.lv\/lt\/wp-content\/uploads\/sites\/5\/2015\/12\/Family_room_03.jpg 820w\" sizes=\"(max-width: 300px) 100vw, 300px\" \/><\/a>\n\t\t\t<\/dt><\/dl><dl class='gallery-item'>\n\t\t\t<dt class='gallery-icon landscape'>\n\t\t\t\t<a title=\"\u0160eimos\" href='https:\/\/hotela1.lv\/lt\/wp-content\/uploads\/sites\/5\/2015\/12\/Family_room_05.jpg'><img width=\"300\" height=\"190\" src=\"https:\/\/hotela1.lv\/lt\/wp-content\/uploads\/sites\/5\/2015\/12\/Family_room_05-300x190.jpg\" class=\"attachment-medium size-medium\" alt=\"\" loading=\"lazy\" srcset=\"https:\/\/hotela1.lv\/lt\/wp-content\/uploads\/sites\/5\/2015\/12\/Family_room_05-300x190.jpg 300w, https:\/\/hotela1.lv\/lt\/wp-content\/uploads\/sites\/5\/2015\/12\/Family_room_05.jpg 820w\" sizes=\"(max-width: 300px) 100vw, 300px\" \/><\/a>\n\t\t\t<\/dt><\/dl><dl class='gallery-item'>\n\t\t\t<dt class='gallery-icon landscape'>\n\t\t\t\t<a title=\"\u0160eimos\" href='https:\/\/hotela1.lv\/lt\/wp-content\/uploads\/sites\/5\/2015\/12\/Family_room_06.jpg'><img width=\"300\" height=\"190\" src=\"https:\/\/hotela1.lv\/lt\/wp-content\/uploads\/sites\/5\/2015\/12\/Family_room_06-300x190.jpg\" class=\"attachment-medium size-medium\" alt=\"\" loading=\"lazy\" srcset=\"https:\/\/hotela1.lv\/lt\/wp-content\/uploads\/sites\/5\/2015\/12\/Family_room_06-300x190.jpg 300w, https:\/\/hotela1.lv\/lt\/wp-content\/uploads\/sites\/5\/2015\/12\/Family_room_06.jpg 820w\" sizes=\"(max-width: 300px) 100vw, 300px\" \/><\/a>\n\t\t\t<\/dt><\/dl><br style=\"clear: both\" \/>\n\t\t<\/div>\n\n<p>&nbsp;<\/p>\n<p><strong>Kiekviename \u0161eimos numeryje yra:<\/strong><\/p>\n<ul>\n<li>2 dviviet\u0117s lovos<\/li>\n<li>2 k\u0117d\u0117s<\/li>\n<li>Patogus darbo stalas su k\u0117de<\/li>\n<li>Drabu\u017ein\u0117<\/li>\n<li>\u0160aldytuvas<\/li>\n<li>Kabelin\u0117 televizija<\/li>\n<li>Telefonas<\/li>\n<li>Magnetinis raktas<\/li>\n<li>Lentyna baga\u017eui<\/li>\n<li>Du\u0161as<\/li>\n<li>Plauk\u0173 d\u017eiovintuvas<\/li>\n<li>Laidinis internetas<\/li>\n<li>Lyginimo lenta ir lygintuvas, pareikalavus<\/li>\n<\/ul>\n","protected":false},"excerpt":{"rendered":"<p>&nbsp; Kiekviename \u0161eimos numeryje yra: 2 dviviet\u0117s lovos 2 k\u0117d\u0117s Patogus darbo stalas su k\u0117de Drabu\u017ein\u0117 \u0160aldytuvas Kabelin\u0117 televizija Telefonas Magnetinis raktas Lentyna baga\u017eui Du\u0161as Plauk\u0173 d\u017eiovintuvas Laidinis internetas Lyginimo lenta ir lygintuvas, pareikalavus<\/p>\n","protected":false},"author":1,"featured_media":0,"parent":19,"menu_order":5,"comment_status":"closed","ping_status":"closed","template":"","meta":[],"aioseo_notices":[],"_links":{"self":[{"href":"https:\/\/hotela1.lv\/lt\/wp-json\/wp\/v2\/pages\/29"}],"collection":[{"href":"https:\/\/hotela1.lv\/lt\/wp-json\/wp\/v2\/pages"}],"about":[{"href":"https:\/\/hotela1.lv\/lt\/wp-json\/wp\/v2\/types\/page"}],"author":[{"embeddable":true,"href":"https:\/\/hotela1.lv\/lt\/wp-json\/wp\/v2\/users\/1"}],"replies":[{"embeddable":true,"href":"https:\/\/hotela1.lv\/lt\/wp-json\/wp\/v2\/comments?post=29"}],"version-history":[{"count":0,"href":"https:\/\/hotela1.lv\/lt\/wp-json\/wp\/v2\/pages\/29\/revisions"}],"up":[{"embeddable":true,"href":"https:\/\/hotela1.lv\/lt\/wp-json\/wp\/v2\/pages\/19"}],"wp:attachment":[{"href":"https:\/\/hotela1.lv\/lt\/wp-json\/wp\/v2\/media?parent=29"}],"curies":[{"name":"wp","href":"https:\/\/api.w.org\/{rel}","templated":true}]}}