{"id":27,"date":"2015-12-09T12:00:08","date_gmt":"2015-12-09T12:00:08","guid":{"rendered":"https:\/\/hotela1.lv\/lt\/?page_id=27"},"modified":"2015-12-16T09:19:08","modified_gmt":"2015-12-16T07:19:08","slug":"liuksas","status":"publish","type":"page","link":"https:\/\/hotela1.lv\/lt\/kambariai\/liuksas","title":{"rendered":"Liuksas"},"content":{"rendered":"\n\t\t<style type=\"text\/css\">\n\t\t\t#gallery-1 {\n\t\t\t\tmargin: auto;\n\t\t\t}\n\t\t\t#gallery-1 .gallery-item {\n\t\t\t\tfloat: left;\n\t\t\t\tmargin-top: 10px;\n\t\t\t\ttext-align: center;\n\t\t\t\twidth: 33%;\n\t\t\t}\n\t\t\t#gallery-1 img {\n\t\t\t\tborder: 2px solid #cfcfcf;\n\t\t\t}\n\t\t\t#gallery-1 .gallery-caption {\n\t\t\t\tmargin-left: 0;\n\t\t\t}\n\t\t\t\/* see gallery_shortcode() in wp-includes\/media.php *\/\n\t\t<\/style>\n\t\t<div id='gallery-1' class='gallery galleryid-27 gallery-columns-3 gallery-size-medium'><dl class='gallery-item'>\n\t\t\t<dt class='gallery-icon landscape'>\n\t\t\t\t<a title=\"Liuksas\" href='https:\/\/hotela1.lv\/lt\/wp-content\/uploads\/sites\/5\/2015\/12\/Superior_room_01.jpg'><img width=\"300\" height=\"190\" src=\"https:\/\/hotela1.lv\/lt\/wp-content\/uploads\/sites\/5\/2015\/12\/Superior_room_01-300x190.jpg\" class=\"attachment-medium size-medium\" alt=\"\" loading=\"lazy\" srcset=\"https:\/\/hotela1.lv\/lt\/wp-content\/uploads\/sites\/5\/2015\/12\/Superior_room_01-300x190.jpg 300w, https:\/\/hotela1.lv\/lt\/wp-content\/uploads\/sites\/5\/2015\/12\/Superior_room_01.jpg 820w\" sizes=\"(max-width: 300px) 100vw, 300px\" \/><\/a>\n\t\t\t<\/dt><\/dl><dl class='gallery-item'>\n\t\t\t<dt class='gallery-icon landscape'>\n\t\t\t\t<a title=\"Liuksas\" href='https:\/\/hotela1.lv\/lt\/wp-content\/uploads\/sites\/5\/2015\/12\/Superior_room_02.jpg'><img width=\"300\" height=\"190\" src=\"https:\/\/hotela1.lv\/lt\/wp-content\/uploads\/sites\/5\/2015\/12\/Superior_room_02-300x190.jpg\" class=\"attachment-medium size-medium\" alt=\"\" loading=\"lazy\" srcset=\"https:\/\/hotela1.lv\/lt\/wp-content\/uploads\/sites\/5\/2015\/12\/Superior_room_02-300x190.jpg 300w, https:\/\/hotela1.lv\/lt\/wp-content\/uploads\/sites\/5\/2015\/12\/Superior_room_02.jpg 820w\" sizes=\"(max-width: 300px) 100vw, 300px\" \/><\/a>\n\t\t\t<\/dt><\/dl><dl class='gallery-item'>\n\t\t\t<dt class='gallery-icon landscape'>\n\t\t\t\t<a title=\"Liuksas\" href='https:\/\/hotela1.lv\/lt\/wp-content\/uploads\/sites\/5\/2015\/12\/Superior_room_03.jpg'><img width=\"300\" height=\"190\" src=\"https:\/\/hotela1.lv\/lt\/wp-content\/uploads\/sites\/5\/2015\/12\/Superior_room_03-300x190.jpg\" class=\"attachment-medium size-medium\" alt=\"\" loading=\"lazy\" srcset=\"https:\/\/hotela1.lv\/lt\/wp-content\/uploads\/sites\/5\/2015\/12\/Superior_room_03-300x190.jpg 300w, https:\/\/hotela1.lv\/lt\/wp-content\/uploads\/sites\/5\/2015\/12\/Superior_room_03.jpg 820w\" sizes=\"(max-width: 300px) 100vw, 300px\" \/><\/a>\n\t\t\t<\/dt><\/dl><br style=\"clear: both\" \/><dl class='gallery-item'>\n\t\t\t<dt class='gallery-icon landscape'>\n\t\t\t\t<a title=\"Liuksas\" href='https:\/\/hotela1.lv\/lt\/wp-content\/uploads\/sites\/5\/2015\/12\/Superior_room_04.jpg'><img width=\"300\" height=\"190\" src=\"https:\/\/hotela1.lv\/lt\/wp-content\/uploads\/sites\/5\/2015\/12\/Superior_room_04-300x190.jpg\" class=\"attachment-medium size-medium\" alt=\"\" loading=\"lazy\" srcset=\"https:\/\/hotela1.lv\/lt\/wp-content\/uploads\/sites\/5\/2015\/12\/Superior_room_04-300x190.jpg 300w, https:\/\/hotela1.lv\/lt\/wp-content\/uploads\/sites\/5\/2015\/12\/Superior_room_04.jpg 820w\" sizes=\"(max-width: 300px) 100vw, 300px\" \/><\/a>\n\t\t\t<\/dt><\/dl><dl class='gallery-item'>\n\t\t\t<dt class='gallery-icon landscape'>\n\t\t\t\t<a title=\"Liuksas\" href='https:\/\/hotela1.lv\/lt\/wp-content\/uploads\/sites\/5\/2015\/12\/Superior_room_05.jpg'><img width=\"300\" height=\"190\" src=\"https:\/\/hotela1.lv\/lt\/wp-content\/uploads\/sites\/5\/2015\/12\/Superior_room_05-300x190.jpg\" class=\"attachment-medium size-medium\" alt=\"\" loading=\"lazy\" srcset=\"https:\/\/hotela1.lv\/lt\/wp-content\/uploads\/sites\/5\/2015\/12\/Superior_room_05-300x190.jpg 300w, https:\/\/hotela1.lv\/lt\/wp-content\/uploads\/sites\/5\/2015\/12\/Superior_room_05.jpg 820w\" sizes=\"(max-width: 300px) 100vw, 300px\" \/><\/a>\n\t\t\t<\/dt><\/dl><dl class='gallery-item'>\n\t\t\t<dt class='gallery-icon landscape'>\n\t\t\t\t<a title=\"Liuksas\" href='https:\/\/hotela1.lv\/lt\/wp-content\/uploads\/sites\/5\/2015\/12\/Superior_room_06.jpg'><img width=\"300\" height=\"190\" src=\"https:\/\/hotela1.lv\/lt\/wp-content\/uploads\/sites\/5\/2015\/12\/Superior_room_06-300x190.jpg\" class=\"attachment-medium size-medium\" alt=\"\" loading=\"lazy\" srcset=\"https:\/\/hotela1.lv\/lt\/wp-content\/uploads\/sites\/5\/2015\/12\/Superior_room_06-300x190.jpg 300w, https:\/\/hotela1.lv\/lt\/wp-content\/uploads\/sites\/5\/2015\/12\/Superior_room_06.jpg 820w\" sizes=\"(max-width: 300px) 100vw, 300px\" \/><\/a>\n\t\t\t<\/dt><\/dl><br style=\"clear: both\" \/>\n\t\t<\/div>\n\n&nbsp;<br \/>\n<strong>Kiekviename liukso numeryje yra:<\/strong><\/p>\n<ul>\n<li>2 dviviet\u0117s lovos arba dviviet\u0117 lova<\/li>\n<li>Oro kondicionieriai pagrindiniame pastate<\/li>\n<li>2 arba 4 k\u0117d\u0117s<\/li>\n<li>Patogus darbo stalas su k\u0117de<\/li>\n<li>Drabu\u017ein\u0117<\/li>\n<li>\u0160aldytuvas<\/li>\n<li>Kabelin\u0117 televizija<\/li>\n<li>Telefonas<\/li>\n<li>Magnetinis raktas<\/li>\n<li>Lentyna baga\u017eui<\/li>\n<li>Du\u0161as<\/li>\n<li>Plauk\u0173 d\u017eiovintuvas<\/li>\n<li>Laidinis internetas<\/li>\n<li>Lyginimo lenta ir lygintuvas, pareikalavus<\/li>\n<li>Papildoma lova, pareikalavus<\/li>\n<li>Gaivus Rygos \u0161ampanas<\/li>\n<\/ul>\n","protected":false},"excerpt":{"rendered":"<p>&nbsp; Kiekviename liukso numeryje yra: 2 dviviet\u0117s lovos arba dviviet\u0117 lova Oro kondicionieriai pagrindiniame pastate 2 arba 4 k\u0117d\u0117s Patogus darbo stalas su k\u0117de Drabu\u017ein\u0117 \u0160aldytuvas Kabelin\u0117 televizija Telefonas Magnetinis raktas Lentyna baga\u017eui Du\u0161as Plauk\u0173 d\u017eiovintuvas Laidinis internetas Lyginimo lenta ir lygintuvas, pareikalavus Papildoma lova, pareikalavus Gaivus Rygos \u0161ampanas<\/p>\n","protected":false},"author":1,"featured_media":0,"parent":19,"menu_order":4,"comment_status":"closed","ping_status":"closed","template":"","meta":[],"aioseo_notices":[],"_links":{"self":[{"href":"https:\/\/hotela1.lv\/lt\/wp-json\/wp\/v2\/pages\/27"}],"collection":[{"href":"https:\/\/hotela1.lv\/lt\/wp-json\/wp\/v2\/pages"}],"about":[{"href":"https:\/\/hotela1.lv\/lt\/wp-json\/wp\/v2\/types\/page"}],"author":[{"embeddable":true,"href":"https:\/\/hotela1.lv\/lt\/wp-json\/wp\/v2\/users\/1"}],"replies":[{"embeddable":true,"href":"https:\/\/hotela1.lv\/lt\/wp-json\/wp\/v2\/comments?post=27"}],"version-history":[{"count":0,"href":"https:\/\/hotela1.lv\/lt\/wp-json\/wp\/v2\/pages\/27\/revisions"}],"up":[{"embeddable":true,"href":"https:\/\/hotela1.lv\/lt\/wp-json\/wp\/v2\/pages\/19"}],"wp:attachment":[{"href":"https:\/\/hotela1.lv\/lt\/wp-json\/wp\/v2\/media?parent=27"}],"curies":[{"name":"wp","href":"https:\/\/api.w.org\/{rel}","templated":true}]}}