{"id":23,"date":"2015-12-09T11:00:07","date_gmt":"2015-12-09T11:00:07","guid":{"rendered":"https:\/\/hotela1.lv\/lt\/?page_id=23"},"modified":"2015-12-16T09:12:56","modified_gmt":"2015-12-16T07:12:56","slug":"dvivietis","status":"publish","type":"page","link":"https:\/\/hotela1.lv\/lt\/kambariai\/dvivietis","title":{"rendered":"Dvivietis"},"content":{"rendered":"\n\t\t<style type=\"text\/css\">\n\t\t\t#gallery-1 {\n\t\t\t\tmargin: auto;\n\t\t\t}\n\t\t\t#gallery-1 .gallery-item {\n\t\t\t\tfloat: left;\n\t\t\t\tmargin-top: 10px;\n\t\t\t\ttext-align: center;\n\t\t\t\twidth: 33%;\n\t\t\t}\n\t\t\t#gallery-1 img {\n\t\t\t\tborder: 2px solid #cfcfcf;\n\t\t\t}\n\t\t\t#gallery-1 .gallery-caption {\n\t\t\t\tmargin-left: 0;\n\t\t\t}\n\t\t\t\/* see gallery_shortcode() in wp-includes\/media.php *\/\n\t\t<\/style>\n\t\t<div id='gallery-1' class='gallery galleryid-23 gallery-columns-3 gallery-size-medium'><dl class='gallery-item'>\n\t\t\t<dt class='gallery-icon landscape'>\n\t\t\t\t<a title=\"Dvivietis\" href='https:\/\/hotela1.lv\/lt\/wp-content\/uploads\/sites\/5\/2015\/12\/Double_Room_01.jpg'><img width=\"300\" height=\"190\" src=\"https:\/\/hotela1.lv\/lt\/wp-content\/uploads\/sites\/5\/2015\/12\/Double_Room_01-300x190.jpg\" class=\"attachment-medium size-medium\" alt=\"\" loading=\"lazy\" srcset=\"https:\/\/hotela1.lv\/lt\/wp-content\/uploads\/sites\/5\/2015\/12\/Double_Room_01-300x190.jpg 300w, https:\/\/hotela1.lv\/lt\/wp-content\/uploads\/sites\/5\/2015\/12\/Double_Room_01.jpg 820w\" sizes=\"(max-width: 300px) 100vw, 300px\" \/><\/a>\n\t\t\t<\/dt><\/dl><dl class='gallery-item'>\n\t\t\t<dt class='gallery-icon landscape'>\n\t\t\t\t<a title=\"Dvivietis\" href='https:\/\/hotela1.lv\/lt\/wp-content\/uploads\/sites\/5\/2015\/12\/Double_Room_02.jpg'><img width=\"300\" height=\"190\" src=\"https:\/\/hotela1.lv\/lt\/wp-content\/uploads\/sites\/5\/2015\/12\/Double_Room_02-300x190.jpg\" class=\"attachment-medium size-medium\" alt=\"\" loading=\"lazy\" srcset=\"https:\/\/hotela1.lv\/lt\/wp-content\/uploads\/sites\/5\/2015\/12\/Double_Room_02-300x190.jpg 300w, https:\/\/hotela1.lv\/lt\/wp-content\/uploads\/sites\/5\/2015\/12\/Double_Room_02.jpg 820w\" sizes=\"(max-width: 300px) 100vw, 300px\" \/><\/a>\n\t\t\t<\/dt><\/dl><dl class='gallery-item'>\n\t\t\t<dt class='gallery-icon landscape'>\n\t\t\t\t<a title=\"Dvivietis\" href='https:\/\/hotela1.lv\/lt\/wp-content\/uploads\/sites\/5\/2015\/12\/Double_Room_03.jpg'><img width=\"300\" height=\"190\" src=\"https:\/\/hotela1.lv\/lt\/wp-content\/uploads\/sites\/5\/2015\/12\/Double_Room_03-300x190.jpg\" class=\"attachment-medium size-medium\" alt=\"\" loading=\"lazy\" srcset=\"https:\/\/hotela1.lv\/lt\/wp-content\/uploads\/sites\/5\/2015\/12\/Double_Room_03-300x190.jpg 300w, https:\/\/hotela1.lv\/lt\/wp-content\/uploads\/sites\/5\/2015\/12\/Double_Room_03.jpg 820w\" sizes=\"(max-width: 300px) 100vw, 300px\" \/><\/a>\n\t\t\t<\/dt><\/dl><br style=\"clear: both\" \/><dl class='gallery-item'>\n\t\t\t<dt class='gallery-icon landscape'>\n\t\t\t\t<a title=\"Dvivietis\" href='https:\/\/hotela1.lv\/lt\/wp-content\/uploads\/sites\/5\/2015\/12\/Double_Room_04.jpg'><img width=\"300\" height=\"190\" src=\"https:\/\/hotela1.lv\/lt\/wp-content\/uploads\/sites\/5\/2015\/12\/Double_Room_04-300x190.jpg\" class=\"attachment-medium size-medium\" alt=\"\" loading=\"lazy\" srcset=\"https:\/\/hotela1.lv\/lt\/wp-content\/uploads\/sites\/5\/2015\/12\/Double_Room_04-300x190.jpg 300w, https:\/\/hotela1.lv\/lt\/wp-content\/uploads\/sites\/5\/2015\/12\/Double_Room_04.jpg 820w\" sizes=\"(max-width: 300px) 100vw, 300px\" \/><\/a>\n\t\t\t<\/dt><\/dl><dl class='gallery-item'>\n\t\t\t<dt class='gallery-icon landscape'>\n\t\t\t\t<a title=\"Dvivietis\" href='https:\/\/hotela1.lv\/lt\/wp-content\/uploads\/sites\/5\/2015\/12\/Double_Room_05.jpg'><img width=\"300\" height=\"190\" src=\"https:\/\/hotela1.lv\/lt\/wp-content\/uploads\/sites\/5\/2015\/12\/Double_Room_05-300x190.jpg\" class=\"attachment-medium size-medium\" alt=\"\" loading=\"lazy\" srcset=\"https:\/\/hotela1.lv\/lt\/wp-content\/uploads\/sites\/5\/2015\/12\/Double_Room_05-300x190.jpg 300w, https:\/\/hotela1.lv\/lt\/wp-content\/uploads\/sites\/5\/2015\/12\/Double_Room_05.jpg 820w\" sizes=\"(max-width: 300px) 100vw, 300px\" \/><\/a>\n\t\t\t<\/dt><\/dl><dl class='gallery-item'>\n\t\t\t<dt class='gallery-icon landscape'>\n\t\t\t\t<a title=\"Dvivietis\" href='https:\/\/hotela1.lv\/lt\/wp-content\/uploads\/sites\/5\/2015\/12\/Double_Room_06.jpg'><img width=\"300\" height=\"190\" src=\"https:\/\/hotela1.lv\/lt\/wp-content\/uploads\/sites\/5\/2015\/12\/Double_Room_06-300x190.jpg\" class=\"attachment-medium size-medium\" alt=\"\" loading=\"lazy\" srcset=\"https:\/\/hotela1.lv\/lt\/wp-content\/uploads\/sites\/5\/2015\/12\/Double_Room_06-300x190.jpg 300w, https:\/\/hotela1.lv\/lt\/wp-content\/uploads\/sites\/5\/2015\/12\/Double_Room_06.jpg 820w\" sizes=\"(max-width: 300px) 100vw, 300px\" \/><\/a>\n\t\t\t<\/dt><\/dl><br style=\"clear: both\" \/>\n\t\t<\/div>\n\n&nbsp;<br \/>\n<strong>Kiekviename kambaryje yra:<\/strong><\/p>\n<ul>\n<li>Dviviet\u0117 lova\/2 atskiros lovos<\/li>\n<li>Oro kondicionieriai pagrindiniame pastate<\/li>\n<li>2 k\u0117d\u0117s<\/li>\n<li>Patogus darbo stalas su k\u0117de<\/li>\n<li>Kabelin\u0117 televizija<\/li>\n<li>Telefonas<\/li>\n<li>Magnetinis raktas<\/li>\n<li>Lentyna baga\u017eui<\/li>\n<li>Du\u0161as<\/li>\n<li>Plauk\u0173 d\u017eiovintuvas<\/li>\n<li>Laidinis internetas<\/li>\n<li>Lyginimo lenta ir lygintuvas, pareikalavus<\/li>\n<li>Papildoma lova, pareikalavus<\/li>\n<\/ul>\n","protected":false},"excerpt":{"rendered":"<p>&nbsp; Kiekviename kambaryje yra: Dviviet\u0117 lova\/2 atskiros lovos Oro kondicionieriai pagrindiniame pastate 2 k\u0117d\u0117s Patogus darbo stalas su k\u0117de Kabelin\u0117 televizija Telefonas Magnetinis raktas Lentyna baga\u017eui Du\u0161as Plauk\u0173 d\u017eiovintuvas Laidinis internetas Lyginimo lenta ir lygintuvas, pareikalavus Papildoma lova, pareikalavus<\/p>\n","protected":false},"author":1,"featured_media":0,"parent":19,"menu_order":2,"comment_status":"closed","ping_status":"closed","template":"","meta":[],"aioseo_notices":[],"_links":{"self":[{"href":"https:\/\/hotela1.lv\/lt\/wp-json\/wp\/v2\/pages\/23"}],"collection":[{"href":"https:\/\/hotela1.lv\/lt\/wp-json\/wp\/v2\/pages"}],"about":[{"href":"https:\/\/hotela1.lv\/lt\/wp-json\/wp\/v2\/types\/page"}],"author":[{"embeddable":true,"href":"https:\/\/hotela1.lv\/lt\/wp-json\/wp\/v2\/users\/1"}],"replies":[{"embeddable":true,"href":"https:\/\/hotela1.lv\/lt\/wp-json\/wp\/v2\/comments?post=23"}],"version-history":[{"count":0,"href":"https:\/\/hotela1.lv\/lt\/wp-json\/wp\/v2\/pages\/23\/revisions"}],"up":[{"embeddable":true,"href":"https:\/\/hotela1.lv\/lt\/wp-json\/wp\/v2\/pages\/19"}],"wp:attachment":[{"href":"https:\/\/hotela1.lv\/lt\/wp-json\/wp\/v2\/media?parent=23"}],"curies":[{"name":"wp","href":"https:\/\/api.w.org\/{rel}","templated":true}]}}