{"id":19,"date":"2015-12-09T09:30:32","date_gmt":"2015-12-09T09:30:32","guid":{"rendered":"https:\/\/hotela1.lv\/lt\/?page_id=19"},"modified":"2015-12-16T09:07:08","modified_gmt":"2015-12-16T07:07:08","slug":"kambariai","status":"publish","type":"page","link":"https:\/\/hotela1.lv\/lt\/kambariai","title":{"rendered":"Kambariai"},"content":{"rendered":"<h2><a href=\"\/lt\/kambariai\/vienvietis\">Vienvietis\u00a0<\/a> <a href=\"\/lt\/kambariai\/dvivietis\">Dvivietis<\/a>\u00a0 <a href=\"\/lt\/kambariai\/trivietis\">Trivietis\u00a0<\/a> <a href=\"\/lt\/kambariai\/liuksas\">Liuksas<\/a>\u00a0 <a href=\"\/lt\/kambariai\/seimos\">\u0160eimos<\/a><\/h2>\n<p><strong>Kiekviename numeryje yra:<\/strong><\/p>\n<ul>\n<li>Kokybi\u0161ka lova ir patalyn\u0117<\/li>\n<li>Nemokamas LAN internetas<\/li>\n<li>Darbo stalas<\/li>\n<li>Kabelin\u0117 televizija<\/li>\n<li>Tiesiogin\u0117 telefono linija<\/li>\n<li>Plauk\u0173 d\u017eiovintuvas<\/li>\n<li>Vonios kambarys su du\u0161u<\/li>\n<li>Lentyna baga\u017eui<\/li>\n<li>Lyginimo lenta ir lygintuvas, pareikalavus<\/li>\n<\/ul>\n<p><strong>\u012eregistravimas ir i\u0161registravimas:<\/strong><\/p>\n<ul>\n<li>\u012eregistravimas nuo 14.00 val.<\/li>\n<li>I\u0161registravimas iki 12.00 val.<\/li>\n<\/ul>\n<p>\u012e kain\u0105 \u012ftraukti pusry\u010diai ir PVM PVN 12%.<br \/>\nVie\u0161butyje si\u016bloma lanksti mok\u0117jimo sistema su galimybe atsiskaityti ir grynaisiais pinigais, ir mok\u0117jimo kortel\u0117mis \u201eVisa\u201d, \u201eVisa Electron\u201d, \u201eMaestro\u201d, \u201eMasterCard\u201d.<\/p>\n<p><strong>Nuolaidos:<\/strong><br \/>\nSi\u016blome nuolaidas grup\u0117ms (nuo 10 asmen\u0173).<br \/>\nU\u017esakius 10 ir daugiau numeri\u0173 taikomos nuolaidos.<br \/>\nPatrauklios kainos ilgalaikiam apgyvendinimui vie\u0161butyje (ma\u017eiausiai 20 dien\u0173).<\/p>\n","protected":false},"excerpt":{"rendered":"<p>Vienvietis\u00a0 Dvivietis\u00a0 Trivietis\u00a0 Liuksas\u00a0 \u0160eimos Kiekviename numeryje yra: Kokybi\u0161ka lova ir patalyn\u0117 Nemokamas LAN internetas Darbo stalas Kabelin\u0117 televizija Tiesiogin\u0117 telefono linija Plauk\u0173 d\u017eiovintuvas Vonios kambarys su du\u0161u Lentyna baga\u017eui Lyginimo lenta ir lygintuvas, pareikalavus \u012eregistravimas ir i\u0161registravimas: \u012eregistravimas nuo 14.00 val. I\u0161registravimas iki 12.00 val. \u012e kain\u0105 \u012ftraukti pusry\u010diai ir PVM PVN 12%. Vie\u0161butyje si\u016bloma lanksti mok\u0117jimo sistema su&nbsp;<a href=\"https:\/\/hotela1.lv\/lt\/kambariai\" class=\"read-more\">Continue Reading<\/a><\/p>\n","protected":false},"author":1,"featured_media":0,"parent":0,"menu_order":4,"comment_status":"closed","ping_status":"closed","template":"","meta":[],"aioseo_notices":[],"_links":{"self":[{"href":"https:\/\/hotela1.lv\/lt\/wp-json\/wp\/v2\/pages\/19"}],"collection":[{"href":"https:\/\/hotela1.lv\/lt\/wp-json\/wp\/v2\/pages"}],"about":[{"href":"https:\/\/hotela1.lv\/lt\/wp-json\/wp\/v2\/types\/page"}],"author":[{"embeddable":true,"href":"https:\/\/hotela1.lv\/lt\/wp-json\/wp\/v2\/users\/1"}],"replies":[{"embeddable":true,"href":"https:\/\/hotela1.lv\/lt\/wp-json\/wp\/v2\/comments?post=19"}],"version-history":[{"count":0,"href":"https:\/\/hotela1.lv\/lt\/wp-json\/wp\/v2\/pages\/19\/revisions"}],"wp:attachment":[{"href":"https:\/\/hotela1.lv\/lt\/wp-json\/wp\/v2\/media?parent=19"}],"curies":[{"name":"wp","href":"https:\/\/api.w.org\/{rel}","templated":true}]}}