{"id":17,"date":"2015-12-09T09:00:15","date_gmt":"2015-12-09T09:00:15","guid":{"rendered":"https:\/\/hotela1.lv\/lt\/?page_id=17"},"modified":"2018-06-01T23:12:07","modified_gmt":"2018-06-01T20:12:07","slug":"apie-mus","status":"publish","type":"page","link":"https:\/\/hotela1.lv\/lt\/apie-mus","title":{"rendered":"Apie mus"},"content":{"rendered":"<p><a href=\"https:\/\/hotela1.lv\/lt\/wp-content\/uploads\/sites\/5\/2015\/12\/A1_hotel.jpg\"><img loading=\"lazy\" class=\"size-full wp-image-61 alignleft\" src=\"https:\/\/hotela1.lv\/lt\/wp-content\/uploads\/sites\/5\/2015\/12\/A1_hotel.jpg\" alt=\"A1_hotel\" width=\"290\" height=\"240\" \/><\/a>A1 vie\u0161butis \u2013 naujas \u0161iuolaiki\u0161kas vie\u0161butis Rygos centre, atv\u0117r\u0117 savo duris 2009\/2010 metais. Vie\u0161butis pritaikytas sve\u010diams, kuriems svarbu b\u016bti \u012fvyki\u0173 centre \u2013 Senamiestis, muziejai, koncerto sal\u0117s, prekybos centrai yra 10-15 minu\u010di\u0173 p\u0117s\u010diomis nuo A1 vie\u0161bu\u010dio. Vie\u0161butis \u012fsik\u016br\u0119s A. \u010caka ir<\/p>\n<p>Gertrudes gatvi\u0173 sankry\u017eoje, \u012f\u0117jimas i\u0161 Gertrudes gatv\u0117s. Vie\u0161butis yra vir\u0161utiniuose dviejuose istorinio pastato auk\u0161tuose. Pirmuosiuose pastato auk\u0161tuose yra biliardo klubas, baras, kuriame maloniai laukiami visi vie\u0161bu\u010dio sve\u010diai, norintys pa\u017eaisti pul\u0105, snuker\u012f, rus\u0173 biliard\u0105.<\/p>\n<p>Malonus ir r\u016bpestingas personalas suteiks sve\u010diams vis\u0105 reikiam\u0105 informacij\u0105, miesto \u017eem\u0117lap\u012f. Vie\u0161bu\u010dio administratoriai papasakos apie \u012fvykius mieste ir u\u017e jo rib\u0173, taip pat patars, kaip elgtis, kai reikia pagalbos.<\/p>\n<p>Vie\u0161butyje yra 37 \u0161iuolaiki\u0161ki ir patog\u016bs numeriai: vienvie\u010diai, dvivie\u010diai, trivie\u010diai, taip pat \u0161eimos numeris.<\/p>\n<p>Kiekviename kambaryje yra kabelin\u0117 televizija, laidinis internetas, telefonas. A1 vie\u0161butis si\u016blo visk\u0105, ko reikia poilsiui ir verslo kelion\u0117ms u\u017e prieinam\u0105 kain\u0105.<br \/>\nPriimame ir sve\u010dius su naminiais gyv\u016bnais.<\/p>\n<p>M\u016bs\u0173 svarbiausias tikslas \u2013 kad kiekvienas m\u016bs\u0173 laukiamas vie\u0161butyje klientas jaust\u0173si kaip namuose.<\/p>\n<p><strong>Kontaktai:<\/strong><br \/>\nVie\u0161butis A1, \u0122ertr\u016bdes g. 48A,<br \/>\nRyga, LV-1011, Latvija<br \/>\nTelefonas: +371 67282942, Faksas: +371 67455041, El. pa\u0161tas: info@hotela1.lv<\/p>\n","protected":false},"excerpt":{"rendered":"<p>A1 vie\u0161butis \u2013 naujas \u0161iuolaiki\u0161kas vie\u0161butis Rygos centre, atv\u0117r\u0117 savo duris 2009\/2010 metais. Vie\u0161butis pritaikytas sve\u010diams, kuriems svarbu b\u016bti \u012fvyki\u0173 centre \u2013 Senamiestis, muziejai, koncerto sal\u0117s, prekybos centrai yra 10-15 minu\u010di\u0173 p\u0117s\u010diomis nuo A1 vie\u0161bu\u010dio. Vie\u0161butis \u012fsik\u016br\u0119s A. \u010caka ir Gertrudes gatvi\u0173 sankry\u017eoje, \u012f\u0117jimas i\u0161 Gertrudes gatv\u0117s. Vie\u0161butis yra vir\u0161utiniuose dviejuose istorinio pastato auk\u0161tuose. Pirmuosiuose pastato auk\u0161tuose yra biliardo klubas,&nbsp;<a href=\"https:\/\/hotela1.lv\/lt\/apie-mus\" class=\"read-more\">Continue Reading<\/a><\/p>\n","protected":false},"author":1,"featured_media":0,"parent":0,"menu_order":2,"comment_status":"closed","ping_status":"closed","template":"","meta":[],"aioseo_notices":[],"_links":{"self":[{"href":"https:\/\/hotela1.lv\/lt\/wp-json\/wp\/v2\/pages\/17"}],"collection":[{"href":"https:\/\/hotela1.lv\/lt\/wp-json\/wp\/v2\/pages"}],"about":[{"href":"https:\/\/hotela1.lv\/lt\/wp-json\/wp\/v2\/types\/page"}],"author":[{"embeddable":true,"href":"https:\/\/hotela1.lv\/lt\/wp-json\/wp\/v2\/users\/1"}],"replies":[{"embeddable":true,"href":"https:\/\/hotela1.lv\/lt\/wp-json\/wp\/v2\/comments?post=17"}],"version-history":[{"count":0,"href":"https:\/\/hotela1.lv\/lt\/wp-json\/wp\/v2\/pages\/17\/revisions"}],"wp:attachment":[{"href":"https:\/\/hotela1.lv\/lt\/wp-json\/wp\/v2\/media?parent=17"}],"curies":[{"name":"wp","href":"https:\/\/api.w.org\/{rel}","templated":true}]}}