{"id":6,"date":"2015-12-04T11:00:11","date_gmt":"2015-12-04T11:00:11","guid":{"rendered":"https:\/\/hotela1.lv\/ee\/?page_id=6"},"modified":"2018-06-04T14:26:10","modified_gmt":"2018-06-04T11:26:10","slug":"home","status":"publish","type":"page","link":"https:\/\/hotela1.lv\/ee\/","title":{"rendered":"Home"},"content":{"rendered":"<div style=\"width: 100%; height: 72px;  padding:10px 0px 10px 0px; float: right;\">\n<div id=\"_bn_widget_\">\n<\/div>\n<p><script src=\"http:\/\/widget.bnovo.ru\/js\/bnovo.js\"><\/script><br \/>\n<script type=\"text\/javascript\">\n  Bnovo_Widget.init(function(){\n    Bnovo_Widget.open('_bn_widget_', {\n        type: \"horizontal\",\n        lcode: \"1411474125\",\n        layout: \"lightgray\",\n        width: \"100%\",\n        background: \"#2D2D2D\",\n        bg_alpha: \"100\",\n        padding: \"44\",\n        btn_background: \"#95050F\",\n        btn_background_over: \"#BB0101\",\n        btn_textcolor: \"#FFFFFF\",\n        url: \"https:\/\/hotela1.lv\/ee\/reserveerimine\",\n        lang: \"en\",\n        arrival: \"Saabumine\",\n        departure: \"V\u00e4ljas\u00f5it\",\n        btn_text: \"N\u00e4ita k\u00e4ttesaadavus\"\n    });\n  });\n<\/script><br \/>\n<\/br>\n<\/div>\n<div class=\"wrap\">\n<div class=\"row \">\n<div class=\"span3 \"><a href=\"\/ee\/meie\/kontaktid\"><div class=\"title-box clearfix top-banner second\"><h2 class=\"title-box_primary\">Meie asukoht<\/h2><h3 class=\"title-box_secondary\">Hotell A1, \u0122ertr\u016bdes t\u00e4nav 48A<\/h3><\/div><!-- \/\/.title-box --><\/a><\/p><\/div>\n<div class=\"span3 \"><a href=\"\/ee\/toad-ja-hinnad\"><div class=\"title-box clearfix top-banner second\"><h2 class=\"title-box_primary\">Toad ja hinnad<\/h2><h3 class=\"title-box_secondary\">stay with us<\/h3><\/div><!-- \/\/.title-box --><\/a><br \/><\/div>\n<div class=\"span3 \"><a href=\"\/ee\/teenused\/baar\"><div class=\"title-box clearfix top-banner third\"><h2 class=\"title-box_primary\">Baar<br \/>\n<span><\/span><\/h2><h3 class=\"title-box_secondary\">Iga meie maitsev pearoog n\u00f5ud<\/h3><\/div><!-- \/\/.title-box --><\/a><br \/><\/div>\n<div class=\"span3 \"><a href=\"\/ee\/archives\/159\"><div class=\"title-box clearfix top-banner last\"><h2 class=\"title-box_primary\">Eriline<br \/>\n<span><\/span><\/h2><h3 class=\"title-box_secondary\">Allahindlused<\/h3><\/div><!-- \/\/.title-box --><\/a><br \/><\/div>\n<\/div><!-- .row (end) --><\/div> <!-- fon (end) -->\n<div class=\"row \">\n<div class=\"span6 \"><div class=\"banner-wrap home-banner\"><h5>Events in Latvia <\/h5><p>Vocal night with Natalia Arkhipova and Laurent Naouri - liveriga.com Natalia Arkhipova (soprano, Russia), Laurent Naouri (bass-baritone, France) and Elena Filonova (piano, France) will perform Georges Bizet, Gabriel Faur\u00e9, Claude Debussy, Reinhold Gli\u00e8re, Henri Duparc, Pyotr Tchaikovsky, Sergei Rachmaninoff. <span>The 300th anniversary of C.P.E. Bach\u2019s birthday. - liveriga.com<br \/>\nThis year the whole music world is celebrating this great anniversary, and these concerts will open the autumn cycle of the Bach festival in Riga. Six brilliant pianists will give listener\u2019s a glimpse of C.P.E. Bach\u2019s world of keyboard music, performing his sonatas, rondos and fantasies.<\/span><\/p><div class=\"link-align\"><a href=\"archives\/65\" title=\"Loe rohkem\" class=\"btn btn-link\" target=\"_self\">Loe rohkem<\/a><\/div><\/div><!-- .banner-wrap (end) --><\/div>\n<div class=\"span2 \"><div class=\"banner-wrap right-banner\"><figure class=\"featured-thumbnail\"><a href=\"rooms\/superior-room\" title=\"\"><img src=\"https:\/\/hotela1.lv\/ee\/wp-content\/themes\/theme45049\/images\/home1.jpg\" title=\"\" alt=\"\" \/><\/a><\/figure><h5>business<br \/>\npackage<\/h5><p>Each Superior room has: Good quality bed and linen; Chairs; Comfortable working place, desk and chair ...<\/p><\/div><!-- .banner-wrap (end) --><\/div>\n<div class=\"span2 \"><div class=\"banner-wrap right-banner\"><figure class=\"featured-thumbnail\"><a href=\"rooms\/family-room\" title=\"\"><img src=\"https:\/\/hotela1.lv\/ee\/wp-content\/themes\/theme45049\/images\/home2.jpg\" title=\"\" alt=\"\" \/><\/a><\/figure><h5>family<br \/>\npackage<\/h5><p>Each family room has: Good quality bed and linen; Chairs; Comfortable working place, desk and chair .....<\/p><\/div><!-- .banner-wrap (end) --><\/div>\n<div class=\"span2 \"><div class=\"banner-wrap right-banner\"><figure class=\"featured-thumbnail\"><a href=\"rooms\/single-room\" title=\"\"><img src=\"https:\/\/hotela1.lv\/ee\/wp-content\/themes\/theme45049\/images\/home3.jpg\" title=\"\" alt=\"\" \/><\/a><\/figure><h5>economy<br \/>\npackage<\/h5><p>Each room has a: TV, cable; telephone; shower; hair dryer; central  heating; cable internet access (wi fi in a lobby) .....<\/p><\/div><!-- .banner-wrap (end) --><\/div>\n<\/div><!-- .row (end) -->\n","protected":false},"excerpt":{"rendered":"","protected":false},"author":1,"featured_media":0,"parent":0,"menu_order":1,"comment_status":"closed","ping_status":"closed","template":"page-home.php","meta":[],"aioseo_notices":[],"_links":{"self":[{"href":"https:\/\/hotela1.lv\/ee\/wp-json\/wp\/v2\/pages\/6"}],"collection":[{"href":"https:\/\/hotela1.lv\/ee\/wp-json\/wp\/v2\/pages"}],"about":[{"href":"https:\/\/hotela1.lv\/ee\/wp-json\/wp\/v2\/types\/page"}],"author":[{"embeddable":true,"href":"https:\/\/hotela1.lv\/ee\/wp-json\/wp\/v2\/users\/1"}],"replies":[{"embeddable":true,"href":"https:\/\/hotela1.lv\/ee\/wp-json\/wp\/v2\/comments?post=6"}],"version-history":[{"count":0,"href":"https:\/\/hotela1.lv\/ee\/wp-json\/wp\/v2\/pages\/6\/revisions"}],"wp:attachment":[{"href":"https:\/\/hotela1.lv\/ee\/wp-json\/wp\/v2\/media?parent=6"}],"curies":[{"name":"wp","href":"https:\/\/api.w.org\/{rel}","templated":true}]}}