{"id":47,"date":"2015-12-09T11:00:40","date_gmt":"2015-12-09T11:00:40","guid":{"rendered":"https:\/\/hotela1.lv\/ee\/?page_id=47"},"modified":"2015-12-21T11:03:18","modified_gmt":"2015-12-21T09:03:18","slug":"peretuba","status":"publish","type":"page","link":"https:\/\/hotela1.lv\/ee\/toad-ja-hinnad\/peretuba","title":{"rendered":"Peretuba"},"content":{"rendered":"\n\t\t<style type=\"text\/css\">\n\t\t\t#gallery-1 {\n\t\t\t\tmargin: auto;\n\t\t\t}\n\t\t\t#gallery-1 .gallery-item {\n\t\t\t\tfloat: left;\n\t\t\t\tmargin-top: 10px;\n\t\t\t\ttext-align: center;\n\t\t\t\twidth: 33%;\n\t\t\t}\n\t\t\t#gallery-1 img {\n\t\t\t\tborder: 2px solid #cfcfcf;\n\t\t\t}\n\t\t\t#gallery-1 .gallery-caption {\n\t\t\t\tmargin-left: 0;\n\t\t\t}\n\t\t\t\/* see gallery_shortcode() in wp-includes\/media.php *\/\n\t\t<\/style>\n\t\t<div id='gallery-1' class='gallery galleryid-47 gallery-columns-3 gallery-size-medium'><dl class='gallery-item'>\n\t\t\t<dt class='gallery-icon landscape'>\n\t\t\t\t<a title=\"Family_room_01a\" href='https:\/\/hotela1.lv\/ee\/wp-content\/uploads\/sites\/4\/2015\/12\/Family_room_01a.jpg'><img width=\"300\" height=\"190\" src=\"https:\/\/hotela1.lv\/ee\/wp-content\/uploads\/sites\/4\/2015\/12\/Family_room_01a-300x190.jpg\" class=\"attachment-medium size-medium\" alt=\"\" loading=\"lazy\" srcset=\"https:\/\/hotela1.lv\/ee\/wp-content\/uploads\/sites\/4\/2015\/12\/Family_room_01a-300x190.jpg 300w, https:\/\/hotela1.lv\/ee\/wp-content\/uploads\/sites\/4\/2015\/12\/Family_room_01a.jpg 820w\" sizes=\"(max-width: 300px) 100vw, 300px\" \/><\/a>\n\t\t\t<\/dt><\/dl><dl class='gallery-item'>\n\t\t\t<dt class='gallery-icon landscape'>\n\t\t\t\t<a title=\"Peretuba\" href='https:\/\/hotela1.lv\/ee\/wp-content\/uploads\/sites\/4\/2015\/12\/Family_room_02.jpg'><img width=\"300\" height=\"190\" src=\"https:\/\/hotela1.lv\/ee\/wp-content\/uploads\/sites\/4\/2015\/12\/Family_room_02-300x190.jpg\" class=\"attachment-medium size-medium\" alt=\"\" loading=\"lazy\" srcset=\"https:\/\/hotela1.lv\/ee\/wp-content\/uploads\/sites\/4\/2015\/12\/Family_room_02-300x190.jpg 300w, https:\/\/hotela1.lv\/ee\/wp-content\/uploads\/sites\/4\/2015\/12\/Family_room_02.jpg 820w\" sizes=\"(max-width: 300px) 100vw, 300px\" \/><\/a>\n\t\t\t<\/dt><\/dl><dl class='gallery-item'>\n\t\t\t<dt class='gallery-icon landscape'>\n\t\t\t\t<a title=\"Family_room_02a\" href='https:\/\/hotela1.lv\/ee\/wp-content\/uploads\/sites\/4\/2015\/12\/Family_room_02a.jpg'><img width=\"300\" height=\"190\" src=\"https:\/\/hotela1.lv\/ee\/wp-content\/uploads\/sites\/4\/2015\/12\/Family_room_02a-300x190.jpg\" class=\"attachment-medium size-medium\" alt=\"\" loading=\"lazy\" srcset=\"https:\/\/hotela1.lv\/ee\/wp-content\/uploads\/sites\/4\/2015\/12\/Family_room_02a-300x190.jpg 300w, https:\/\/hotela1.lv\/ee\/wp-content\/uploads\/sites\/4\/2015\/12\/Family_room_02a.jpg 820w\" sizes=\"(max-width: 300px) 100vw, 300px\" \/><\/a>\n\t\t\t<\/dt><\/dl><br style=\"clear: both\" \/><dl class='gallery-item'>\n\t\t\t<dt class='gallery-icon landscape'>\n\t\t\t\t<a title=\"Peretuba\" href='https:\/\/hotela1.lv\/ee\/wp-content\/uploads\/sites\/4\/2015\/12\/Family_room_03.jpg'><img width=\"300\" height=\"190\" src=\"https:\/\/hotela1.lv\/ee\/wp-content\/uploads\/sites\/4\/2015\/12\/Family_room_03-300x190.jpg\" class=\"attachment-medium size-medium\" alt=\"\" loading=\"lazy\" srcset=\"https:\/\/hotela1.lv\/ee\/wp-content\/uploads\/sites\/4\/2015\/12\/Family_room_03-300x190.jpg 300w, https:\/\/hotela1.lv\/ee\/wp-content\/uploads\/sites\/4\/2015\/12\/Family_room_03.jpg 820w\" sizes=\"(max-width: 300px) 100vw, 300px\" \/><\/a>\n\t\t\t<\/dt><\/dl><dl class='gallery-item'>\n\t\t\t<dt class='gallery-icon landscape'>\n\t\t\t\t<a title=\"Peretuba\" href='https:\/\/hotela1.lv\/ee\/wp-content\/uploads\/sites\/4\/2015\/12\/Family_room_05.jpg'><img width=\"300\" height=\"190\" src=\"https:\/\/hotela1.lv\/ee\/wp-content\/uploads\/sites\/4\/2015\/12\/Family_room_05-300x190.jpg\" class=\"attachment-medium size-medium\" alt=\"\" loading=\"lazy\" srcset=\"https:\/\/hotela1.lv\/ee\/wp-content\/uploads\/sites\/4\/2015\/12\/Family_room_05-300x190.jpg 300w, https:\/\/hotela1.lv\/ee\/wp-content\/uploads\/sites\/4\/2015\/12\/Family_room_05.jpg 820w\" sizes=\"(max-width: 300px) 100vw, 300px\" \/><\/a>\n\t\t\t<\/dt><\/dl><dl class='gallery-item'>\n\t\t\t<dt class='gallery-icon landscape'>\n\t\t\t\t<a title=\"Peretuba\" href='https:\/\/hotela1.lv\/ee\/wp-content\/uploads\/sites\/4\/2015\/12\/Family_room_06.jpg'><img width=\"300\" height=\"190\" src=\"https:\/\/hotela1.lv\/ee\/wp-content\/uploads\/sites\/4\/2015\/12\/Family_room_06-300x190.jpg\" class=\"attachment-medium size-medium\" alt=\"\" loading=\"lazy\" srcset=\"https:\/\/hotela1.lv\/ee\/wp-content\/uploads\/sites\/4\/2015\/12\/Family_room_06-300x190.jpg 300w, https:\/\/hotela1.lv\/ee\/wp-content\/uploads\/sites\/4\/2015\/12\/Family_room_06.jpg 820w\" sizes=\"(max-width: 300px) 100vw, 300px\" \/><\/a>\n\t\t\t<\/dt><\/dl><br style=\"clear: both\" \/>\n\t\t<\/div>\n\n<p>&nbsp;<\/p>\n<p><strong>Igas numbritoas on:<\/strong><\/p>\n<ul>\n<li>2 kahekohalist voodit<\/li>\n<li>2 tugitooli<\/li>\n<li>Mugav kirjutuslaud tooliga<\/li>\n<li>Riidekapp<\/li>\n<li>K\u00fclmkapp<\/li>\n<li>SAT-TV<\/li>\n<li>Telefon<\/li>\n<li>Magnetv\u00f5ti<\/li>\n<li>Pagasi riiul<\/li>\n<li>Du\u0161\u0161<\/li>\n<li>Juuksekuivatusf\u00f6\u00f6n<\/li>\n<li>Juhtmega internet<\/li>\n<li>Tellimisel triikimislaud ja triikraud<\/li>\n<\/ul>\n","protected":false},"excerpt":{"rendered":"<p>&nbsp; Igas numbritoas on: 2 kahekohalist voodit 2 tugitooli Mugav kirjutuslaud tooliga Riidekapp K\u00fclmkapp SAT-TV Telefon Magnetv\u00f5ti Pagasi riiul Du\u0161\u0161 Juuksekuivatusf\u00f6\u00f6n Juhtmega internet Tellimisel triikimislaud ja triikraud<\/p>\n","protected":false},"author":1,"featured_media":0,"parent":33,"menu_order":5,"comment_status":"closed","ping_status":"closed","template":"","meta":[],"aioseo_notices":[],"_links":{"self":[{"href":"https:\/\/hotela1.lv\/ee\/wp-json\/wp\/v2\/pages\/47"}],"collection":[{"href":"https:\/\/hotela1.lv\/ee\/wp-json\/wp\/v2\/pages"}],"about":[{"href":"https:\/\/hotela1.lv\/ee\/wp-json\/wp\/v2\/types\/page"}],"author":[{"embeddable":true,"href":"https:\/\/hotela1.lv\/ee\/wp-json\/wp\/v2\/users\/1"}],"replies":[{"embeddable":true,"href":"https:\/\/hotela1.lv\/ee\/wp-json\/wp\/v2\/comments?post=47"}],"version-history":[{"count":0,"href":"https:\/\/hotela1.lv\/ee\/wp-json\/wp\/v2\/pages\/47\/revisions"}],"up":[{"embeddable":true,"href":"https:\/\/hotela1.lv\/ee\/wp-json\/wp\/v2\/pages\/33"}],"wp:attachment":[{"href":"https:\/\/hotela1.lv\/ee\/wp-json\/wp\/v2\/media?parent=47"}],"curies":[{"name":"wp","href":"https:\/\/api.w.org\/{rel}","templated":true}]}}