{"id":33,"date":"2015-12-09T09:00:50","date_gmt":"2015-12-09T09:00:50","guid":{"rendered":"https:\/\/hotela1.lv\/ee\/?page_id=33"},"modified":"2015-12-15T15:33:38","modified_gmt":"2015-12-15T13:33:38","slug":"toad-ja-hinnad","status":"publish","type":"page","link":"https:\/\/hotela1.lv\/ee\/toad-ja-hinnad","title":{"rendered":"Toad ja hinnad"},"content":{"rendered":"<h2><a href=\"\/ee\/toad-ja-hinnad\/uhekohaline-numbrituba\">\u00dchekohaline numbrituba<\/a> <a href=\"\/ee\/toad-ja-hinnad\/kahekohaline-numbrituba\">Kahekohaline numbrituba<\/a>\u00a0\u00a0 <a href=\"\/ee\/toad-ja-hinnad\/kolmekohaline-numbrituba\">Kolmekohaline numbrituba<\/a> \u00a0 <a href=\"\/ee\/toad-ja-hinnad\/lux-numbrituba\">Lux numbrituba<\/a> \u00a0 <a href=\"\/ee\/toad-ja-hinnad\/peretuba\">Peretuba<\/a><\/h2>\n<p><strong>Igas numbritoas on:<\/strong><\/p>\n<ul>\n<li>Kvaliteetsest materialist valmistatud voodid ning voodipesu<\/li>\n<li>Tasuta juurdep\u00e4\u00e4s LAN net\u00b4le<\/li>\n<li>Kirjutuslaud<\/li>\n<li>SAT-TV<\/li>\n<li>Otsevalimistelefon<\/li>\n<li>Juuksekuivatusf\u00f6\u00f6n<\/li>\n<li>Vannituba koos du\u0161\u0161iga<\/li>\n<li>Riiul pagasi hoidmiseks<\/li>\n<li>Tellimisel triikimislaud ja triikraud<\/li>\n<\/ul>\n<p><strong>Check \u2013 in\/ check \u2013 out:<\/strong><\/p>\n<ul>\n<li>Tuba kliendi k\u00e4sutuses alates (check-in) kella 14:00<\/li>\n<li>Toa loovutamine kuni kella 12:00<\/li>\n<\/ul>\n<p>Hinnas hommikus\u00f6\u00f6k ja KM 12%.<br \/>\nTasuda on v\u00f5imalik nii sularahas, kui VISA, VISA Electron, Maestro, Maestro Card kaardiga.<\/p>\n<p><strong>Soodustused:<\/strong><br \/>\nGruppidele pakume soodustusi (alates 10 inimesest).<br \/>\nTellides 10 ja rohkem numbrituba, pakume eraldi soodustusi.<br \/>\nHead hinnad pikaajalisel majutusel (miinimum 20 p\u00e4eva).<\/p>\n","protected":false},"excerpt":{"rendered":"<p>\u00dchekohaline numbrituba Kahekohaline numbrituba\u00a0\u00a0 Kolmekohaline numbrituba \u00a0 Lux numbrituba \u00a0 Peretuba Igas numbritoas on: Kvaliteetsest materialist valmistatud voodid ning voodipesu Tasuta juurdep\u00e4\u00e4s LAN net\u00b4le Kirjutuslaud SAT-TV Otsevalimistelefon Juuksekuivatusf\u00f6\u00f6n Vannituba koos du\u0161\u0161iga Riiul pagasi hoidmiseks Tellimisel triikimislaud ja triikraud Check \u2013 in\/ check \u2013 out: Tuba kliendi k\u00e4sutuses alates (check-in) kella 14:00 Toa loovutamine kuni kella 12:00 Hinnas hommikus\u00f6\u00f6k ja KM&nbsp;<a href=\"https:\/\/hotela1.lv\/ee\/toad-ja-hinnad\" class=\"read-more\">Continue Reading<\/a><\/p>\n","protected":false},"author":1,"featured_media":0,"parent":0,"menu_order":4,"comment_status":"closed","ping_status":"closed","template":"","meta":[],"aioseo_notices":[],"_links":{"self":[{"href":"https:\/\/hotela1.lv\/ee\/wp-json\/wp\/v2\/pages\/33"}],"collection":[{"href":"https:\/\/hotela1.lv\/ee\/wp-json\/wp\/v2\/pages"}],"about":[{"href":"https:\/\/hotela1.lv\/ee\/wp-json\/wp\/v2\/types\/page"}],"author":[{"embeddable":true,"href":"https:\/\/hotela1.lv\/ee\/wp-json\/wp\/v2\/users\/1"}],"replies":[{"embeddable":true,"href":"https:\/\/hotela1.lv\/ee\/wp-json\/wp\/v2\/comments?post=33"}],"version-history":[{"count":0,"href":"https:\/\/hotela1.lv\/ee\/wp-json\/wp\/v2\/pages\/33\/revisions"}],"wp:attachment":[{"href":"https:\/\/hotela1.lv\/ee\/wp-json\/wp\/v2\/media?parent=33"}],"curies":[{"name":"wp","href":"https:\/\/api.w.org\/{rel}","templated":true}]}}