{"id":16,"date":"2015-12-08T11:00:24","date_gmt":"2015-12-08T11:00:24","guid":{"rendered":"https:\/\/hotela1.lv\/ee\/?page_id=16"},"modified":"2018-06-01T23:11:15","modified_gmt":"2018-06-01T20:11:15","slug":"meie","status":"publish","type":"page","link":"https:\/\/hotela1.lv\/ee\/meie","title":{"rendered":"Meie"},"content":{"rendered":"<p><a href=\"https:\/\/hotela1.lv\/ee\/wp-content\/uploads\/sites\/4\/2015\/12\/A1_hotel.jpg\"><img loading=\"lazy\" class=\"size-full wp-image-72 alignleft\" src=\"https:\/\/hotela1.lv\/ee\/wp-content\/uploads\/sites\/4\/2015\/12\/A1_hotel.jpg\" alt=\"A1_hotel\" width=\"290\" height=\"240\" \/><\/a>Uus ja kaasaegne A1 hotell, asukohaga Riia kesklinnas, on avatud k\u00fclastajatele alates 2009\/ 2010 a. Hotell v\u00f5imaldab oma asukoha poolest viibida Riia linna s\u00fcndmuste keskmes \u2013 l\u00e4heduses asub vanalinn, erinevad muuseumid ja kontserdisaalid.<\/p>\n<p>Kaubanduskeskused paiknevad 10 \u2013 15 minuti jalutusk\u00e4igu kaugusel . Hotell asub A. \u010caka ja ja \u0122ertrudes t\u00e4nava ristmikul, sissep\u00e4\u00e4s \u0122ertrudes t\u00e4navalt. Hotell on ajaloolises hoones paiknedes selle kahel \u00fclemisel korrusel. Hoone esimestel korrustel asub piljardiklubi, baar, kuhu on teretulnud ka k\u00f5ik hotelli k\u00fclastajad, kes soovivad veeta oma vabaaega m\u00e4ngides pool\u00b4i, snuukerit, Vene piljardit.<\/p>\n<p>K\u00fclalislahke personal annab k\u00fclastajatele neile huvipakkuvat informatsiooni ning varustab vajadusel linnakaardiga. Administraatorilt on v\u00f5imalik saada informatsiooni Riias toimuvate \u00fcrituste kohta nii linnapiires kui mujal. Samuti saab n\u00f5u, kuidas k\u00e4ituda v\u00f5imaliku h\u00e4daabi korral.<\/p>\n<p>Hotellis A1 on 37 kaasaaegset ja hubast numbrituba: \u00fchekohalised, kahekohalised, kolmekohalised, kuid ka peretoad.<\/p>\n<p>Igas numbritoas on olemas SAT-TV, juhtmega internet ja telefon. Parima hinna-kvaliteedi suhtega A1 hotell pakub k\u00fclastajatele k\u00f5iki tingimusi heaks puhkuseks v\u00f5i \u00e4rireisiks.<br \/>\nHotellis on lubatud viibida koduloomadega.<br \/>\nMeie jaoks on oluline \u2013 et iga k\u00fclastaja meie hotellis tunneks ennast kui kodus ning on v\u00e4ga oodatud.<\/p>\n<p><strong>Kontaktid:<\/strong><br \/>\nHotell A1, \u0122ertr\u016bdes t\u00e4nav 48A,<br \/>\nRiia, LV-1011, L\u00e4ti<br \/>\nTel.: +371 67282942, faks: +371 67455041, e-posti aadress: info@hotela1.lv<\/p>\n","protected":false},"excerpt":{"rendered":"<p>Uus ja kaasaegne A1 hotell, asukohaga Riia kesklinnas, on avatud k\u00fclastajatele alates 2009\/ 2010 a. Hotell v\u00f5imaldab oma asukoha poolest viibida Riia linna s\u00fcndmuste keskmes \u2013 l\u00e4heduses asub vanalinn, erinevad muuseumid ja kontserdisaalid. Kaubanduskeskused paiknevad 10 \u2013 15 minuti jalutusk\u00e4igu kaugusel . Hotell asub A. \u010caka ja ja \u0122ertrudes t\u00e4nava ristmikul, sissep\u00e4\u00e4s \u0122ertrudes t\u00e4navalt. Hotell on ajaloolises hoones paiknedes selle&nbsp;<a href=\"https:\/\/hotela1.lv\/ee\/meie\" class=\"read-more\">Continue Reading<\/a><\/p>\n","protected":false},"author":1,"featured_media":0,"parent":0,"menu_order":2,"comment_status":"closed","ping_status":"closed","template":"","meta":[],"aioseo_notices":[],"_links":{"self":[{"href":"https:\/\/hotela1.lv\/ee\/wp-json\/wp\/v2\/pages\/16"}],"collection":[{"href":"https:\/\/hotela1.lv\/ee\/wp-json\/wp\/v2\/pages"}],"about":[{"href":"https:\/\/hotela1.lv\/ee\/wp-json\/wp\/v2\/types\/page"}],"author":[{"embeddable":true,"href":"https:\/\/hotela1.lv\/ee\/wp-json\/wp\/v2\/users\/1"}],"replies":[{"embeddable":true,"href":"https:\/\/hotela1.lv\/ee\/wp-json\/wp\/v2\/comments?post=16"}],"version-history":[{"count":0,"href":"https:\/\/hotela1.lv\/ee\/wp-json\/wp\/v2\/pages\/16\/revisions"}],"wp:attachment":[{"href":"https:\/\/hotela1.lv\/ee\/wp-json\/wp\/v2\/media?parent=16"}],"curies":[{"name":"wp","href":"https:\/\/api.w.org\/{rel}","templated":true}]}}