{"id":149,"date":"2015-12-15T12:00:54","date_gmt":"2015-12-15T10:00:54","guid":{"rendered":"https:\/\/hotela1.lv\/ee\/?page_id=149"},"modified":"2018-05-30T21:53:25","modified_gmt":"2018-05-30T18:53:25","slug":"kontaktid","status":"publish","type":"page","link":"https:\/\/hotela1.lv\/ee\/meie\/kontaktid","title":{"rendered":"Kontaktid"},"content":{"rendered":"<div class=\"row \">\n<div class=\"span12 \"><div class=\"google-map\"><iframe src=\"http:\/\/maps.google.com\/maps\/ms?ie=UTF8&amp;hl=en&amp;msa=0&amp;msid=113903381485161155051.00046d8ad5a1955581303&amp;ll=56.95285,24.132607&amp;spn=0.014042,0.051498&amp;z=14&amp;output=embed\" frameborder=\"0\" width=\"100%\" height=\"300\" marginwidth=\"0\" marginheight=\"0\" scrolling=\"no\"><\/iframe><\/div><\/div>\n<div class=\"span4 \"><h2>Kontaktid<\/h2>\n<p>Uus ja kaasaegne A1 hotell, asukohaga Riia kesklinnas, on avatud k\u00fclastajatele alates 2009\/ 2010 a.<\/p>\n<p>Hotell v\u00f5imaldab oma asukoha poolest viibida Riia linna s\u00fcndmuste keskmes \u2013 l\u00e4heduses asub vanalinn, erinevad muuseumid ja kontserdisaalid. Kaubanduskeskused paiknevad 10 \u2013 15  minuti jalutusk\u00e4igu kaugusel .<br \/><\/div>\n<div class=\"span8 \"><address>\n<h2>Hotell A1<\/h2>\n<p><strong>\u0122ertr\u016bdes t\u00e4nav 48A,<\/strong><br \/>\nRiia, LV-1011, L\u00e4ti<br \/>\nTel: +371 <strong>67282942<\/strong><br \/>\nFAX: +371 67455041<br \/>\nE-mail: <a href=\"mailto:info@hotela1.lv\">info@hotela1.lv<\/a><br \/>\n<\/address><!-- address (end) --><\/div>\n<\/div><!-- .row (end) -->\n","protected":false},"excerpt":{"rendered":"","protected":false},"author":1,"featured_media":0,"parent":16,"menu_order":1,"comment_status":"closed","ping_status":"closed","template":"page-fullwidth.php","meta":[],"aioseo_notices":[],"_links":{"self":[{"href":"https:\/\/hotela1.lv\/ee\/wp-json\/wp\/v2\/pages\/149"}],"collection":[{"href":"https:\/\/hotela1.lv\/ee\/wp-json\/wp\/v2\/pages"}],"about":[{"href":"https:\/\/hotela1.lv\/ee\/wp-json\/wp\/v2\/types\/page"}],"author":[{"embeddable":true,"href":"https:\/\/hotela1.lv\/ee\/wp-json\/wp\/v2\/users\/1"}],"replies":[{"embeddable":true,"href":"https:\/\/hotela1.lv\/ee\/wp-json\/wp\/v2\/comments?post=149"}],"version-history":[{"count":0,"href":"https:\/\/hotela1.lv\/ee\/wp-json\/wp\/v2\/pages\/149\/revisions"}],"up":[{"embeddable":true,"href":"https:\/\/hotela1.lv\/ee\/wp-json\/wp\/v2\/pages\/16"}],"wp:attachment":[{"href":"https:\/\/hotela1.lv\/ee\/wp-json\/wp\/v2\/media?parent=149"}],"curies":[{"name":"wp","href":"https:\/\/api.w.org\/{rel}","templated":true}]}}