{"id":14,"date":"2015-12-08T10:00:47","date_gmt":"2015-12-08T10:00:47","guid":{"rendered":"https:\/\/hotela1.lv\/ee\/?page_id=14"},"modified":"2015-12-15T15:46:51","modified_gmt":"2015-12-15T13:46:51","slug":"teenused","status":"publish","type":"page","link":"https:\/\/hotela1.lv\/ee\/teenused","title":{"rendered":"Teenused"},"content":{"rendered":"<ul>\n<li>\u00f6\u00f6p\u00e4evaringne k\u00fclastajate vastuv\u00f5tt<\/li>\n<li>varajane registreerimine hotelli (etteteatamisel)<\/li>\n<li>Pagasi hoiuruum<\/li>\n<li>Dokumentide, v\u00e4\u00e4risasjade hoiustamine retseptsiooni \u0161eifis<\/li>\n<li>Triikraua ja triikimislaua kasutamine<\/li>\n<li>Informatsioon \u00fcritustest Riias ja mujal<\/li>\n<li>Linnakaart<\/li>\n<li>Takso tellimine<\/li>\n<li>Pagasi toimetamine numbrituppa (ajaloolises hoones puudub v\u00f5imalus lifti sisseseadmiseks)<\/li>\n<li>Klientide transport lennujaamast ja tagasi (lisatasu eest)<\/li>\n<li>Faksi ja paljundusmasina kasutamise v\u00f5imalus<\/li>\n<li>Info ilmateate kohta<\/li>\n<li>Lastevoodi (tellimisel)<\/li>\n<\/ul>\n","protected":false},"excerpt":{"rendered":"<p>\u00f6\u00f6p\u00e4evaringne k\u00fclastajate vastuv\u00f5tt varajane registreerimine hotelli (etteteatamisel) Pagasi hoiuruum Dokumentide, v\u00e4\u00e4risasjade hoiustamine retseptsiooni \u0161eifis Triikraua ja triikimislaua kasutamine Informatsioon \u00fcritustest Riias ja mujal Linnakaart Takso tellimine Pagasi toimetamine numbrituppa (ajaloolises hoones puudub v\u00f5imalus lifti sisseseadmiseks) Klientide transport lennujaamast ja tagasi (lisatasu eest) Faksi ja paljundusmasina kasutamise v\u00f5imalus Info ilmateate kohta Lastevoodi (tellimisel)<\/p>\n","protected":false},"author":1,"featured_media":0,"parent":0,"menu_order":5,"comment_status":"closed","ping_status":"closed","template":"","meta":[],"aioseo_notices":[],"_links":{"self":[{"href":"https:\/\/hotela1.lv\/ee\/wp-json\/wp\/v2\/pages\/14"}],"collection":[{"href":"https:\/\/hotela1.lv\/ee\/wp-json\/wp\/v2\/pages"}],"about":[{"href":"https:\/\/hotela1.lv\/ee\/wp-json\/wp\/v2\/types\/page"}],"author":[{"embeddable":true,"href":"https:\/\/hotela1.lv\/ee\/wp-json\/wp\/v2\/users\/1"}],"replies":[{"embeddable":true,"href":"https:\/\/hotela1.lv\/ee\/wp-json\/wp\/v2\/comments?post=14"}],"version-history":[{"count":0,"href":"https:\/\/hotela1.lv\/ee\/wp-json\/wp\/v2\/pages\/14\/revisions"}],"wp:attachment":[{"href":"https:\/\/hotela1.lv\/ee\/wp-json\/wp\/v2\/media?parent=14"}],"curies":[{"name":"wp","href":"https:\/\/api.w.org\/{rel}","templated":true}]}}